{"id":1606,"date":"2025-10-24T18:07:50","date_gmt":"2025-10-24T16:07:50","guid":{"rendered":"https:\/\/www.festivalaudace.fr\/?page_id=1606"},"modified":"2026-03-25T12:16:02","modified_gmt":"2026-03-25T11:16:02","slug":"presse","status":"publish","type":"page","link":"https:\/\/www.festivalaudace.fr\/index.php\/presse\/","title":{"rendered":"Presse"},"content":{"rendered":"\t\t<div data-elementor-type=\"wp-page\" data-elementor-id=\"1606\" class=\"elementor elementor-1606\">\n\t\t\t\t<div class=\"elementor-element elementor-element-08f8b98 e-flex e-con-boxed e-con e-parent\" data-id=\"08f8b98\" data-element_type=\"container\">\n\t\t\t\t\t<div class=\"e-con-inner\">\n\t\t\t\t<div class=\"elementor-element elementor-element-868a11c elementor-widget elementor-widget-text-editor\" data-id=\"868a11c\" data-element_type=\"widget\" data-widget_type=\"text-editor.default\">\n\t\t\t\t<div class=\"elementor-widget-container\">\n\t\t\t\t\t\t\t\t\t<p>Interview @TV78 Catherine Lenne Jeudi 2 octobre 2025<\/p>\t\t\t\t\t\t\t\t<\/div>\n\t\t\t\t<\/div>\n\t\t\t\t<div class=\"elementor-element elementor-element-834227d elementor-widget elementor-widget-video\" data-id=\"834227d\" data-element_type=\"widget\" data-settings=\"{&quot;video_type&quot;:&quot;hosted&quot;,&quot;controls&quot;:&quot;yes&quot;}\" data-widget_type=\"video.default\">\n\t\t\t\t<div class=\"elementor-widget-container\">\n\t\t\t\t\t\t\t<div class=\"e-hosted-video elementor-wrapper elementor-open-inline\">\n\t\t\t\t\t<video class=\"elementor-video\" src=\"https:\/\/www.festivalaudace.fr\/wp-content\/uploads\/2025\/10\/Interview-Festival-de-laudace.mp4\" controls=\"\" preload=\"metadata\" controlsList=\"nodownload\"><\/video>\n\t\t\t\t<\/div>\n\t\t\t\t\t\t<\/div>\n\t\t\t\t<\/div>\n\t\t\t\t\t<\/div>\n\t\t\t\t<\/div>\n\t\t<div class=\"elementor-element elementor-element-9229f07 e-grid e-con-boxed e-con e-parent\" data-id=\"9229f07\" data-element_type=\"container\">\n\t\t\t\t\t<div class=\"e-con-inner\">\n\t\t\t\t<div class=\"elementor-element elementor-element-a400923 elementor-widget elementor-widget-image\" data-id=\"a400923\" data-element_type=\"widget\" data-widget_type=\"image.default\">\n\t\t\t\t<div class=\"elementor-widget-container\">\n\t\t\t\t\t\t\t\t\t\t\t\t\t\t\t<img fetchpriority=\"high\" decoding=\"async\" width=\"1024\" height=\"406\" src=\"https:\/\/www.festivalaudace.fr\/wp-content\/uploads\/2026\/03\/SQY-MAG-septembre-2025-1024x406.jpg\" class=\"attachment-large size-large wp-image-2375\" alt=\"\" srcset=\"https:\/\/www.festivalaudace.fr\/wp-content\/uploads\/2026\/03\/SQY-MAG-septembre-2025-1024x406.jpg 1024w, https:\/\/www.festivalaudace.fr\/wp-content\/uploads\/2026\/03\/SQY-MAG-septembre-2025-300x119.jpg 300w, https:\/\/www.festivalaudace.fr\/wp-content\/uploads\/2026\/03\/SQY-MAG-septembre-2025-768x304.jpg 768w, https:\/\/www.festivalaudace.fr\/wp-content\/uploads\/2026\/03\/SQY-MAG-septembre-2025.jpg 1376w\" sizes=\"(max-width: 1024px) 100vw, 1024px\" \/>\t\t\t\t\t\t\t\t\t\t\t\t\t\t\t<\/div>\n\t\t\t\t<\/div>\n\t\t\t\t<div class=\"elementor-element elementor-element-4c694a5 elementor-widget elementor-widget-image\" data-id=\"4c694a5\" data-element_type=\"widget\" data-widget_type=\"image.default\">\n\t\t\t\t<div class=\"elementor-widget-container\">\n\t\t\t\t\t\t\t\t\t\t\t\t\t\t\t<img decoding=\"async\" width=\"1024\" height=\"561\" src=\"https:\/\/www.festivalaudace.fr\/wp-content\/uploads\/2025\/10\/Newsletter-FNCTA-92-1024x561.jpeg\" class=\"attachment-large size-large wp-image-1630\" alt=\"\" srcset=\"https:\/\/www.festivalaudace.fr\/wp-content\/uploads\/2025\/10\/Newsletter-FNCTA-92-1024x561.jpeg 1024w, https:\/\/www.festivalaudace.fr\/wp-content\/uploads\/2025\/10\/Newsletter-FNCTA-92-300x164.jpeg 300w, https:\/\/www.festivalaudace.fr\/wp-content\/uploads\/2025\/10\/Newsletter-FNCTA-92-768x421.jpeg 768w, https:\/\/www.festivalaudace.fr\/wp-content\/uploads\/2025\/10\/Newsletter-FNCTA-92.jpeg 1048w\" sizes=\"(max-width: 1024px) 100vw, 1024px\" \/>\t\t\t\t\t\t\t\t\t\t\t\t\t\t\t<\/div>\n\t\t\t\t<\/div>\n\t\t\t\t\t<\/div>\n\t\t\t\t<\/div>\n\t\t<div class=\"elementor-element elementor-element-a9091c1 e-grid e-con-boxed e-con e-parent\" data-id=\"a9091c1\" data-element_type=\"container\">\n\t\t\t\t\t<div class=\"e-con-inner\">\n\t\t\t\t<div class=\"elementor-element elementor-element-22c4a79 elementor-widget elementor-widget-image\" data-id=\"22c4a79\" data-element_type=\"widget\" data-widget_type=\"image.default\">\n\t\t\t\t<div class=\"elementor-widget-container\">\n\t\t\t\t\t\t\t\t\t\t\t\t\t\t\t<img decoding=\"async\" src=\"https:\/\/www.festivalaudace.fr\/wp-content\/uploads\/2025\/10\/Capture-decran-2025-05-29-a-22.35.32.png\" title=\"Capture d\u2019e\u0301cran 2025-05-29 a\u0300 22.35.32\" alt=\"Capture d\u2019e\u0301cran 2025-05-29 a\u0300 22.35.32\" loading=\"lazy\" \/>\t\t\t\t\t\t\t\t\t\t\t\t\t\t\t<\/div>\n\t\t\t\t<\/div>\n\t\t\t\t<div class=\"elementor-element elementor-element-4cfcfab elementor-widget elementor-widget-image\" data-id=\"4cfcfab\" data-element_type=\"widget\" data-widget_type=\"image.default\">\n\t\t\t\t<div class=\"elementor-widget-container\">\n\t\t\t\t\t\t\t\t\t\t\t\t\t\t\t<img decoding=\"async\" width=\"729\" height=\"1024\" src=\"https:\/\/www.festivalaudace.fr\/wp-content\/uploads\/2025\/10\/Capture-decran-2025-10-30-a-00.23.00-729x1024.png\" class=\"attachment-large size-large wp-image-1957\" alt=\"\" srcset=\"https:\/\/www.festivalaudace.fr\/wp-content\/uploads\/2025\/10\/Capture-decran-2025-10-30-a-00.23.00-729x1024.png 729w, https:\/\/www.festivalaudace.fr\/wp-content\/uploads\/2025\/10\/Capture-decran-2025-10-30-a-00.23.00-214x300.png 214w, https:\/\/www.festivalaudace.fr\/wp-content\/uploads\/2025\/10\/Capture-decran-2025-10-30-a-00.23.00-768x1079.png 768w, https:\/\/www.festivalaudace.fr\/wp-content\/uploads\/2025\/10\/Capture-decran-2025-10-30-a-00.23.00.png 924w\" sizes=\"(max-width: 729px) 100vw, 729px\" \/>\t\t\t\t\t\t\t\t\t\t\t\t\t\t\t<\/div>\n\t\t\t\t<\/div>\n\t\t\t\t\t<\/div>\n\t\t\t\t<\/div>\n\t\t<div class=\"elementor-element elementor-element-9aa90cf e-flex e-con-boxed e-con e-parent\" data-id=\"9aa90cf\" data-element_type=\"container\">\n\t\t\t\t\t<div class=\"e-con-inner\">\n\t\t\t\t<div class=\"elementor-element elementor-element-6e1cee7 elementor-widget elementor-widget-text-editor\" data-id=\"6e1cee7\" data-element_type=\"widget\" data-widget_type=\"text-editor.default\">\n\t\t\t\t<div class=\"elementor-widget-container\">\n\t\t\t\t\t\t\t\t\t<div dir=\"ltr\">Un grand merci \u00e0 toute l\u2019\u00e9quipe pour nous avoir fait d\u00e9couvrir ces 5 spectacles que nous avons tous aim\u00e9s.<\/div><div dir=\"ltr\">S\u2019il n\u2019y avait pas eu le festival nous ne nous serions pas risqu\u00e9s sur certaines pi\u00e8ces.<\/div><div dir=\"ltr\">Gr\u00e2ce \u00e0 vous nous serons maintenant plus audacieux dans nos choix. <img decoding=\"async\" class=\"emoji\" role=\"img\" draggable=\"false\" src=\"https:\/\/s.w.org\/images\/core\/emoji\/16.0.1\/svg\/1f64f.svg\" alt=\"\ud83d\ude4f\" \/><\/div><div dir=\"ltr\">On attend d\u00e9j\u00e0 la deuxi\u00e8me \u00e9dition<\/div><div dir=\"ltr\">A bient\u00f4t<\/div><div dir=\"ltr\">Brigitte et Michel, 2 spectateurs qui ont pris le pass 5 pi\u00e8ces \ud83d\ude09 !<\/div>\t\t\t\t\t\t\t\t<\/div>\n\t\t\t\t<\/div>\n\t\t\t\t<div class=\"elementor-element elementor-element-37fcadb elementor-widget elementor-widget-text-editor\" data-id=\"37fcadb\" data-element_type=\"widget\" data-widget_type=\"text-editor.default\">\n\t\t\t\t<div class=\"elementor-widget-container\">\n\t\t\t\t\t\t\t\t\t<div dir=\"ltr\">Bravo \u00e0 vous \ud83d\udc4f<\/div><div dir=\"ltr\">Super initiative !<\/div><div dir=\"ltr\">Jacky<\/div>\t\t\t\t\t\t\t\t<\/div>\n\t\t\t\t<\/div>\n\t\t\t\t\t<\/div>\n\t\t\t\t<\/div>\n\t\t\t\t<\/div>\n\t\t","protected":false},"excerpt":{"rendered":"<p>Interview @TV78 Catherine Lenne Jeudi 2 octobre 2025 https:\/\/www.festivalaudace.fr\/wp-content\/uploads\/2025\/10\/Interview-Festival-de-laudace.mp4 Un grand merci \u00e0 toute l\u2019\u00e9quipe pour nous avoir fait d\u00e9couvrir ces 5 spectacles que nous avons tous aim\u00e9s.S\u2019il n\u2019y avait pas eu le festival nous ne nous serions pas risqu\u00e9s sur certaines pi\u00e8ces.Gr\u00e2ce \u00e0 vous nous serons maintenant plus audacieux dans nos choix. On attend [&hellip;]<\/p>\n","protected":false},"author":2,"featured_media":0,"parent":0,"menu_order":0,"comment_status":"closed","ping_status":"closed","template":"","meta":{"footnotes":""},"class_list":["post-1606","page","type-page","status-publish","hentry"],"yoast_head":"<!-- This site is optimized with the Yoast SEO plugin v25.6 - https:\/\/yoast.com\/wordpress\/plugins\/seo\/ -->\n<title>Presse - Le Festival de l&#039;audace<\/title>\n<meta name=\"robots\" content=\"index, follow, max-snippet:-1, max-image-preview:large, max-video-preview:-1\" \/>\n<link rel=\"canonical\" href=\"https:\/\/www.festivalaudace.fr\/index.php\/presse\/\" \/>\n<meta property=\"og:locale\" content=\"fr_FR\" \/>\n<meta property=\"og:type\" content=\"article\" \/>\n<meta property=\"og:title\" content=\"Presse - Le Festival de l&#039;audace\" \/>\n<meta property=\"og:description\" content=\"Interview @TV78 Catherine Lenne Jeudi 2 octobre 2025 https:\/\/www.festivalaudace.fr\/wp-content\/uploads\/2025\/10\/Interview-Festival-de-laudace.mp4 Un grand merci \u00e0 toute l\u2019\u00e9quipe pour nous avoir fait d\u00e9couvrir ces 5 spectacles que nous avons tous aim\u00e9s.S\u2019il n\u2019y avait pas eu le festival nous ne nous serions pas risqu\u00e9s sur certaines pi\u00e8ces.Gr\u00e2ce \u00e0 vous nous serons maintenant plus audacieux dans nos choix. On attend [&hellip;]\" \/>\n<meta property=\"og:url\" content=\"https:\/\/www.festivalaudace.fr\/index.php\/presse\/\" \/>\n<meta property=\"og:site_name\" content=\"Le Festival de l&#039;audace\" \/>\n<meta property=\"article:publisher\" content=\"https:\/\/www.facebook.com\/LeFestivaldelaudace\/\" \/>\n<meta property=\"article:modified_time\" content=\"2026-03-25T11:16:02+00:00\" \/>\n<meta property=\"og:image\" content=\"https:\/\/www.festivalaudace.fr\/wp-content\/uploads\/2026\/03\/SQY-MAG-septembre-2025.jpg\" \/>\n\t<meta property=\"og:image:width\" content=\"1376\" \/>\n\t<meta property=\"og:image:height\" content=\"545\" \/>\n\t<meta property=\"og:image:type\" content=\"image\/jpeg\" \/>\n<meta name=\"twitter:card\" content=\"summary_large_image\" \/>\n<meta name=\"twitter:label1\" content=\"Dur\u00e9e de lecture estim\u00e9e\" \/>\n\t<meta name=\"twitter:data1\" content=\"2 minutes\" \/>\n<script type=\"application\/ld+json\" class=\"yoast-schema-graph\">{\"@context\":\"https:\/\/schema.org\",\"@graph\":[{\"@type\":\"WebPage\",\"@id\":\"https:\/\/www.festivalaudace.fr\/index.php\/presse\/\",\"url\":\"https:\/\/www.festivalaudace.fr\/index.php\/presse\/\",\"name\":\"Presse - Le Festival de l&#039;audace\",\"isPartOf\":{\"@id\":\"https:\/\/www.festivalaudace.fr\/#website\"},\"primaryImageOfPage\":{\"@id\":\"https:\/\/www.festivalaudace.fr\/index.php\/presse\/#primaryimage\"},\"image\":{\"@id\":\"https:\/\/www.festivalaudace.fr\/index.php\/presse\/#primaryimage\"},\"thumbnailUrl\":\"https:\/\/www.festivalaudace.fr\/wp-content\/uploads\/2026\/03\/SQY-MAG-septembre-2025-1024x406.jpg\",\"datePublished\":\"2025-10-24T16:07:50+00:00\",\"dateModified\":\"2026-03-25T11:16:02+00:00\",\"breadcrumb\":{\"@id\":\"https:\/\/www.festivalaudace.fr\/index.php\/presse\/#breadcrumb\"},\"inLanguage\":\"fr-FR\",\"potentialAction\":[{\"@type\":\"ReadAction\",\"target\":[\"https:\/\/www.festivalaudace.fr\/index.php\/presse\/\"]}]},{\"@type\":\"ImageObject\",\"inLanguage\":\"fr-FR\",\"@id\":\"https:\/\/www.festivalaudace.fr\/index.php\/presse\/#primaryimage\",\"url\":\"https:\/\/www.festivalaudace.fr\/wp-content\/uploads\/2026\/03\/SQY-MAG-septembre-2025.jpg\",\"contentUrl\":\"https:\/\/www.festivalaudace.fr\/wp-content\/uploads\/2026\/03\/SQY-MAG-septembre-2025.jpg\",\"width\":1376,\"height\":545},{\"@type\":\"BreadcrumbList\",\"@id\":\"https:\/\/www.festivalaudace.fr\/index.php\/presse\/#breadcrumb\",\"itemListElement\":[{\"@type\":\"ListItem\",\"position\":1,\"name\":\"Accueil\",\"item\":\"https:\/\/www.festivalaudace.fr\/\"},{\"@type\":\"ListItem\",\"position\":2,\"name\":\"Presse\"}]},{\"@type\":\"WebSite\",\"@id\":\"https:\/\/www.festivalaudace.fr\/#website\",\"url\":\"https:\/\/www.festivalaudace.fr\/\",\"name\":\"Le Festival de l'audace\",\"description\":\"\",\"publisher\":{\"@id\":\"https:\/\/www.festivalaudace.fr\/#organization\"},\"potentialAction\":[{\"@type\":\"SearchAction\",\"target\":{\"@type\":\"EntryPoint\",\"urlTemplate\":\"https:\/\/www.festivalaudace.fr\/?s={search_term_string}\"},\"query-input\":{\"@type\":\"PropertyValueSpecification\",\"valueRequired\":true,\"valueName\":\"search_term_string\"}}],\"inLanguage\":\"fr-FR\"},{\"@type\":\"Organization\",\"@id\":\"https:\/\/www.festivalaudace.fr\/#organization\",\"name\":\"Le Festival de l'audace\",\"url\":\"https:\/\/www.festivalaudace.fr\/\",\"logo\":{\"@type\":\"ImageObject\",\"inLanguage\":\"fr-FR\",\"@id\":\"https:\/\/www.festivalaudace.fr\/#\/schema\/logo\/image\/\",\"url\":\"https:\/\/www.festivalaudace.fr\/wp-content\/uploads\/2025\/07\/cropped-logo-festival-audace.png\",\"contentUrl\":\"https:\/\/www.festivalaudace.fr\/wp-content\/uploads\/2025\/07\/cropped-logo-festival-audace.png\",\"width\":512,\"height\":512,\"caption\":\"Le Festival de l'audace\"},\"image\":{\"@id\":\"https:\/\/www.festivalaudace.fr\/#\/schema\/logo\/image\/\"},\"sameAs\":[\"https:\/\/www.facebook.com\/LeFestivaldelaudace\/\"]}]}<\/script>\n<!-- \/ Yoast SEO plugin. -->","yoast_head_json":{"title":"Presse - Le Festival de l&#039;audace","robots":{"index":"index","follow":"follow","max-snippet":"max-snippet:-1","max-image-preview":"max-image-preview:large","max-video-preview":"max-video-preview:-1"},"canonical":"https:\/\/www.festivalaudace.fr\/index.php\/presse\/","og_locale":"fr_FR","og_type":"article","og_title":"Presse - Le Festival de l&#039;audace","og_description":"Interview @TV78 Catherine Lenne Jeudi 2 octobre 2025 https:\/\/www.festivalaudace.fr\/wp-content\/uploads\/2025\/10\/Interview-Festival-de-laudace.mp4 Un grand merci \u00e0 toute l\u2019\u00e9quipe pour nous avoir fait d\u00e9couvrir ces 5 spectacles que nous avons tous aim\u00e9s.S\u2019il n\u2019y avait pas eu le festival nous ne nous serions pas risqu\u00e9s sur certaines pi\u00e8ces.Gr\u00e2ce \u00e0 vous nous serons maintenant plus audacieux dans nos choix. On attend [&hellip;]","og_url":"https:\/\/www.festivalaudace.fr\/index.php\/presse\/","og_site_name":"Le Festival de l&#039;audace","article_publisher":"https:\/\/www.facebook.com\/LeFestivaldelaudace\/","article_modified_time":"2026-03-25T11:16:02+00:00","og_image":[{"width":1376,"height":545,"url":"https:\/\/www.festivalaudace.fr\/wp-content\/uploads\/2026\/03\/SQY-MAG-septembre-2025.jpg","type":"image\/jpeg"}],"twitter_card":"summary_large_image","twitter_misc":{"Dur\u00e9e de lecture estim\u00e9e":"2 minutes"},"schema":{"@context":"https:\/\/schema.org","@graph":[{"@type":"WebPage","@id":"https:\/\/www.festivalaudace.fr\/index.php\/presse\/","url":"https:\/\/www.festivalaudace.fr\/index.php\/presse\/","name":"Presse - Le Festival de l&#039;audace","isPartOf":{"@id":"https:\/\/www.festivalaudace.fr\/#website"},"primaryImageOfPage":{"@id":"https:\/\/www.festivalaudace.fr\/index.php\/presse\/#primaryimage"},"image":{"@id":"https:\/\/www.festivalaudace.fr\/index.php\/presse\/#primaryimage"},"thumbnailUrl":"https:\/\/www.festivalaudace.fr\/wp-content\/uploads\/2026\/03\/SQY-MAG-septembre-2025-1024x406.jpg","datePublished":"2025-10-24T16:07:50+00:00","dateModified":"2026-03-25T11:16:02+00:00","breadcrumb":{"@id":"https:\/\/www.festivalaudace.fr\/index.php\/presse\/#breadcrumb"},"inLanguage":"fr-FR","potentialAction":[{"@type":"ReadAction","target":["https:\/\/www.festivalaudace.fr\/index.php\/presse\/"]}]},{"@type":"ImageObject","inLanguage":"fr-FR","@id":"https:\/\/www.festivalaudace.fr\/index.php\/presse\/#primaryimage","url":"https:\/\/www.festivalaudace.fr\/wp-content\/uploads\/2026\/03\/SQY-MAG-septembre-2025.jpg","contentUrl":"https:\/\/www.festivalaudace.fr\/wp-content\/uploads\/2026\/03\/SQY-MAG-septembre-2025.jpg","width":1376,"height":545},{"@type":"BreadcrumbList","@id":"https:\/\/www.festivalaudace.fr\/index.php\/presse\/#breadcrumb","itemListElement":[{"@type":"ListItem","position":1,"name":"Accueil","item":"https:\/\/www.festivalaudace.fr\/"},{"@type":"ListItem","position":2,"name":"Presse"}]},{"@type":"WebSite","@id":"https:\/\/www.festivalaudace.fr\/#website","url":"https:\/\/www.festivalaudace.fr\/","name":"Le Festival de l'audace","description":"","publisher":{"@id":"https:\/\/www.festivalaudace.fr\/#organization"},"potentialAction":[{"@type":"SearchAction","target":{"@type":"EntryPoint","urlTemplate":"https:\/\/www.festivalaudace.fr\/?s={search_term_string}"},"query-input":{"@type":"PropertyValueSpecification","valueRequired":true,"valueName":"search_term_string"}}],"inLanguage":"fr-FR"},{"@type":"Organization","@id":"https:\/\/www.festivalaudace.fr\/#organization","name":"Le Festival de l'audace","url":"https:\/\/www.festivalaudace.fr\/","logo":{"@type":"ImageObject","inLanguage":"fr-FR","@id":"https:\/\/www.festivalaudace.fr\/#\/schema\/logo\/image\/","url":"https:\/\/www.festivalaudace.fr\/wp-content\/uploads\/2025\/07\/cropped-logo-festival-audace.png","contentUrl":"https:\/\/www.festivalaudace.fr\/wp-content\/uploads\/2025\/07\/cropped-logo-festival-audace.png","width":512,"height":512,"caption":"Le Festival de l'audace"},"image":{"@id":"https:\/\/www.festivalaudace.fr\/#\/schema\/logo\/image\/"},"sameAs":["https:\/\/www.facebook.com\/LeFestivaldelaudace\/"]}]}},"_links":{"self":[{"href":"https:\/\/www.festivalaudace.fr\/index.php\/wp-json\/wp\/v2\/pages\/1606","targetHints":{"allow":["GET"]}}],"collection":[{"href":"https:\/\/www.festivalaudace.fr\/index.php\/wp-json\/wp\/v2\/pages"}],"about":[{"href":"https:\/\/www.festivalaudace.fr\/index.php\/wp-json\/wp\/v2\/types\/page"}],"author":[{"embeddable":true,"href":"https:\/\/www.festivalaudace.fr\/index.php\/wp-json\/wp\/v2\/users\/2"}],"replies":[{"embeddable":true,"href":"https:\/\/www.festivalaudace.fr\/index.php\/wp-json\/wp\/v2\/comments?post=1606"}],"version-history":[{"count":145,"href":"https:\/\/www.festivalaudace.fr\/index.php\/wp-json\/wp\/v2\/pages\/1606\/revisions"}],"predecessor-version":[{"id":2405,"href":"https:\/\/www.festivalaudace.fr\/index.php\/wp-json\/wp\/v2\/pages\/1606\/revisions\/2405"}],"wp:attachment":[{"href":"https:\/\/www.festivalaudace.fr\/index.php\/wp-json\/wp\/v2\/media?parent=1606"}],"curies":[{"name":"wp","href":"https:\/\/api.w.org\/{rel}","templated":true}]}}