{"id":174,"date":"2025-07-10T20:17:12","date_gmt":"2025-07-10T18:17:12","guid":{"rendered":"https:\/\/festivalaudace.fr\/?page_id=174"},"modified":"2026-03-24T16:57:48","modified_gmt":"2026-03-24T15:57:48","slug":"lequipe","status":"publish","type":"page","link":"https:\/\/www.festivalaudace.fr\/index.php\/lequipe\/","title":{"rendered":"L&rsquo;\u00e9quipe"},"content":{"rendered":"\t\t<div data-elementor-type=\"wp-page\" data-elementor-id=\"174\" class=\"elementor elementor-174\">\n\t\t\t\t<div class=\"elementor-element elementor-element-8d414a3 e-con-full e-flex e-con e-child\" data-id=\"8d414a3\" data-element_type=\"container\">\n\t\t\t\t<div class=\"elementor-element elementor-element-b4ad85c elementor-widget elementor-widget-heading\" data-id=\"b4ad85c\" data-element_type=\"widget\" data-widget_type=\"heading.default\">\n\t\t\t\t<div class=\"elementor-widget-container\">\n\t\t\t\t\t<h1 class=\"elementor-heading-title elementor-size-default\">Notre \u00e9quipe passionn\u00e9e <\/h1>\t\t\t\t<\/div>\n\t\t\t\t<\/div>\n\t\t\t\t<div class=\"elementor-element elementor-element-ea8b1d0 elementor-widget elementor-widget-text-editor\" data-id=\"ea8b1d0\" data-element_type=\"widget\" data-widget_type=\"text-editor.default\">\n\t\t\t\t<div class=\"elementor-widget-container\">\n\t\t\t\t\t\t\t\t\t<p>les audacieuses et les audacieux<\/p>\t\t\t\t\t\t\t\t<\/div>\n\t\t\t\t<\/div>\n\t\t\t\t<\/div>\n\t\t<div class=\"elementor-element elementor-element-f26359c e-con-full e-flex e-con e-child\" data-id=\"f26359c\" data-element_type=\"container\">\n\t\t<div class=\"elementor-element elementor-element-46c8dc1 e-grid e-con-full e-con e-child\" data-id=\"46c8dc1\" data-element_type=\"container\">\n\t\t<div class=\"elementor-element elementor-element-316d630 e-con-full e-flex e-con e-child\" data-id=\"316d630\" data-element_type=\"container\">\n\t\t\t\t<div class=\"elementor-element elementor-element-6ac7d6c elementor-widget elementor-widget-image\" data-id=\"6ac7d6c\" data-element_type=\"widget\" data-widget_type=\"image.default\">\n\t\t\t\t<div class=\"elementor-widget-container\">\n\t\t\t\t\t\t\t\t\t\t\t\t\t\t\t\t<a href=\"https:\/\/www.festivalaudace.fr\/index.php\/les-audacieuses-et-laudacieux\/\">\n\t\t\t\t\t\t\t<img fetchpriority=\"high\" decoding=\"async\" width=\"769\" height=\"1024\" src=\"https:\/\/www.festivalaudace.fr\/wp-content\/uploads\/2025\/06\/catherine-1-769x1024.jpg\" class=\"attachment-large size-large wp-image-110\" alt=\"\" srcset=\"https:\/\/www.festivalaudace.fr\/wp-content\/uploads\/2025\/06\/catherine-1-769x1024.jpg 769w, https:\/\/www.festivalaudace.fr\/wp-content\/uploads\/2025\/06\/catherine-1-225x300.jpg 225w, https:\/\/www.festivalaudace.fr\/wp-content\/uploads\/2025\/06\/catherine-1-768x1022.jpg 768w, https:\/\/www.festivalaudace.fr\/wp-content\/uploads\/2025\/06\/catherine-1-1154x1536.jpg 1154w, https:\/\/www.festivalaudace.fr\/wp-content\/uploads\/2025\/06\/catherine-1-1539x2048.jpg 1539w, https:\/\/www.festivalaudace.fr\/wp-content\/uploads\/2025\/06\/catherine-1-scaled.jpg 1923w\" sizes=\"(max-width: 769px) 100vw, 769px\" \/>\t\t\t\t\t\t\t\t<\/a>\n\t\t\t\t\t\t\t\t\t\t\t\t\t\t\t<\/div>\n\t\t\t\t<\/div>\n\t\t<div class=\"elementor-element elementor-element-c60c704 e-con-full e-flex e-con e-child\" data-id=\"c60c704\" data-element_type=\"container\" data-settings=\"{&quot;background_background&quot;:&quot;classic&quot;}\">\n\t\t\t\t<div class=\"elementor-element elementor-element-f6280f5 elementor-widget elementor-widget-heading\" data-id=\"f6280f5\" data-element_type=\"widget\" data-widget_type=\"heading.default\">\n\t\t\t\t<div class=\"elementor-widget-container\">\n\t\t\t\t\t<h1 class=\"elementor-heading-title elementor-size-default\">Catherine LENNE<\/h1>\t\t\t\t<\/div>\n\t\t\t\t<\/div>\n\t\t\t\t<div class=\"elementor-element elementor-element-639a95f elementor-widget elementor-widget-text-editor\" data-id=\"639a95f\" data-element_type=\"widget\" data-widget_type=\"text-editor.default\">\n\t\t\t\t<div class=\"elementor-widget-container\">\n\t\t\t\t\t\t\t\t\t<p>Pr\u00e9sidente du Festival de l\u2019Audace<\/p>\t\t\t\t\t\t\t\t<\/div>\n\t\t\t\t<\/div>\n\t\t\t\t<\/div>\n\t\t\t\t<\/div>\n\t\t<div class=\"elementor-element elementor-element-84e2f2f e-con-full e-flex e-con e-child\" data-id=\"84e2f2f\" data-element_type=\"container\">\n\t\t\t\t<div class=\"elementor-element elementor-element-a11735f elementor-widget elementor-widget-image\" data-id=\"a11735f\" data-element_type=\"widget\" data-widget_type=\"image.default\">\n\t\t\t\t<div class=\"elementor-widget-container\">\n\t\t\t\t\t\t\t\t\t\t\t\t\t\t\t\t<a href=\"https:\/\/www.festivalaudace.fr\/index.php\/elementor-page-697\/\">\n\t\t\t\t\t\t\t<img decoding=\"async\" width=\"771\" height=\"1024\" src=\"https:\/\/www.festivalaudace.fr\/wp-content\/uploads\/2025\/06\/renee-3-771x1024.jpg\" class=\"attachment-large size-large wp-image-111\" alt=\"\" srcset=\"https:\/\/www.festivalaudace.fr\/wp-content\/uploads\/2025\/06\/renee-3-771x1024.jpg 771w, https:\/\/www.festivalaudace.fr\/wp-content\/uploads\/2025\/06\/renee-3-226x300.jpg 226w, https:\/\/www.festivalaudace.fr\/wp-content\/uploads\/2025\/06\/renee-3-768x1021.jpg 768w, https:\/\/www.festivalaudace.fr\/wp-content\/uploads\/2025\/06\/renee-3-1156x1536.jpg 1156w, https:\/\/www.festivalaudace.fr\/wp-content\/uploads\/2025\/06\/renee-3.jpg 1204w\" sizes=\"(max-width: 771px) 100vw, 771px\" \/>\t\t\t\t\t\t\t\t<\/a>\n\t\t\t\t\t\t\t\t\t\t\t\t\t\t\t<\/div>\n\t\t\t\t<\/div>\n\t\t<div class=\"elementor-element elementor-element-19ea707 e-con-full e-flex e-con e-child\" data-id=\"19ea707\" data-element_type=\"container\" data-settings=\"{&quot;background_background&quot;:&quot;classic&quot;}\">\n\t\t\t\t<div class=\"elementor-element elementor-element-7e08758 elementor-widget elementor-widget-heading\" data-id=\"7e08758\" data-element_type=\"widget\" data-widget_type=\"heading.default\">\n\t\t\t\t<div class=\"elementor-widget-container\">\n\t\t\t\t\t<h1 class=\"elementor-heading-title elementor-size-default\">Ren\u00e9e DURAND <\/h1>\t\t\t\t<\/div>\n\t\t\t\t<\/div>\n\t\t\t\t<div class=\"elementor-element elementor-element-b108f7a elementor-widget elementor-widget-text-editor\" data-id=\"b108f7a\" data-element_type=\"widget\" data-widget_type=\"text-editor.default\">\n\t\t\t\t<div class=\"elementor-widget-container\">\n\t\t\t\t\t\t\t\t\t<p>Secr\u00e9taire du Festival de l\u2019Audace<\/p>\t\t\t\t\t\t\t\t<\/div>\n\t\t\t\t<\/div>\n\t\t\t\t<\/div>\n\t\t\t\t<\/div>\n\t\t<div class=\"elementor-element elementor-element-59659b6 e-con-full e-flex e-con e-child\" data-id=\"59659b6\" data-element_type=\"container\">\n\t\t\t\t<div class=\"elementor-element elementor-element-60b2296 elementor-widget elementor-widget-image\" data-id=\"60b2296\" data-element_type=\"widget\" data-widget_type=\"image.default\">\n\t\t\t\t<div class=\"elementor-widget-container\">\n\t\t\t\t\t\t\t\t\t\t\t\t\t\t\t\t<a href=\"https:\/\/www.festivalaudace.fr\/index.php\/mylene-huguenin-clement\/\">\n\t\t\t\t\t\t\t<img decoding=\"async\" width=\"937\" height=\"1024\" src=\"https:\/\/www.festivalaudace.fr\/wp-content\/uploads\/2025\/06\/moi-4-937x1024.jpg\" class=\"attachment-large size-large wp-image-109\" alt=\"\" srcset=\"https:\/\/www.festivalaudace.fr\/wp-content\/uploads\/2025\/06\/moi-4-937x1024.jpg 937w, https:\/\/www.festivalaudace.fr\/wp-content\/uploads\/2025\/06\/moi-4-274x300.jpg 274w, https:\/\/www.festivalaudace.fr\/wp-content\/uploads\/2025\/06\/moi-4-768x840.jpg 768w, https:\/\/www.festivalaudace.fr\/wp-content\/uploads\/2025\/06\/moi-4-1405x1536.jpg 1405w, https:\/\/www.festivalaudace.fr\/wp-content\/uploads\/2025\/06\/moi-4.jpg 1565w\" sizes=\"(max-width: 937px) 100vw, 937px\" \/>\t\t\t\t\t\t\t\t<\/a>\n\t\t\t\t\t\t\t\t\t\t\t\t\t\t\t<\/div>\n\t\t\t\t<\/div>\n\t\t<div class=\"elementor-element elementor-element-2862562 e-con-full e-flex e-con e-child\" data-id=\"2862562\" data-element_type=\"container\" data-settings=\"{&quot;background_background&quot;:&quot;classic&quot;}\">\n\t\t\t\t<div class=\"elementor-element elementor-element-35ae26f elementor-widget elementor-widget-heading\" data-id=\"35ae26f\" data-element_type=\"widget\" data-widget_type=\"heading.default\">\n\t\t\t\t<div class=\"elementor-widget-container\">\n\t\t\t\t\t<h1 class=\"elementor-heading-title elementor-size-default\">Myl\u00e8ne HUGUENIN CLEMENT<\/h1>\t\t\t\t<\/div>\n\t\t\t\t<\/div>\n\t\t\t\t<div class=\"elementor-element elementor-element-b7b9335 elementor-widget elementor-widget-text-editor\" data-id=\"b7b9335\" data-element_type=\"widget\" data-widget_type=\"text-editor.default\">\n\t\t\t\t<div class=\"elementor-widget-container\">\n\t\t\t\t\t\t\t\t\t<p>Responsable logistique du Festival de l\u2019Audace \/ Webmistress<\/p>\t\t\t\t\t\t\t\t<\/div>\n\t\t\t\t<\/div>\n\t\t\t\t<\/div>\n\t\t\t\t<\/div>\n\t\t\t\t<\/div>\n\t\t\t\t<\/div>\n\t\t<div class=\"elementor-element elementor-element-cd399b0 e-flex e-con-boxed e-con e-parent\" data-id=\"cd399b0\" data-element_type=\"container\">\n\t\t\t\t\t<div class=\"e-con-inner\">\n\t\t<div class=\"elementor-element elementor-element-417ab18 e-con-full e-grid e-con e-child\" data-id=\"417ab18\" data-element_type=\"container\">\n\t\t<div class=\"elementor-element elementor-element-b9256fb e-con-full e-flex e-con e-child\" data-id=\"b9256fb\" data-element_type=\"container\">\n\t\t\t\t<div class=\"elementor-element elementor-element-c72dc14 elementor-widget elementor-widget-image\" data-id=\"c72dc14\" data-element_type=\"widget\" data-widget_type=\"image.default\">\n\t\t\t\t<div class=\"elementor-widget-container\">\n\t\t\t\t\t\t\t\t\t\t\t\t\t\t\t\t<a href=\"https:\/\/www.festivalaudace.fr\/index.php\/elementor-page-2065\/\">\n\t\t\t\t\t\t\t<img loading=\"lazy\" decoding=\"async\" width=\"988\" height=\"1024\" src=\"https:\/\/www.festivalaudace.fr\/wp-content\/uploads\/2026\/03\/093_PASCAL-ANVROIN_165-copie-988x1024.jpeg\" class=\"attachment-large size-large wp-image-2047\" alt=\"\" srcset=\"https:\/\/www.festivalaudace.fr\/wp-content\/uploads\/2026\/03\/093_PASCAL-ANVROIN_165-copie-988x1024.jpeg 988w, https:\/\/www.festivalaudace.fr\/wp-content\/uploads\/2026\/03\/093_PASCAL-ANVROIN_165-copie-289x300.jpeg 289w, https:\/\/www.festivalaudace.fr\/wp-content\/uploads\/2026\/03\/093_PASCAL-ANVROIN_165-copie-768x796.jpeg 768w, https:\/\/www.festivalaudace.fr\/wp-content\/uploads\/2026\/03\/093_PASCAL-ANVROIN_165-copie-1481x1536.jpeg 1481w, https:\/\/www.festivalaudace.fr\/wp-content\/uploads\/2026\/03\/093_PASCAL-ANVROIN_165-copie-1975x2048.jpeg 1975w\" sizes=\"(max-width: 988px) 100vw, 988px\" \/>\t\t\t\t\t\t\t\t<\/a>\n\t\t\t\t\t\t\t\t\t\t\t\t\t\t\t<\/div>\n\t\t\t\t<\/div>\n\t\t<div class=\"elementor-element elementor-element-cac6036 e-con-full e-flex e-con e-child\" data-id=\"cac6036\" data-element_type=\"container\" data-settings=\"{&quot;background_background&quot;:&quot;classic&quot;}\">\n\t\t\t\t<div class=\"elementor-element elementor-element-36b08e2 elementor-widget elementor-widget-heading\" data-id=\"36b08e2\" data-element_type=\"widget\" data-widget_type=\"heading.default\">\n\t\t\t\t<div class=\"elementor-widget-container\">\n\t\t\t\t\t<h1 class=\"elementor-heading-title elementor-size-default\">Pascal ANVROIN<\/h1>\t\t\t\t<\/div>\n\t\t\t\t<\/div>\n\t\t\t\t<div class=\"elementor-element elementor-element-b2b2668 elementor-widget elementor-widget-text-editor\" data-id=\"b2b2668\" data-element_type=\"widget\" data-widget_type=\"text-editor.default\">\n\t\t\t\t<div class=\"elementor-widget-container\">\n\t\t\t\t\t\t\t\t\t<p>Tr\u00e9sorier du Festival de l&rsquo;Audace<\/p>\t\t\t\t\t\t\t\t<\/div>\n\t\t\t\t<\/div>\n\t\t\t\t<\/div>\n\t\t\t\t<\/div>\n\t\t<div class=\"elementor-element elementor-element-721223c e-con-full e-flex e-con e-child\" data-id=\"721223c\" data-element_type=\"container\">\n\t\t\t\t<div class=\"elementor-element elementor-element-d8430a8 elementor-widget__width-initial elementor-widget elementor-widget-image\" data-id=\"d8430a8\" data-element_type=\"widget\" data-widget_type=\"image.default\">\n\t\t\t\t<div class=\"elementor-widget-container\">\n\t\t\t\t\t\t\t\t\t\t\t\t\t\t\t\t<a href=\"https:\/\/www.festivalaudace.fr\/index.php\/thomas-gaze-2\/\">\n\t\t\t\t\t\t\t<img loading=\"lazy\" decoding=\"async\" width=\"1024\" height=\"1024\" src=\"https:\/\/www.festivalaudace.fr\/wp-content\/uploads\/2025\/07\/Thomas-Gaze.png\" class=\"attachment-large size-large wp-image-366\" alt=\"\" srcset=\"https:\/\/www.festivalaudace.fr\/wp-content\/uploads\/2025\/07\/Thomas-Gaze.png 1024w, https:\/\/www.festivalaudace.fr\/wp-content\/uploads\/2025\/07\/Thomas-Gaze-300x300.png 300w, https:\/\/www.festivalaudace.fr\/wp-content\/uploads\/2025\/07\/Thomas-Gaze-150x150.png 150w, https:\/\/www.festivalaudace.fr\/wp-content\/uploads\/2025\/07\/Thomas-Gaze-768x768.png 768w, https:\/\/www.festivalaudace.fr\/wp-content\/uploads\/2025\/07\/elementor\/thumbs\/Thomas-Gaze-r8ykqkxl7i54i5v9qx8d8ep15a05qzcr85xfryadco.png 28w\" sizes=\"(max-width: 1024px) 100vw, 1024px\" \/>\t\t\t\t\t\t\t\t<\/a>\n\t\t\t\t\t\t\t\t\t\t\t\t\t\t\t<\/div>\n\t\t\t\t<\/div>\n\t\t<div class=\"elementor-element elementor-element-7a98aeb e-con-full e-flex e-con e-child\" data-id=\"7a98aeb\" data-element_type=\"container\" data-settings=\"{&quot;background_background&quot;:&quot;classic&quot;}\">\n\t\t\t\t<div class=\"elementor-element elementor-element-dc2ea51 elementor-widget elementor-widget-heading\" data-id=\"dc2ea51\" data-element_type=\"widget\" data-widget_type=\"heading.default\">\n\t\t\t\t<div class=\"elementor-widget-container\">\n\t\t\t\t\t<h1 class=\"elementor-heading-title elementor-size-default\">Thomas GAZE<\/h1>\t\t\t\t<\/div>\n\t\t\t\t<\/div>\n\t\t\t\t<div class=\"elementor-element elementor-element-8aed505 elementor-widget elementor-widget-text-editor\" data-id=\"8aed505\" data-element_type=\"widget\" data-widget_type=\"text-editor.default\">\n\t\t\t\t<div class=\"elementor-widget-container\">\n\t\t\t\t\t\t\t\t\t<p>Notre audacieux r\u00e9gisseur<\/p>\t\t\t\t\t\t\t\t<\/div>\n\t\t\t\t<\/div>\n\t\t\t\t<\/div>\n\t\t\t\t<\/div>\n\t\t\t\t<\/div>\n\t\t\t\t\t<\/div>\n\t\t\t\t<\/div>\n\t\t<div class=\"elementor-element elementor-element-d72f166 e-flex e-con-boxed e-con e-parent\" data-id=\"d72f166\" data-element_type=\"container\">\n\t\t\t\t\t<div class=\"e-con-inner\">\n\t\t\t\t<div class=\"elementor-element elementor-element-5a167b8 elementor-widget elementor-widget-heading\" data-id=\"5a167b8\" data-element_type=\"widget\" data-widget_type=\"heading.default\">\n\t\t\t\t<div class=\"elementor-widget-container\">\n\t\t\t\t\t<h2 class=\"elementor-heading-title elementor-size-default\">Et Florian, Fran\u00e7ois, Lilou, Marie, Ratta, Thomas et V\u00e9ronique, qui nous ont accompagn\u00e9 pour la 1\u00e8re \u00e9dition, seront l\u00e0 pour la 2\u00e8me ! \n<\/h2>\t\t\t\t<\/div>\n\t\t\t\t<\/div>\n\t\t\t\t<div class=\"elementor-element elementor-element-9b9a52a elementor-widget elementor-widget-text-editor\" data-id=\"9b9a52a\" data-element_type=\"widget\" data-widget_type=\"text-editor.default\">\n\t\t\t\t<div class=\"elementor-widget-container\">\n\t\t\t\t\t\t\t\t\t<h2 data-elementor-setting-key=\"title\" data-pen-placeholder=\"\u00c9crivez ici...\" style=\"font-family: Rubik, sans-serif; font-size: 28px;\">un grand merci \u00e0 eux !<\/h2>\t\t\t\t\t\t\t\t<\/div>\n\t\t\t\t<\/div>\n\t\t\t\t\t<\/div>\n\t\t\t\t<\/div>\n\t\t\t\t<\/div>\n\t\t","protected":false},"excerpt":{"rendered":"<p>Notre \u00e9quipe passionn\u00e9e les audacieuses et les audacieux Catherine LENNE Pr\u00e9sidente du Festival de l\u2019Audace Ren\u00e9e DURAND Secr\u00e9taire du Festival de l\u2019Audace Myl\u00e8ne HUGUENIN CLEMENT Responsable logistique du Festival de l\u2019Audace \/ Webmistress Pascal ANVROIN Tr\u00e9sorier du Festival de l&rsquo;Audace Thomas GAZE Notre audacieux r\u00e9gisseur Et Florian, Fran\u00e7ois, Lilou, Marie, Ratta, Thomas et V\u00e9ronique, qui [&hellip;]<\/p>\n","protected":false},"author":2,"featured_media":0,"parent":0,"menu_order":0,"comment_status":"closed","ping_status":"closed","template":"","meta":{"footnotes":""},"class_list":["post-174","page","type-page","status-publish","hentry"],"yoast_head":"<!-- This site is optimized with the Yoast SEO plugin v25.6 - https:\/\/yoast.com\/wordpress\/plugins\/seo\/ -->\n<title>L&#039;\u00e9quipe - Le Festival de l&#039;audace<\/title>\n<meta name=\"robots\" content=\"index, follow, max-snippet:-1, max-image-preview:large, max-video-preview:-1\" \/>\n<link rel=\"canonical\" href=\"https:\/\/www.festivalaudace.fr\/index.php\/lequipe\/\" \/>\n<meta property=\"og:locale\" content=\"fr_FR\" \/>\n<meta property=\"og:type\" content=\"article\" \/>\n<meta property=\"og:title\" content=\"L&#039;\u00e9quipe - Le Festival de l&#039;audace\" \/>\n<meta property=\"og:description\" content=\"Notre \u00e9quipe passionn\u00e9e les audacieuses et les audacieux Catherine LENNE Pr\u00e9sidente du Festival de l\u2019Audace Ren\u00e9e DURAND Secr\u00e9taire du Festival de l\u2019Audace Myl\u00e8ne HUGUENIN CLEMENT Responsable logistique du Festival de l\u2019Audace \/ Webmistress Pascal ANVROIN Tr\u00e9sorier du Festival de l&rsquo;Audace Thomas GAZE Notre audacieux r\u00e9gisseur Et Florian, Fran\u00e7ois, Lilou, Marie, Ratta, Thomas et V\u00e9ronique, qui [&hellip;]\" \/>\n<meta property=\"og:url\" content=\"https:\/\/www.festivalaudace.fr\/index.php\/lequipe\/\" \/>\n<meta property=\"og:site_name\" content=\"Le Festival de l&#039;audace\" \/>\n<meta property=\"article:publisher\" content=\"https:\/\/www.facebook.com\/LeFestivaldelaudace\/\" \/>\n<meta property=\"article:modified_time\" content=\"2026-03-24T15:57:48+00:00\" \/>\n<meta property=\"og:image\" content=\"https:\/\/www.festivalaudace.fr\/wp-content\/uploads\/2025\/06\/catherine-1-scaled.jpg\" \/>\n\t<meta property=\"og:image:width\" content=\"1923\" \/>\n\t<meta property=\"og:image:height\" content=\"2560\" \/>\n\t<meta property=\"og:image:type\" content=\"image\/jpeg\" \/>\n<meta name=\"twitter:card\" content=\"summary_large_image\" \/>\n<meta name=\"twitter:label1\" content=\"Dur\u00e9e de lecture estim\u00e9e\" \/>\n\t<meta name=\"twitter:data1\" content=\"2 minutes\" \/>\n<script type=\"application\/ld+json\" class=\"yoast-schema-graph\">{\"@context\":\"https:\/\/schema.org\",\"@graph\":[{\"@type\":\"WebPage\",\"@id\":\"https:\/\/www.festivalaudace.fr\/index.php\/lequipe\/\",\"url\":\"https:\/\/www.festivalaudace.fr\/index.php\/lequipe\/\",\"name\":\"L'\u00e9quipe - Le Festival de l&#039;audace\",\"isPartOf\":{\"@id\":\"https:\/\/www.festivalaudace.fr\/#website\"},\"primaryImageOfPage\":{\"@id\":\"https:\/\/www.festivalaudace.fr\/index.php\/lequipe\/#primaryimage\"},\"image\":{\"@id\":\"https:\/\/www.festivalaudace.fr\/index.php\/lequipe\/#primaryimage\"},\"thumbnailUrl\":\"https:\/\/www.festivalaudace.fr\/wp-content\/uploads\/2025\/06\/catherine-1-769x1024.jpg\",\"datePublished\":\"2025-07-10T18:17:12+00:00\",\"dateModified\":\"2026-03-24T15:57:48+00:00\",\"breadcrumb\":{\"@id\":\"https:\/\/www.festivalaudace.fr\/index.php\/lequipe\/#breadcrumb\"},\"inLanguage\":\"fr-FR\",\"potentialAction\":[{\"@type\":\"ReadAction\",\"target\":[\"https:\/\/www.festivalaudace.fr\/index.php\/lequipe\/\"]}]},{\"@type\":\"ImageObject\",\"inLanguage\":\"fr-FR\",\"@id\":\"https:\/\/www.festivalaudace.fr\/index.php\/lequipe\/#primaryimage\",\"url\":\"https:\/\/www.festivalaudace.fr\/wp-content\/uploads\/2025\/06\/catherine-1-scaled.jpg\",\"contentUrl\":\"https:\/\/www.festivalaudace.fr\/wp-content\/uploads\/2025\/06\/catherine-1-scaled.jpg\",\"width\":1923,\"height\":2560},{\"@type\":\"BreadcrumbList\",\"@id\":\"https:\/\/www.festivalaudace.fr\/index.php\/lequipe\/#breadcrumb\",\"itemListElement\":[{\"@type\":\"ListItem\",\"position\":1,\"name\":\"Accueil\",\"item\":\"https:\/\/www.festivalaudace.fr\/\"},{\"@type\":\"ListItem\",\"position\":2,\"name\":\"L&rsquo;\u00e9quipe\"}]},{\"@type\":\"WebSite\",\"@id\":\"https:\/\/www.festivalaudace.fr\/#website\",\"url\":\"https:\/\/www.festivalaudace.fr\/\",\"name\":\"Le Festival de l'audace\",\"description\":\"\",\"publisher\":{\"@id\":\"https:\/\/www.festivalaudace.fr\/#organization\"},\"potentialAction\":[{\"@type\":\"SearchAction\",\"target\":{\"@type\":\"EntryPoint\",\"urlTemplate\":\"https:\/\/www.festivalaudace.fr\/?s={search_term_string}\"},\"query-input\":{\"@type\":\"PropertyValueSpecification\",\"valueRequired\":true,\"valueName\":\"search_term_string\"}}],\"inLanguage\":\"fr-FR\"},{\"@type\":\"Organization\",\"@id\":\"https:\/\/www.festivalaudace.fr\/#organization\",\"name\":\"Le Festival de l'audace\",\"url\":\"https:\/\/www.festivalaudace.fr\/\",\"logo\":{\"@type\":\"ImageObject\",\"inLanguage\":\"fr-FR\",\"@id\":\"https:\/\/www.festivalaudace.fr\/#\/schema\/logo\/image\/\",\"url\":\"https:\/\/www.festivalaudace.fr\/wp-content\/uploads\/2025\/07\/cropped-logo-festival-audace.png\",\"contentUrl\":\"https:\/\/www.festivalaudace.fr\/wp-content\/uploads\/2025\/07\/cropped-logo-festival-audace.png\",\"width\":512,\"height\":512,\"caption\":\"Le Festival de l'audace\"},\"image\":{\"@id\":\"https:\/\/www.festivalaudace.fr\/#\/schema\/logo\/image\/\"},\"sameAs\":[\"https:\/\/www.facebook.com\/LeFestivaldelaudace\/\"]}]}<\/script>\n<!-- \/ Yoast SEO plugin. -->","yoast_head_json":{"title":"L'\u00e9quipe - Le Festival de l&#039;audace","robots":{"index":"index","follow":"follow","max-snippet":"max-snippet:-1","max-image-preview":"max-image-preview:large","max-video-preview":"max-video-preview:-1"},"canonical":"https:\/\/www.festivalaudace.fr\/index.php\/lequipe\/","og_locale":"fr_FR","og_type":"article","og_title":"L'\u00e9quipe - Le Festival de l&#039;audace","og_description":"Notre \u00e9quipe passionn\u00e9e les audacieuses et les audacieux Catherine LENNE Pr\u00e9sidente du Festival de l\u2019Audace Ren\u00e9e DURAND Secr\u00e9taire du Festival de l\u2019Audace Myl\u00e8ne HUGUENIN CLEMENT Responsable logistique du Festival de l\u2019Audace \/ Webmistress Pascal ANVROIN Tr\u00e9sorier du Festival de l&rsquo;Audace Thomas GAZE Notre audacieux r\u00e9gisseur Et Florian, Fran\u00e7ois, Lilou, Marie, Ratta, Thomas et V\u00e9ronique, qui [&hellip;]","og_url":"https:\/\/www.festivalaudace.fr\/index.php\/lequipe\/","og_site_name":"Le Festival de l&#039;audace","article_publisher":"https:\/\/www.facebook.com\/LeFestivaldelaudace\/","article_modified_time":"2026-03-24T15:57:48+00:00","og_image":[{"width":1923,"height":2560,"url":"https:\/\/www.festivalaudace.fr\/wp-content\/uploads\/2025\/06\/catherine-1-scaled.jpg","type":"image\/jpeg"}],"twitter_card":"summary_large_image","twitter_misc":{"Dur\u00e9e de lecture estim\u00e9e":"2 minutes"},"schema":{"@context":"https:\/\/schema.org","@graph":[{"@type":"WebPage","@id":"https:\/\/www.festivalaudace.fr\/index.php\/lequipe\/","url":"https:\/\/www.festivalaudace.fr\/index.php\/lequipe\/","name":"L'\u00e9quipe - Le Festival de l&#039;audace","isPartOf":{"@id":"https:\/\/www.festivalaudace.fr\/#website"},"primaryImageOfPage":{"@id":"https:\/\/www.festivalaudace.fr\/index.php\/lequipe\/#primaryimage"},"image":{"@id":"https:\/\/www.festivalaudace.fr\/index.php\/lequipe\/#primaryimage"},"thumbnailUrl":"https:\/\/www.festivalaudace.fr\/wp-content\/uploads\/2025\/06\/catherine-1-769x1024.jpg","datePublished":"2025-07-10T18:17:12+00:00","dateModified":"2026-03-24T15:57:48+00:00","breadcrumb":{"@id":"https:\/\/www.festivalaudace.fr\/index.php\/lequipe\/#breadcrumb"},"inLanguage":"fr-FR","potentialAction":[{"@type":"ReadAction","target":["https:\/\/www.festivalaudace.fr\/index.php\/lequipe\/"]}]},{"@type":"ImageObject","inLanguage":"fr-FR","@id":"https:\/\/www.festivalaudace.fr\/index.php\/lequipe\/#primaryimage","url":"https:\/\/www.festivalaudace.fr\/wp-content\/uploads\/2025\/06\/catherine-1-scaled.jpg","contentUrl":"https:\/\/www.festivalaudace.fr\/wp-content\/uploads\/2025\/06\/catherine-1-scaled.jpg","width":1923,"height":2560},{"@type":"BreadcrumbList","@id":"https:\/\/www.festivalaudace.fr\/index.php\/lequipe\/#breadcrumb","itemListElement":[{"@type":"ListItem","position":1,"name":"Accueil","item":"https:\/\/www.festivalaudace.fr\/"},{"@type":"ListItem","position":2,"name":"L&rsquo;\u00e9quipe"}]},{"@type":"WebSite","@id":"https:\/\/www.festivalaudace.fr\/#website","url":"https:\/\/www.festivalaudace.fr\/","name":"Le Festival de l'audace","description":"","publisher":{"@id":"https:\/\/www.festivalaudace.fr\/#organization"},"potentialAction":[{"@type":"SearchAction","target":{"@type":"EntryPoint","urlTemplate":"https:\/\/www.festivalaudace.fr\/?s={search_term_string}"},"query-input":{"@type":"PropertyValueSpecification","valueRequired":true,"valueName":"search_term_string"}}],"inLanguage":"fr-FR"},{"@type":"Organization","@id":"https:\/\/www.festivalaudace.fr\/#organization","name":"Le Festival de l'audace","url":"https:\/\/www.festivalaudace.fr\/","logo":{"@type":"ImageObject","inLanguage":"fr-FR","@id":"https:\/\/www.festivalaudace.fr\/#\/schema\/logo\/image\/","url":"https:\/\/www.festivalaudace.fr\/wp-content\/uploads\/2025\/07\/cropped-logo-festival-audace.png","contentUrl":"https:\/\/www.festivalaudace.fr\/wp-content\/uploads\/2025\/07\/cropped-logo-festival-audace.png","width":512,"height":512,"caption":"Le Festival de l'audace"},"image":{"@id":"https:\/\/www.festivalaudace.fr\/#\/schema\/logo\/image\/"},"sameAs":["https:\/\/www.facebook.com\/LeFestivaldelaudace\/"]}]}},"_links":{"self":[{"href":"https:\/\/www.festivalaudace.fr\/index.php\/wp-json\/wp\/v2\/pages\/174","targetHints":{"allow":["GET"]}}],"collection":[{"href":"https:\/\/www.festivalaudace.fr\/index.php\/wp-json\/wp\/v2\/pages"}],"about":[{"href":"https:\/\/www.festivalaudace.fr\/index.php\/wp-json\/wp\/v2\/types\/page"}],"author":[{"embeddable":true,"href":"https:\/\/www.festivalaudace.fr\/index.php\/wp-json\/wp\/v2\/users\/2"}],"replies":[{"embeddable":true,"href":"https:\/\/www.festivalaudace.fr\/index.php\/wp-json\/wp\/v2\/comments?post=174"}],"version-history":[{"count":219,"href":"https:\/\/www.festivalaudace.fr\/index.php\/wp-json\/wp\/v2\/pages\/174\/revisions"}],"predecessor-version":[{"id":2338,"href":"https:\/\/www.festivalaudace.fr\/index.php\/wp-json\/wp\/v2\/pages\/174\/revisions\/2338"}],"wp:attachment":[{"href":"https:\/\/www.festivalaudace.fr\/index.php\/wp-json\/wp\/v2\/media?parent=174"}],"curies":[{"name":"wp","href":"https:\/\/api.w.org\/{rel}","templated":true}]}}