{"id":178,"date":"2025-07-10T20:17:40","date_gmt":"2025-07-10T18:17:40","guid":{"rendered":"https:\/\/festivalaudace.fr\/?page_id=178"},"modified":"2026-03-24T17:43:06","modified_gmt":"2026-03-24T16:43:06","slug":"le-jury","status":"publish","type":"page","link":"https:\/\/www.festivalaudace.fr\/index.php\/le-jury\/","title":{"rendered":"Le jury 2025"},"content":{"rendered":"\t\t<div data-elementor-type=\"wp-page\" data-elementor-id=\"178\" class=\"elementor elementor-178\">\n\t\t\t\t<div class=\"elementor-element elementor-element-fd6a9c4 e-flex e-con-boxed e-con e-parent\" data-id=\"fd6a9c4\" data-element_type=\"container\">\n\t\t\t\t\t<div class=\"e-con-inner\">\n\t\t\t\t<div class=\"elementor-element elementor-element-46eadf2 elementor-widget elementor-widget-heading\" data-id=\"46eadf2\" data-element_type=\"widget\" data-widget_type=\"heading.default\">\n\t\t\t\t<div class=\"elementor-widget-container\">\n\t\t\t\t\t<h1 class=\"elementor-heading-title elementor-size-default\">Le jury<\/h1>\t\t\t\t<\/div>\n\t\t\t\t<\/div>\n\t\t\t\t\t<\/div>\n\t\t\t\t<\/div>\n\t\t<div class=\"elementor-element elementor-element-93de020 e-flex e-con-boxed e-con e-parent\" data-id=\"93de020\" data-element_type=\"container\">\n\t\t\t\t\t<div class=\"e-con-inner\">\n\t\t<div class=\"elementor-element elementor-element-d655c8f e-con-full e-flex e-con e-child\" data-id=\"d655c8f\" data-element_type=\"container\" data-settings=\"{&quot;background_background&quot;:&quot;classic&quot;,&quot;animation&quot;:&quot;none&quot;}\">\n\t\t\t\t<div class=\"elementor-element elementor-element-182eab7 elementor-widget__width-initial elementor-widget elementor-widget-image\" data-id=\"182eab7\" data-element_type=\"widget\" data-widget_type=\"image.default\">\n\t\t\t\t<div class=\"elementor-widget-container\">\n\t\t\t\t\t\t\t\t\t\t\t\t\t\t\t<img fetchpriority=\"high\" decoding=\"async\" width=\"1536\" height=\"1058\" src=\"https:\/\/www.festivalaudace.fr\/wp-content\/uploads\/2025\/09\/C-Lebateux-1536x1058.jpg\" class=\"attachment-1536x1536 size-1536x1536 wp-image-1408\" alt=\"\" srcset=\"https:\/\/www.festivalaudace.fr\/wp-content\/uploads\/2025\/09\/C-Lebateux-1536x1058.jpg 1536w, https:\/\/www.festivalaudace.fr\/wp-content\/uploads\/2025\/09\/C-Lebateux-300x207.jpg 300w, https:\/\/www.festivalaudace.fr\/wp-content\/uploads\/2025\/09\/C-Lebateux-1024x706.jpg 1024w, https:\/\/www.festivalaudace.fr\/wp-content\/uploads\/2025\/09\/C-Lebateux-768x529.jpg 768w, https:\/\/www.festivalaudace.fr\/wp-content\/uploads\/2025\/09\/C-Lebateux.jpg 2000w\" sizes=\"(max-width: 1536px) 100vw, 1536px\" \/>\t\t\t\t\t\t\t\t\t\t\t\t\t\t\t<\/div>\n\t\t\t\t<\/div>\n\t\t<div class=\"elementor-element elementor-element-08d5481 e-con-full e-flex e-con e-child\" data-id=\"08d5481\" data-element_type=\"container\" data-settings=\"{&quot;background_background&quot;:&quot;classic&quot;}\">\n\t\t\t\t<div class=\"elementor-element elementor-element-a1ebe50 elementor-widget elementor-widget-heading\" data-id=\"a1ebe50\" data-element_type=\"widget\" data-widget_type=\"heading.default\">\n\t\t\t\t<div class=\"elementor-widget-container\">\n\t\t\t\t\t<h1 class=\"elementor-heading-title elementor-size-default\">Cl\u00e9ment Lebateux<\/h1>\t\t\t\t<\/div>\n\t\t\t\t<\/div>\n\t\t\t\t<div class=\"elementor-element elementor-element-789c463 elementor-widget elementor-widget-text-editor\" data-id=\"789c463\" data-element_type=\"widget\" data-widget_type=\"text-editor.default\">\n\t\t\t\t<div class=\"elementor-widget-container\">\n\t\t\t\t\t\t\t\t\t<p><strong>Com\u00e9dien, metteur en sc\u00e8ne<\/strong><\/p><p>Form\u00e9 aupr\u00e8s de Jos Houben, Paola Rizza, Eric Nesci, Jason Turner et Anne Astolfe\u00a0 \u00e0 l&rsquo;Ecole Internationale de th\u00e9\u00e2tre Jacques Lecoq, Arlette Alain et Georges B\u00e9cot au cours Florent, et au Conservatoire d\u2019Art Dramatique \u00e0 rayonnement r\u00e9gional de Lille avec S\u00e9bastien Lenglet et Jean-Marc Popower, Cl\u00e9ment Lebateux est com\u00e9dien et metteur en sc\u00e8ne. Implant\u00e9 dans les Yvelines depuis une quinzaine d\u2019ann\u00e9es, il co-dirige la Compagnie Garde-fou et a fond\u00e9 le Th\u00e9\u00e2tre \u00e0 P\u00e9dales, compagnie itin\u00e9rante d\u00e9di\u00e9e \u00e0 la ruralit\u00e9. Il a rejoint r\u00e9cemment la compagnie Pixom.<\/p>\t\t\t\t\t\t\t\t<\/div>\n\t\t\t\t<\/div>\n\t\t\t\t<\/div>\n\t\t\t\t<\/div>\n\t\t<div class=\"elementor-element elementor-element-dd2f24b e-con-full e-flex e-con e-child\" data-id=\"dd2f24b\" data-element_type=\"container\" data-settings=\"{&quot;background_background&quot;:&quot;classic&quot;}\">\n\t\t\t\t<div class=\"elementor-element elementor-element-6cb003c elementor-widget__width-initial elementor-widget elementor-widget-image\" data-id=\"6cb003c\" data-element_type=\"widget\" data-widget_type=\"image.default\">\n\t\t\t\t<div class=\"elementor-widget-container\">\n\t\t\t\t\t\t\t\t\t\t\t\t\t\t\t<img decoding=\"async\" width=\"724\" height=\"1024\" src=\"https:\/\/www.festivalaudace.fr\/wp-content\/uploads\/2025\/09\/Photo-equipe-MC-724x1024.jpg\" class=\"attachment-large size-large wp-image-1473\" alt=\"\" srcset=\"https:\/\/www.festivalaudace.fr\/wp-content\/uploads\/2025\/09\/Photo-equipe-MC-724x1024.jpg 724w, https:\/\/www.festivalaudace.fr\/wp-content\/uploads\/2025\/09\/Photo-equipe-MC-212x300.jpg 212w, https:\/\/www.festivalaudace.fr\/wp-content\/uploads\/2025\/09\/Photo-equipe-MC-768x1086.jpg 768w, https:\/\/www.festivalaudace.fr\/wp-content\/uploads\/2025\/09\/Photo-equipe-MC-1086x1536.jpg 1086w, https:\/\/www.festivalaudace.fr\/wp-content\/uploads\/2025\/09\/Photo-equipe-MC.jpg 1414w\" sizes=\"(max-width: 724px) 100vw, 724px\" \/>\t\t\t\t\t\t\t\t\t\t\t\t\t\t\t<\/div>\n\t\t\t\t<\/div>\n\t\t<div class=\"elementor-element elementor-element-443193e e-con-full e-flex e-con e-child\" data-id=\"443193e\" data-element_type=\"container\" data-settings=\"{&quot;background_background&quot;:&quot;classic&quot;}\">\n\t\t\t\t<div class=\"elementor-element elementor-element-8efe9b4 elementor-widget elementor-widget-heading\" data-id=\"8efe9b4\" data-element_type=\"widget\" data-widget_type=\"heading.default\">\n\t\t\t\t<div class=\"elementor-widget-container\">\n\t\t\t\t\t<h1 class=\"elementor-heading-title elementor-size-default\">Magali Cabrol<\/h1>\t\t\t\t<\/div>\n\t\t\t\t<\/div>\n\t\t\t\t<div class=\"elementor-element elementor-element-40aa751 elementor-widget elementor-widget-text-editor\" data-id=\"40aa751\" data-element_type=\"widget\" data-widget_type=\"text-editor.default\">\n\t\t\t\t<div class=\"elementor-widget-container\">\n\t\t\t\t\t\t\t\t\t<p style=\"font-weight: 400;\"><strong>Directrice de la communication, des relations publiques et de l\u2019action culturelle<\/strong><\/p><p>Programmation Th\u00e9\u00e2tre de Saint-Quentin-en-Yvelines, Sc\u00e8ne nationale<\/p><p>Engag\u00e9e dans le service public artistique et culturel depuis pr\u00e8s de 25 ans, <span class=\"outlook-search-highlight\" data-markjs=\"true\">Magali<\/span> Cabrol oeuvre au quotidien \u00e0 tisser une relation sensible et durable entre des artistes et des publics mais aussi entre un th\u00e9\u00e2tre et les habitants de son territoire. La cr\u00e9ation en partage, la cr\u00e9ation pour tous, sont au c\u0153ur de son parcours professionnel et des projets artistiques et culturels qu\u2019elle initie ou accompagne. Au sein du Th\u00e9\u00e2tre de Saint-Quentin-en-Yvelines, Sc\u00e8ne nationale, <span class=\"outlook-search-highlight\" data-markjs=\"true\">Magali<\/span> Cabrol est directrice des relations publiques, de la communication et de l\u2019action culturelle et fait partie du comit\u00e9 de programmation.<\/p>\t\t\t\t\t\t\t\t<\/div>\n\t\t\t\t<\/div>\n\t\t\t\t<\/div>\n\t\t\t\t<\/div>\n\t\t<div class=\"elementor-element elementor-element-e9cc4ee e-con-full e-flex e-con e-child\" data-id=\"e9cc4ee\" data-element_type=\"container\" data-settings=\"{&quot;background_background&quot;:&quot;classic&quot;}\">\n\t\t\t\t<div class=\"elementor-element elementor-element-800a84d elementor-widget__width-initial elementor-widget elementor-widget-image\" data-id=\"800a84d\" data-element_type=\"widget\" data-widget_type=\"image.default\">\n\t\t\t\t<div class=\"elementor-widget-container\">\n\t\t\t\t\t\t\t\t\t\t\t\t\t\t\t<img decoding=\"async\" width=\"759\" height=\"1024\" src=\"https:\/\/www.festivalaudace.fr\/wp-content\/uploads\/2025\/09\/IMG_20241016_1903142-759x1024.jpg\" class=\"attachment-large size-large wp-image-1421\" alt=\"\" srcset=\"https:\/\/www.festivalaudace.fr\/wp-content\/uploads\/2025\/09\/IMG_20241016_1903142-759x1024.jpg 759w, https:\/\/www.festivalaudace.fr\/wp-content\/uploads\/2025\/09\/IMG_20241016_1903142-222x300.jpg 222w, https:\/\/www.festivalaudace.fr\/wp-content\/uploads\/2025\/09\/IMG_20241016_1903142-768x1036.jpg 768w, https:\/\/www.festivalaudace.fr\/wp-content\/uploads\/2025\/09\/IMG_20241016_1903142-1139x1536.jpg 1139w, https:\/\/www.festivalaudace.fr\/wp-content\/uploads\/2025\/09\/IMG_20241016_1903142-1518x2048.jpg 1518w, https:\/\/www.festivalaudace.fr\/wp-content\/uploads\/2025\/09\/IMG_20241016_1903142-scaled.jpg 1898w\" sizes=\"(max-width: 759px) 100vw, 759px\" \/>\t\t\t\t\t\t\t\t\t\t\t\t\t\t\t<\/div>\n\t\t\t\t<\/div>\n\t\t<div class=\"elementor-element elementor-element-171406f e-con-full e-flex e-con e-child\" data-id=\"171406f\" data-element_type=\"container\" data-settings=\"{&quot;background_background&quot;:&quot;classic&quot;}\">\n\t\t\t\t<div class=\"elementor-element elementor-element-d8230a9 elementor-widget elementor-widget-heading\" data-id=\"d8230a9\" data-element_type=\"widget\" data-widget_type=\"heading.default\">\n\t\t\t\t<div class=\"elementor-widget-container\">\n\t\t\t\t\t<h1 class=\"elementor-heading-title elementor-size-default\">Agn\u00e8s Fr\u00e9jabue<\/h1>\t\t\t\t<\/div>\n\t\t\t\t<\/div>\n\t\t\t\t<div class=\"elementor-element elementor-element-d60dc23 elementor-widget elementor-widget-text-editor\" data-id=\"d60dc23\" data-element_type=\"widget\" data-widget_type=\"text-editor.default\">\n\t\t\t\t<div class=\"elementor-widget-container\">\n\t\t\t\t\t\t\t\t\t<p><strong>Com\u00e9dienne, Chanteuse, Metteuse en sc\u00e8ne\u00a0<\/strong><\/p><p>Interpr\u00e8te investie dans un parcours inter-disciplinaire m\u00ealant th\u00e9\u00e2tre danse et chanson, Agn\u00e8s a collabor\u00e9 aux cr\u00e9ations d\u2019Herv\u00e9 Jourdet, de Claire Jenny Cie Point virgule, de Sandrine Bonnet Cie le chiendent, et de Sarah P\u00e8pe Cie Vent debout. Elle a mis en sc\u00e8ne Bastringages Cie de la Courtille, Ravolstein de et avec Pierre Koenig, Bernard et Bernard\u00a0 les \u00ab Superflous \u00bb, et initi\u00e9 un trio de lectrices des Foliloques de Pierre Koenig.\u00a0 Elle a jou\u00e9 et co-\u00e9crit Les Marie-crastine, autodoutes \u00e0 3 voix. Elle colporte un r\u00e9pertoire de chanson fran\u00e7aises m\u00e2tin\u00e9 de jazz et intervient \u00e0 la Philharmonie de Paris pour l\u2019atelier \u00ab un dimanche en chanson \u00bb.<\/p>\t\t\t\t\t\t\t\t<\/div>\n\t\t\t\t<\/div>\n\t\t\t\t<\/div>\n\t\t\t\t<\/div>\n\t\t<div class=\"elementor-element elementor-element-13ebca6 e-con-full e-flex e-con e-child\" data-id=\"13ebca6\" data-element_type=\"container\" data-settings=\"{&quot;background_background&quot;:&quot;classic&quot;}\">\n\t\t\t\t<div class=\"elementor-element elementor-element-2937b7f elementor-widget__width-initial elementor-widget elementor-widget-image\" data-id=\"2937b7f\" data-element_type=\"widget\" data-widget_type=\"image.default\">\n\t\t\t\t<div class=\"elementor-widget-container\">\n\t\t\t\t\t\t\t\t\t\t\t\t\t\t\t<img loading=\"lazy\" decoding=\"async\" width=\"648\" height=\"1024\" src=\"https:\/\/www.festivalaudace.fr\/wp-content\/uploads\/2025\/10\/Emilie-648x1024.jpg\" class=\"attachment-large size-large wp-image-1480\" alt=\"\" srcset=\"https:\/\/www.festivalaudace.fr\/wp-content\/uploads\/2025\/10\/Emilie-648x1024.jpg 648w, https:\/\/www.festivalaudace.fr\/wp-content\/uploads\/2025\/10\/Emilie-190x300.jpg 190w, https:\/\/www.festivalaudace.fr\/wp-content\/uploads\/2025\/10\/Emilie-768x1215.jpg 768w, https:\/\/www.festivalaudace.fr\/wp-content\/uploads\/2025\/10\/Emilie-971x1536.jpg 971w, https:\/\/www.festivalaudace.fr\/wp-content\/uploads\/2025\/10\/Emilie-1295x2048.jpg 1295w, https:\/\/www.festivalaudace.fr\/wp-content\/uploads\/2025\/10\/Emilie-scaled.jpg 1619w\" sizes=\"(max-width: 648px) 100vw, 648px\" \/>\t\t\t\t\t\t\t\t\t\t\t\t\t\t\t<\/div>\n\t\t\t\t<\/div>\n\t\t<div class=\"elementor-element elementor-element-33e2581 e-con-full e-flex e-con e-child\" data-id=\"33e2581\" data-element_type=\"container\" data-settings=\"{&quot;background_background&quot;:&quot;classic&quot;}\">\n\t\t\t\t<div class=\"elementor-element elementor-element-8ad2a52 elementor-widget elementor-widget-heading\" data-id=\"8ad2a52\" data-element_type=\"widget\" data-widget_type=\"heading.default\">\n\t\t\t\t<div class=\"elementor-widget-container\">\n\t\t\t\t\t<h1 class=\"elementor-heading-title elementor-size-default\">Emilie Dubuc<\/h1>\t\t\t\t<\/div>\n\t\t\t\t<\/div>\n\t\t\t\t<div class=\"elementor-element elementor-element-9801684 elementor-widget elementor-widget-text-editor\" data-id=\"9801684\" data-element_type=\"widget\" data-widget_type=\"text-editor.default\">\n\t\t\t\t<div class=\"elementor-widget-container\">\n\t\t\t\t\t\t\t\t\t<p><strong>Responsable du service culturel \u2013 Ville de Magny-les-Hameaux<\/strong><\/p><p><strong>Directrice des salles de spectacle de la Maison de l&rsquo;environnement et de l&rsquo;Estaminet\u2002<\/strong><\/p><p>Anim\u00e9e par une passion profonde pour le spectacle vivant, Emilie Dubuc consacre sa carri\u00e8re \u00e0 faire rayonner les arts sur le territoire de Saint-Quentin-en-Yvelines. En tant que responsable du service culturel de Magny-les-Hameaux, elle se charge de la programmation artistique de la ville : deux salles de spectacles, un p\u00f4le musical, un lieu d\u2019exposition et des rendez-vous hors les murs. Son parcours l\u2019a conduite \u00e0 explorer des formes vari\u00e9es &#8211; th\u00e9\u00e2tre, musique, danse, cirque, arts de la rue &#8211;\u00a0 qu\u2019elle aime partager avec tous les publics. Persuad\u00e9e que la culture est avant tout une exp\u00e9rience sensible, elle met en avant l\u2019\u00e9motion, la curiosit\u00e9 et le plaisir de vivre des exp\u00e9riences partag\u00e9es. \u00a0Sa d\u00e9marche s\u2019inscrit dans une volont\u00e9 constante de rendre la culture accessible au plus grand nombre et accompagner les initiatives locales dont le Festival de l&rsquo;Audace fait partie.<\/p>\t\t\t\t\t\t\t\t<\/div>\n\t\t\t\t<\/div>\n\t\t\t\t<\/div>\n\t\t\t\t<\/div>\n\t\t\t\t\t<\/div>\n\t\t\t\t<\/div>\n\t\t<div class=\"elementor-element elementor-element-f641587 e-flex e-con-boxed e-con e-parent\" data-id=\"f641587\" data-element_type=\"container\">\n\t\t\t\t\t<div class=\"e-con-inner\">\n\t\t\t\t<div class=\"elementor-element elementor-element-5c0d829 elementor-widget elementor-widget-text-editor\" data-id=\"5c0d829\" data-element_type=\"widget\" data-widget_type=\"text-editor.default\">\n\t\t\t\t<div class=\"elementor-widget-container\">\n\t\t\t\t\t\t\t\t\t<p>Le jury audacieux pourra donner de 1 \u00e0 3 prix ! Il choisira les intitul\u00e9s qu&rsquo;il souhaite. On peut compter sur son imagination !<\/p>\n<div class=\"ms-outlook-mobile-reference-message skipProofing\" dir=\"ltr\">Le public qui aura vu les 5 pi\u00e8ces pourra voter pour le prix du public.<\/div>\t\t\t\t\t\t\t\t<\/div>\n\t\t\t\t<\/div>\n\t\t\t\t\t<\/div>\n\t\t\t\t<\/div>\n\t\t\t\t<\/div>\n\t\t","protected":false},"excerpt":{"rendered":"<p>Le jury Cl\u00e9ment Lebateux Com\u00e9dien, metteur en sc\u00e8ne Form\u00e9 aupr\u00e8s de Jos Houben, Paola Rizza, Eric Nesci, Jason Turner et Anne Astolfe\u00a0 \u00e0 l&rsquo;Ecole Internationale de th\u00e9\u00e2tre Jacques Lecoq, Arlette Alain et Georges B\u00e9cot au cours Florent, et au Conservatoire d\u2019Art Dramatique \u00e0 rayonnement r\u00e9gional de Lille avec S\u00e9bastien Lenglet et Jean-Marc Popower, Cl\u00e9ment Lebateux [&hellip;]<\/p>\n","protected":false},"author":2,"featured_media":0,"parent":0,"menu_order":0,"comment_status":"closed","ping_status":"closed","template":"","meta":{"footnotes":""},"class_list":["post-178","page","type-page","status-publish","hentry"],"yoast_head":"<!-- This site is optimized with the Yoast SEO plugin v25.6 - https:\/\/yoast.com\/wordpress\/plugins\/seo\/ -->\n<title>Le jury 2025 - Le Festival de l&#039;audace<\/title>\n<meta name=\"robots\" content=\"index, follow, max-snippet:-1, max-image-preview:large, max-video-preview:-1\" \/>\n<link rel=\"canonical\" href=\"https:\/\/www.festivalaudace.fr\/index.php\/le-jury\/\" \/>\n<meta property=\"og:locale\" content=\"fr_FR\" \/>\n<meta property=\"og:type\" content=\"article\" \/>\n<meta property=\"og:title\" content=\"Le jury 2025 - Le Festival de l&#039;audace\" \/>\n<meta property=\"og:description\" content=\"Le jury Cl\u00e9ment Lebateux Com\u00e9dien, metteur en sc\u00e8ne Form\u00e9 aupr\u00e8s de Jos Houben, Paola Rizza, Eric Nesci, Jason Turner et Anne Astolfe\u00a0 \u00e0 l&rsquo;Ecole Internationale de th\u00e9\u00e2tre Jacques Lecoq, Arlette Alain et Georges B\u00e9cot au cours Florent, et au Conservatoire d\u2019Art Dramatique \u00e0 rayonnement r\u00e9gional de Lille avec S\u00e9bastien Lenglet et Jean-Marc Popower, Cl\u00e9ment Lebateux [&hellip;]\" \/>\n<meta property=\"og:url\" content=\"https:\/\/www.festivalaudace.fr\/index.php\/le-jury\/\" \/>\n<meta property=\"og:site_name\" content=\"Le Festival de l&#039;audace\" \/>\n<meta property=\"article:publisher\" content=\"https:\/\/www.facebook.com\/LeFestivaldelaudace\/\" \/>\n<meta property=\"article:modified_time\" content=\"2026-03-24T16:43:06+00:00\" \/>\n<meta property=\"og:image\" content=\"https:\/\/www.festivalaudace.fr\/wp-content\/uploads\/2025\/09\/C-Lebateux-1536x1058.jpg\" \/>\n<meta name=\"twitter:card\" content=\"summary_large_image\" \/>\n<meta name=\"twitter:label1\" content=\"Dur\u00e9e de lecture estim\u00e9e\" \/>\n\t<meta name=\"twitter:data1\" content=\"4 minutes\" \/>\n<script type=\"application\/ld+json\" class=\"yoast-schema-graph\">{\"@context\":\"https:\/\/schema.org\",\"@graph\":[{\"@type\":\"WebPage\",\"@id\":\"https:\/\/www.festivalaudace.fr\/index.php\/le-jury\/\",\"url\":\"https:\/\/www.festivalaudace.fr\/index.php\/le-jury\/\",\"name\":\"Le jury 2025 - Le Festival de l&#039;audace\",\"isPartOf\":{\"@id\":\"https:\/\/www.festivalaudace.fr\/#website\"},\"primaryImageOfPage\":{\"@id\":\"https:\/\/www.festivalaudace.fr\/index.php\/le-jury\/#primaryimage\"},\"image\":{\"@id\":\"https:\/\/www.festivalaudace.fr\/index.php\/le-jury\/#primaryimage\"},\"thumbnailUrl\":\"https:\/\/www.festivalaudace.fr\/wp-content\/uploads\/2025\/09\/C-Lebateux-1536x1058.jpg\",\"datePublished\":\"2025-07-10T18:17:40+00:00\",\"dateModified\":\"2026-03-24T16:43:06+00:00\",\"breadcrumb\":{\"@id\":\"https:\/\/www.festivalaudace.fr\/index.php\/le-jury\/#breadcrumb\"},\"inLanguage\":\"fr-FR\",\"potentialAction\":[{\"@type\":\"ReadAction\",\"target\":[\"https:\/\/www.festivalaudace.fr\/index.php\/le-jury\/\"]}]},{\"@type\":\"ImageObject\",\"inLanguage\":\"fr-FR\",\"@id\":\"https:\/\/www.festivalaudace.fr\/index.php\/le-jury\/#primaryimage\",\"url\":\"https:\/\/www.festivalaudace.fr\/wp-content\/uploads\/2025\/09\/C-Lebateux.jpg\",\"contentUrl\":\"https:\/\/www.festivalaudace.fr\/wp-content\/uploads\/2025\/09\/C-Lebateux.jpg\",\"width\":2000,\"height\":1378},{\"@type\":\"BreadcrumbList\",\"@id\":\"https:\/\/www.festivalaudace.fr\/index.php\/le-jury\/#breadcrumb\",\"itemListElement\":[{\"@type\":\"ListItem\",\"position\":1,\"name\":\"Accueil\",\"item\":\"https:\/\/www.festivalaudace.fr\/\"},{\"@type\":\"ListItem\",\"position\":2,\"name\":\"Le jury 2025\"}]},{\"@type\":\"WebSite\",\"@id\":\"https:\/\/www.festivalaudace.fr\/#website\",\"url\":\"https:\/\/www.festivalaudace.fr\/\",\"name\":\"Le Festival de l'audace\",\"description\":\"\",\"publisher\":{\"@id\":\"https:\/\/www.festivalaudace.fr\/#organization\"},\"potentialAction\":[{\"@type\":\"SearchAction\",\"target\":{\"@type\":\"EntryPoint\",\"urlTemplate\":\"https:\/\/www.festivalaudace.fr\/?s={search_term_string}\"},\"query-input\":{\"@type\":\"PropertyValueSpecification\",\"valueRequired\":true,\"valueName\":\"search_term_string\"}}],\"inLanguage\":\"fr-FR\"},{\"@type\":\"Organization\",\"@id\":\"https:\/\/www.festivalaudace.fr\/#organization\",\"name\":\"Le Festival de l'audace\",\"url\":\"https:\/\/www.festivalaudace.fr\/\",\"logo\":{\"@type\":\"ImageObject\",\"inLanguage\":\"fr-FR\",\"@id\":\"https:\/\/www.festivalaudace.fr\/#\/schema\/logo\/image\/\",\"url\":\"https:\/\/www.festivalaudace.fr\/wp-content\/uploads\/2025\/07\/cropped-logo-festival-audace.png\",\"contentUrl\":\"https:\/\/www.festivalaudace.fr\/wp-content\/uploads\/2025\/07\/cropped-logo-festival-audace.png\",\"width\":512,\"height\":512,\"caption\":\"Le Festival de l'audace\"},\"image\":{\"@id\":\"https:\/\/www.festivalaudace.fr\/#\/schema\/logo\/image\/\"},\"sameAs\":[\"https:\/\/www.facebook.com\/LeFestivaldelaudace\/\"]}]}<\/script>\n<!-- \/ Yoast SEO plugin. -->","yoast_head_json":{"title":"Le jury 2025 - Le Festival de l&#039;audace","robots":{"index":"index","follow":"follow","max-snippet":"max-snippet:-1","max-image-preview":"max-image-preview:large","max-video-preview":"max-video-preview:-1"},"canonical":"https:\/\/www.festivalaudace.fr\/index.php\/le-jury\/","og_locale":"fr_FR","og_type":"article","og_title":"Le jury 2025 - Le Festival de l&#039;audace","og_description":"Le jury Cl\u00e9ment Lebateux Com\u00e9dien, metteur en sc\u00e8ne Form\u00e9 aupr\u00e8s de Jos Houben, Paola Rizza, Eric Nesci, Jason Turner et Anne Astolfe\u00a0 \u00e0 l&rsquo;Ecole Internationale de th\u00e9\u00e2tre Jacques Lecoq, Arlette Alain et Georges B\u00e9cot au cours Florent, et au Conservatoire d\u2019Art Dramatique \u00e0 rayonnement r\u00e9gional de Lille avec S\u00e9bastien Lenglet et Jean-Marc Popower, Cl\u00e9ment Lebateux [&hellip;]","og_url":"https:\/\/www.festivalaudace.fr\/index.php\/le-jury\/","og_site_name":"Le Festival de l&#039;audace","article_publisher":"https:\/\/www.facebook.com\/LeFestivaldelaudace\/","article_modified_time":"2026-03-24T16:43:06+00:00","og_image":[{"url":"https:\/\/www.festivalaudace.fr\/wp-content\/uploads\/2025\/09\/C-Lebateux-1536x1058.jpg","type":"","width":"","height":""}],"twitter_card":"summary_large_image","twitter_misc":{"Dur\u00e9e de lecture estim\u00e9e":"4 minutes"},"schema":{"@context":"https:\/\/schema.org","@graph":[{"@type":"WebPage","@id":"https:\/\/www.festivalaudace.fr\/index.php\/le-jury\/","url":"https:\/\/www.festivalaudace.fr\/index.php\/le-jury\/","name":"Le jury 2025 - Le Festival de l&#039;audace","isPartOf":{"@id":"https:\/\/www.festivalaudace.fr\/#website"},"primaryImageOfPage":{"@id":"https:\/\/www.festivalaudace.fr\/index.php\/le-jury\/#primaryimage"},"image":{"@id":"https:\/\/www.festivalaudace.fr\/index.php\/le-jury\/#primaryimage"},"thumbnailUrl":"https:\/\/www.festivalaudace.fr\/wp-content\/uploads\/2025\/09\/C-Lebateux-1536x1058.jpg","datePublished":"2025-07-10T18:17:40+00:00","dateModified":"2026-03-24T16:43:06+00:00","breadcrumb":{"@id":"https:\/\/www.festivalaudace.fr\/index.php\/le-jury\/#breadcrumb"},"inLanguage":"fr-FR","potentialAction":[{"@type":"ReadAction","target":["https:\/\/www.festivalaudace.fr\/index.php\/le-jury\/"]}]},{"@type":"ImageObject","inLanguage":"fr-FR","@id":"https:\/\/www.festivalaudace.fr\/index.php\/le-jury\/#primaryimage","url":"https:\/\/www.festivalaudace.fr\/wp-content\/uploads\/2025\/09\/C-Lebateux.jpg","contentUrl":"https:\/\/www.festivalaudace.fr\/wp-content\/uploads\/2025\/09\/C-Lebateux.jpg","width":2000,"height":1378},{"@type":"BreadcrumbList","@id":"https:\/\/www.festivalaudace.fr\/index.php\/le-jury\/#breadcrumb","itemListElement":[{"@type":"ListItem","position":1,"name":"Accueil","item":"https:\/\/www.festivalaudace.fr\/"},{"@type":"ListItem","position":2,"name":"Le jury 2025"}]},{"@type":"WebSite","@id":"https:\/\/www.festivalaudace.fr\/#website","url":"https:\/\/www.festivalaudace.fr\/","name":"Le Festival de l'audace","description":"","publisher":{"@id":"https:\/\/www.festivalaudace.fr\/#organization"},"potentialAction":[{"@type":"SearchAction","target":{"@type":"EntryPoint","urlTemplate":"https:\/\/www.festivalaudace.fr\/?s={search_term_string}"},"query-input":{"@type":"PropertyValueSpecification","valueRequired":true,"valueName":"search_term_string"}}],"inLanguage":"fr-FR"},{"@type":"Organization","@id":"https:\/\/www.festivalaudace.fr\/#organization","name":"Le Festival de l'audace","url":"https:\/\/www.festivalaudace.fr\/","logo":{"@type":"ImageObject","inLanguage":"fr-FR","@id":"https:\/\/www.festivalaudace.fr\/#\/schema\/logo\/image\/","url":"https:\/\/www.festivalaudace.fr\/wp-content\/uploads\/2025\/07\/cropped-logo-festival-audace.png","contentUrl":"https:\/\/www.festivalaudace.fr\/wp-content\/uploads\/2025\/07\/cropped-logo-festival-audace.png","width":512,"height":512,"caption":"Le Festival de l'audace"},"image":{"@id":"https:\/\/www.festivalaudace.fr\/#\/schema\/logo\/image\/"},"sameAs":["https:\/\/www.facebook.com\/LeFestivaldelaudace\/"]}]}},"_links":{"self":[{"href":"https:\/\/www.festivalaudace.fr\/index.php\/wp-json\/wp\/v2\/pages\/178","targetHints":{"allow":["GET"]}}],"collection":[{"href":"https:\/\/www.festivalaudace.fr\/index.php\/wp-json\/wp\/v2\/pages"}],"about":[{"href":"https:\/\/www.festivalaudace.fr\/index.php\/wp-json\/wp\/v2\/types\/page"}],"author":[{"embeddable":true,"href":"https:\/\/www.festivalaudace.fr\/index.php\/wp-json\/wp\/v2\/users\/2"}],"replies":[{"embeddable":true,"href":"https:\/\/www.festivalaudace.fr\/index.php\/wp-json\/wp\/v2\/comments?post=178"}],"version-history":[{"count":88,"href":"https:\/\/www.festivalaudace.fr\/index.php\/wp-json\/wp\/v2\/pages\/178\/revisions"}],"predecessor-version":[{"id":2365,"href":"https:\/\/www.festivalaudace.fr\/index.php\/wp-json\/wp\/v2\/pages\/178\/revisions\/2365"}],"wp:attachment":[{"href":"https:\/\/www.festivalaudace.fr\/index.php\/wp-json\/wp\/v2\/media?parent=178"}],"curies":[{"name":"wp","href":"https:\/\/api.w.org\/{rel}","templated":true}]}}