{"id":2065,"date":"2026-03-09T16:28:49","date_gmt":"2026-03-09T15:28:49","guid":{"rendered":"https:\/\/www.festivalaudace.fr\/?page_id=2065"},"modified":"2026-03-22T18:05:34","modified_gmt":"2026-03-22T17:05:34","slug":"elementor-page-2065","status":"publish","type":"page","link":"https:\/\/www.festivalaudace.fr\/index.php\/elementor-page-2065\/","title":{"rendered":"Pascal Anvroin"},"content":{"rendered":"\t\t<div data-elementor-type=\"wp-page\" data-elementor-id=\"2065\" class=\"elementor elementor-2065\">\n\t\t\t\t<div class=\"elementor-element elementor-element-4a1bb0c e-flex e-con-boxed e-con e-parent\" data-id=\"4a1bb0c\" data-element_type=\"container\">\n\t\t\t\t\t<div class=\"e-con-inner\">\n\t\t<div class=\"elementor-element elementor-element-f904be6 e-con-full e-flex e-con e-child\" data-id=\"f904be6\" data-element_type=\"container\">\n\t\t\t\t<div class=\"elementor-element elementor-element-bd9150f elementor-widget__width-initial elementor-widget elementor-widget-image\" data-id=\"bd9150f\" data-element_type=\"widget\" data-widget_type=\"image.default\">\n\t\t\t\t<div class=\"elementor-widget-container\">\n\t\t\t\t\t\t\t\t\t\t\t\t\t\t\t<img fetchpriority=\"high\" decoding=\"async\" width=\"988\" height=\"1024\" src=\"https:\/\/www.festivalaudace.fr\/wp-content\/uploads\/2026\/03\/093_PASCAL-ANVROIN_165-copie-988x1024.jpeg\" class=\"attachment-large size-large wp-image-2047\" alt=\"\" srcset=\"https:\/\/www.festivalaudace.fr\/wp-content\/uploads\/2026\/03\/093_PASCAL-ANVROIN_165-copie-988x1024.jpeg 988w, https:\/\/www.festivalaudace.fr\/wp-content\/uploads\/2026\/03\/093_PASCAL-ANVROIN_165-copie-289x300.jpeg 289w, https:\/\/www.festivalaudace.fr\/wp-content\/uploads\/2026\/03\/093_PASCAL-ANVROIN_165-copie-768x796.jpeg 768w, https:\/\/www.festivalaudace.fr\/wp-content\/uploads\/2026\/03\/093_PASCAL-ANVROIN_165-copie-1481x1536.jpeg 1481w, https:\/\/www.festivalaudace.fr\/wp-content\/uploads\/2026\/03\/093_PASCAL-ANVROIN_165-copie-1975x2048.jpeg 1975w\" sizes=\"(max-width: 988px) 100vw, 988px\" \/>\t\t\t\t\t\t\t\t\t\t\t\t\t\t\t<\/div>\n\t\t\t\t<\/div>\n\t\t\t\t<\/div>\n\t\t\t\t<div class=\"elementor-element elementor-element-78ce828 elementor-widget__width-initial elementor-widget elementor-widget-text-editor\" data-id=\"78ce828\" data-element_type=\"widget\" data-widget_type=\"text-editor.default\">\n\t\t\t\t<div class=\"elementor-widget-container\">\n\t\t\t\t\t\t\t\t\t<h1>Pascal Anvroin\u00a0<\/h1><p>Pascal Anvroin est passionn\u00e9 de th\u00e9\u00e2tre depuis des ann\u00e9es. Il n\u2019a jamais pratiqu\u00e9 mais ne manque jamais les cr\u00e9ations des grands metteurs en sc\u00e8ne europ\u00e9ens. Apr\u00e8s une carri\u00e8re dans la finance dans un grand groupe d\u2019assurance, il s\u2019investit dans l\u2019associatif et rejoint l\u2019\u00e9quipe du Festival de l\u2019audace en tant que tr\u00e9sorier.<\/p><p>\u00a0<\/p>\t\t\t\t\t\t\t\t<\/div>\n\t\t\t\t<\/div>\n\t\t\t\t\t<\/div>\n\t\t\t\t<\/div>\n\t\t\t\t<\/div>\n\t\t","protected":false},"excerpt":{"rendered":"<p>Pascal Anvroin\u00a0 Pascal Anvroin est passionn\u00e9 de th\u00e9\u00e2tre depuis des ann\u00e9es. Il n\u2019a jamais pratiqu\u00e9 mais ne manque jamais les cr\u00e9ations des grands metteurs en sc\u00e8ne europ\u00e9ens. Apr\u00e8s une carri\u00e8re dans la finance dans un grand groupe d\u2019assurance, il s\u2019investit dans l\u2019associatif et rejoint l\u2019\u00e9quipe du Festival de l\u2019audace en tant que tr\u00e9sorier. \u00a0<\/p>\n","protected":false},"author":2,"featured_media":0,"parent":0,"menu_order":0,"comment_status":"closed","ping_status":"closed","template":"","meta":{"footnotes":""},"class_list":["post-2065","page","type-page","status-publish","hentry"],"yoast_head":"<!-- This site is optimized with the Yoast SEO plugin v25.6 - https:\/\/yoast.com\/wordpress\/plugins\/seo\/ -->\n<title>Pascal Anvroin - Le Festival de l&#039;audace<\/title>\n<meta name=\"robots\" content=\"index, follow, max-snippet:-1, max-image-preview:large, max-video-preview:-1\" \/>\n<link rel=\"canonical\" href=\"https:\/\/www.festivalaudace.fr\/index.php\/elementor-page-2065\/\" \/>\n<meta property=\"og:locale\" content=\"fr_FR\" \/>\n<meta property=\"og:type\" content=\"article\" \/>\n<meta property=\"og:title\" content=\"Pascal Anvroin - Le Festival de l&#039;audace\" \/>\n<meta property=\"og:description\" content=\"Pascal Anvroin\u00a0 Pascal Anvroin est passionn\u00e9 de th\u00e9\u00e2tre depuis des ann\u00e9es. Il n\u2019a jamais pratiqu\u00e9 mais ne manque jamais les cr\u00e9ations des grands metteurs en sc\u00e8ne europ\u00e9ens. Apr\u00e8s une carri\u00e8re dans la finance dans un grand groupe d\u2019assurance, il s\u2019investit dans l\u2019associatif et rejoint l\u2019\u00e9quipe du Festival de l\u2019audace en tant que tr\u00e9sorier. \u00a0\" \/>\n<meta property=\"og:url\" content=\"https:\/\/www.festivalaudace.fr\/index.php\/elementor-page-2065\/\" \/>\n<meta property=\"og:site_name\" content=\"Le Festival de l&#039;audace\" \/>\n<meta property=\"article:publisher\" content=\"https:\/\/www.facebook.com\/LeFestivaldelaudace\/\" \/>\n<meta property=\"article:modified_time\" content=\"2026-03-22T17:05:34+00:00\" \/>\n<meta property=\"og:image\" content=\"https:\/\/www.festivalaudace.fr\/wp-content\/uploads\/2026\/03\/093_PASCAL-ANVROIN_165-copie-scaled.jpeg\" \/>\n\t<meta property=\"og:image:width\" content=\"2469\" \/>\n\t<meta property=\"og:image:height\" content=\"2560\" \/>\n\t<meta property=\"og:image:type\" content=\"image\/jpeg\" \/>\n<meta name=\"twitter:card\" content=\"summary_large_image\" \/>\n<meta name=\"twitter:label1\" content=\"Dur\u00e9e de lecture estim\u00e9e\" \/>\n\t<meta name=\"twitter:data1\" content=\"1 minute\" \/>\n<script type=\"application\/ld+json\" class=\"yoast-schema-graph\">{\"@context\":\"https:\/\/schema.org\",\"@graph\":[{\"@type\":\"WebPage\",\"@id\":\"https:\/\/www.festivalaudace.fr\/index.php\/elementor-page-2065\/\",\"url\":\"https:\/\/www.festivalaudace.fr\/index.php\/elementor-page-2065\/\",\"name\":\"Pascal Anvroin - Le Festival de l&#039;audace\",\"isPartOf\":{\"@id\":\"https:\/\/www.festivalaudace.fr\/#website\"},\"primaryImageOfPage\":{\"@id\":\"https:\/\/www.festivalaudace.fr\/index.php\/elementor-page-2065\/#primaryimage\"},\"image\":{\"@id\":\"https:\/\/www.festivalaudace.fr\/index.php\/elementor-page-2065\/#primaryimage\"},\"thumbnailUrl\":\"https:\/\/www.festivalaudace.fr\/wp-content\/uploads\/2026\/03\/093_PASCAL-ANVROIN_165-copie-988x1024.jpeg\",\"datePublished\":\"2026-03-09T15:28:49+00:00\",\"dateModified\":\"2026-03-22T17:05:34+00:00\",\"breadcrumb\":{\"@id\":\"https:\/\/www.festivalaudace.fr\/index.php\/elementor-page-2065\/#breadcrumb\"},\"inLanguage\":\"fr-FR\",\"potentialAction\":[{\"@type\":\"ReadAction\",\"target\":[\"https:\/\/www.festivalaudace.fr\/index.php\/elementor-page-2065\/\"]}]},{\"@type\":\"ImageObject\",\"inLanguage\":\"fr-FR\",\"@id\":\"https:\/\/www.festivalaudace.fr\/index.php\/elementor-page-2065\/#primaryimage\",\"url\":\"https:\/\/www.festivalaudace.fr\/wp-content\/uploads\/2026\/03\/093_PASCAL-ANVROIN_165-copie-scaled.jpeg\",\"contentUrl\":\"https:\/\/www.festivalaudace.fr\/wp-content\/uploads\/2026\/03\/093_PASCAL-ANVROIN_165-copie-scaled.jpeg\",\"width\":2469,\"height\":2560,\"caption\":\"TROMBINOSCOPE DES RESTOS DU COEUR, SEPTEMBRE 2025 PORTRAITS SALARIES ET BENEVOLES PHOTO: \u00a9 SYLVIE GROSBOIS \/ RESTOS DU COEUR\"},{\"@type\":\"BreadcrumbList\",\"@id\":\"https:\/\/www.festivalaudace.fr\/index.php\/elementor-page-2065\/#breadcrumb\",\"itemListElement\":[{\"@type\":\"ListItem\",\"position\":1,\"name\":\"Accueil\",\"item\":\"https:\/\/www.festivalaudace.fr\/\"},{\"@type\":\"ListItem\",\"position\":2,\"name\":\"Pascal Anvroin\"}]},{\"@type\":\"WebSite\",\"@id\":\"https:\/\/www.festivalaudace.fr\/#website\",\"url\":\"https:\/\/www.festivalaudace.fr\/\",\"name\":\"Le Festival de l'audace\",\"description\":\"\",\"publisher\":{\"@id\":\"https:\/\/www.festivalaudace.fr\/#organization\"},\"potentialAction\":[{\"@type\":\"SearchAction\",\"target\":{\"@type\":\"EntryPoint\",\"urlTemplate\":\"https:\/\/www.festivalaudace.fr\/?s={search_term_string}\"},\"query-input\":{\"@type\":\"PropertyValueSpecification\",\"valueRequired\":true,\"valueName\":\"search_term_string\"}}],\"inLanguage\":\"fr-FR\"},{\"@type\":\"Organization\",\"@id\":\"https:\/\/www.festivalaudace.fr\/#organization\",\"name\":\"Le Festival de l'audace\",\"url\":\"https:\/\/www.festivalaudace.fr\/\",\"logo\":{\"@type\":\"ImageObject\",\"inLanguage\":\"fr-FR\",\"@id\":\"https:\/\/www.festivalaudace.fr\/#\/schema\/logo\/image\/\",\"url\":\"https:\/\/www.festivalaudace.fr\/wp-content\/uploads\/2025\/07\/cropped-logo-festival-audace.png\",\"contentUrl\":\"https:\/\/www.festivalaudace.fr\/wp-content\/uploads\/2025\/07\/cropped-logo-festival-audace.png\",\"width\":512,\"height\":512,\"caption\":\"Le Festival de l'audace\"},\"image\":{\"@id\":\"https:\/\/www.festivalaudace.fr\/#\/schema\/logo\/image\/\"},\"sameAs\":[\"https:\/\/www.facebook.com\/LeFestivaldelaudace\/\"]}]}<\/script>\n<!-- \/ Yoast SEO plugin. -->","yoast_head_json":{"title":"Pascal Anvroin - Le Festival de l&#039;audace","robots":{"index":"index","follow":"follow","max-snippet":"max-snippet:-1","max-image-preview":"max-image-preview:large","max-video-preview":"max-video-preview:-1"},"canonical":"https:\/\/www.festivalaudace.fr\/index.php\/elementor-page-2065\/","og_locale":"fr_FR","og_type":"article","og_title":"Pascal Anvroin - Le Festival de l&#039;audace","og_description":"Pascal Anvroin\u00a0 Pascal Anvroin est passionn\u00e9 de th\u00e9\u00e2tre depuis des ann\u00e9es. Il n\u2019a jamais pratiqu\u00e9 mais ne manque jamais les cr\u00e9ations des grands metteurs en sc\u00e8ne europ\u00e9ens. Apr\u00e8s une carri\u00e8re dans la finance dans un grand groupe d\u2019assurance, il s\u2019investit dans l\u2019associatif et rejoint l\u2019\u00e9quipe du Festival de l\u2019audace en tant que tr\u00e9sorier. \u00a0","og_url":"https:\/\/www.festivalaudace.fr\/index.php\/elementor-page-2065\/","og_site_name":"Le Festival de l&#039;audace","article_publisher":"https:\/\/www.facebook.com\/LeFestivaldelaudace\/","article_modified_time":"2026-03-22T17:05:34+00:00","og_image":[{"width":2469,"height":2560,"url":"https:\/\/www.festivalaudace.fr\/wp-content\/uploads\/2026\/03\/093_PASCAL-ANVROIN_165-copie-scaled.jpeg","type":"image\/jpeg"}],"twitter_card":"summary_large_image","twitter_misc":{"Dur\u00e9e de lecture estim\u00e9e":"1 minute"},"schema":{"@context":"https:\/\/schema.org","@graph":[{"@type":"WebPage","@id":"https:\/\/www.festivalaudace.fr\/index.php\/elementor-page-2065\/","url":"https:\/\/www.festivalaudace.fr\/index.php\/elementor-page-2065\/","name":"Pascal Anvroin - Le Festival de l&#039;audace","isPartOf":{"@id":"https:\/\/www.festivalaudace.fr\/#website"},"primaryImageOfPage":{"@id":"https:\/\/www.festivalaudace.fr\/index.php\/elementor-page-2065\/#primaryimage"},"image":{"@id":"https:\/\/www.festivalaudace.fr\/index.php\/elementor-page-2065\/#primaryimage"},"thumbnailUrl":"https:\/\/www.festivalaudace.fr\/wp-content\/uploads\/2026\/03\/093_PASCAL-ANVROIN_165-copie-988x1024.jpeg","datePublished":"2026-03-09T15:28:49+00:00","dateModified":"2026-03-22T17:05:34+00:00","breadcrumb":{"@id":"https:\/\/www.festivalaudace.fr\/index.php\/elementor-page-2065\/#breadcrumb"},"inLanguage":"fr-FR","potentialAction":[{"@type":"ReadAction","target":["https:\/\/www.festivalaudace.fr\/index.php\/elementor-page-2065\/"]}]},{"@type":"ImageObject","inLanguage":"fr-FR","@id":"https:\/\/www.festivalaudace.fr\/index.php\/elementor-page-2065\/#primaryimage","url":"https:\/\/www.festivalaudace.fr\/wp-content\/uploads\/2026\/03\/093_PASCAL-ANVROIN_165-copie-scaled.jpeg","contentUrl":"https:\/\/www.festivalaudace.fr\/wp-content\/uploads\/2026\/03\/093_PASCAL-ANVROIN_165-copie-scaled.jpeg","width":2469,"height":2560,"caption":"TROMBINOSCOPE DES RESTOS DU COEUR, SEPTEMBRE 2025 PORTRAITS SALARIES ET BENEVOLES PHOTO: \u00a9 SYLVIE GROSBOIS \/ RESTOS DU COEUR"},{"@type":"BreadcrumbList","@id":"https:\/\/www.festivalaudace.fr\/index.php\/elementor-page-2065\/#breadcrumb","itemListElement":[{"@type":"ListItem","position":1,"name":"Accueil","item":"https:\/\/www.festivalaudace.fr\/"},{"@type":"ListItem","position":2,"name":"Pascal Anvroin"}]},{"@type":"WebSite","@id":"https:\/\/www.festivalaudace.fr\/#website","url":"https:\/\/www.festivalaudace.fr\/","name":"Le Festival de l'audace","description":"","publisher":{"@id":"https:\/\/www.festivalaudace.fr\/#organization"},"potentialAction":[{"@type":"SearchAction","target":{"@type":"EntryPoint","urlTemplate":"https:\/\/www.festivalaudace.fr\/?s={search_term_string}"},"query-input":{"@type":"PropertyValueSpecification","valueRequired":true,"valueName":"search_term_string"}}],"inLanguage":"fr-FR"},{"@type":"Organization","@id":"https:\/\/www.festivalaudace.fr\/#organization","name":"Le Festival de l'audace","url":"https:\/\/www.festivalaudace.fr\/","logo":{"@type":"ImageObject","inLanguage":"fr-FR","@id":"https:\/\/www.festivalaudace.fr\/#\/schema\/logo\/image\/","url":"https:\/\/www.festivalaudace.fr\/wp-content\/uploads\/2025\/07\/cropped-logo-festival-audace.png","contentUrl":"https:\/\/www.festivalaudace.fr\/wp-content\/uploads\/2025\/07\/cropped-logo-festival-audace.png","width":512,"height":512,"caption":"Le Festival de l'audace"},"image":{"@id":"https:\/\/www.festivalaudace.fr\/#\/schema\/logo\/image\/"},"sameAs":["https:\/\/www.facebook.com\/LeFestivaldelaudace\/"]}]}},"_links":{"self":[{"href":"https:\/\/www.festivalaudace.fr\/index.php\/wp-json\/wp\/v2\/pages\/2065","targetHints":{"allow":["GET"]}}],"collection":[{"href":"https:\/\/www.festivalaudace.fr\/index.php\/wp-json\/wp\/v2\/pages"}],"about":[{"href":"https:\/\/www.festivalaudace.fr\/index.php\/wp-json\/wp\/v2\/types\/page"}],"author":[{"embeddable":true,"href":"https:\/\/www.festivalaudace.fr\/index.php\/wp-json\/wp\/v2\/users\/2"}],"replies":[{"embeddable":true,"href":"https:\/\/www.festivalaudace.fr\/index.php\/wp-json\/wp\/v2\/comments?post=2065"}],"version-history":[{"count":10,"href":"https:\/\/www.festivalaudace.fr\/index.php\/wp-json\/wp\/v2\/pages\/2065\/revisions"}],"predecessor-version":[{"id":2149,"href":"https:\/\/www.festivalaudace.fr\/index.php\/wp-json\/wp\/v2\/pages\/2065\/revisions\/2149"}],"wp:attachment":[{"href":"https:\/\/www.festivalaudace.fr\/index.php\/wp-json\/wp\/v2\/media?parent=2065"}],"curies":[{"name":"wp","href":"https:\/\/api.w.org\/{rel}","templated":true}]}}