{"id":2111,"date":"2026-03-21T18:45:52","date_gmt":"2026-03-21T17:45:52","guid":{"rendered":"https:\/\/www.festivalaudace.fr\/?page_id=2111"},"modified":"2026-03-27T20:02:09","modified_gmt":"2026-03-27T19:02:09","slug":"candidatures-2026","status":"publish","type":"page","link":"https:\/\/www.festivalaudace.fr\/index.php\/candidatures-2026\/","title":{"rendered":"Candidatures 2026"},"content":{"rendered":"\t\t<div data-elementor-type=\"wp-page\" data-elementor-id=\"2111\" class=\"elementor elementor-2111\">\n\t\t\t\t<div class=\"elementor-element elementor-element-e3a9e17 e-flex e-con-boxed e-con e-parent\" data-id=\"e3a9e17\" data-element_type=\"container\">\n\t\t\t\t\t<div class=\"e-con-inner\">\n\t\t\t\t<div class=\"elementor-element elementor-element-6d2f9e0 elementor-widget elementor-widget-text-editor\" data-id=\"6d2f9e0\" data-element_type=\"widget\" data-widget_type=\"text-editor.default\">\n\t\t\t\t<div class=\"elementor-widget-container\">\n\t\t\t\t\t\t\t\t\t<p>Vous \u00eates une compagnie amateure de l&rsquo;Ile de France ou de ses d\u00e9partements limitrophes et vous souhaitez d\u00e9poser votre candidature au Festival de l&rsquo;audace ?<\/p>\t\t\t\t\t\t\t\t<\/div>\n\t\t\t\t<\/div>\n\t\t\t\t<div class=\"elementor-element elementor-element-ee07b31 elementor-widget elementor-widget-text-editor\" data-id=\"ee07b31\" data-element_type=\"widget\" data-widget_type=\"text-editor.default\">\n\t\t\t\t<div class=\"elementor-widget-container\">\n\t\t\t\t\t\t\t\t\t<p>Cliquez sur le bouton ci-dessous, vous serez redirig\u00e9 vers notre lien Google Forms<\/p>\t\t\t\t\t\t\t\t<\/div>\n\t\t\t\t<\/div>\n\t\t\t\t\t<\/div>\n\t\t\t\t<\/div>\n\t\t<div class=\"elementor-element elementor-element-b47c392 e-con-full e-flex e-con e-parent\" data-id=\"b47c392\" data-element_type=\"container\">\n\t\t\t\t<div class=\"elementor-element elementor-element-248883d elementor-widget elementor-widget-image\" data-id=\"248883d\" data-element_type=\"widget\" data-widget_type=\"image.default\">\n\t\t\t\t<div class=\"elementor-widget-container\">\n\t\t\t\t\t\t\t\t\t\t\t\t\t\t\t<img fetchpriority=\"high\" decoding=\"async\" width=\"474\" height=\"474\" src=\"https:\/\/www.festivalaudace.fr\/wp-content\/uploads\/2026\/03\/OIP.jpeg\" class=\"attachment-large size-large wp-image-2195\" alt=\"\" srcset=\"https:\/\/www.festivalaudace.fr\/wp-content\/uploads\/2026\/03\/OIP.jpeg 474w, https:\/\/www.festivalaudace.fr\/wp-content\/uploads\/2026\/03\/OIP-300x300.jpeg 300w, https:\/\/www.festivalaudace.fr\/wp-content\/uploads\/2026\/03\/OIP-150x150.jpeg 150w\" sizes=\"(max-width: 474px) 100vw, 474px\" \/>\t\t\t\t\t\t\t\t\t\t\t\t\t\t\t<\/div>\n\t\t\t\t<\/div>\n\t\t\t\t<\/div>\n\t\t<div class=\"elementor-element elementor-element-27a92d1 e-con-full e-flex e-con e-parent\" data-id=\"27a92d1\" data-element_type=\"container\">\n\t\t\t\t<div class=\"elementor-element elementor-element-8cd1a49 elementor-align-center elementor-widget elementor-widget-button\" data-id=\"8cd1a49\" data-element_type=\"widget\" data-widget_type=\"button.default\">\n\t\t\t\t<div class=\"elementor-widget-container\">\n\t\t\t\t\t\t\t\t\t<div class=\"elementor-button-wrapper\">\n\t\t\t\t\t<a class=\"elementor-button elementor-button-link elementor-size-sm\" href=\"https:\/\/forms.gle\/4XFvsW2xrh8LQpRM6\">\n\t\t\t\t\t\t<span class=\"elementor-button-content-wrapper\">\n\t\t\t\t\t\t\t\t\t<span class=\"elementor-button-text\">candidature pour le Festival de l'audace <\/span>\n\t\t\t\t\t<\/span>\n\t\t\t\t\t<\/a>\n\t\t\t\t<\/div>\n\t\t\t\t\t\t\t\t<\/div>\n\t\t\t\t<\/div>\n\t\t\t\t<\/div>\n\t\t<div class=\"elementor-element elementor-element-d765b2b e-con-full e-flex e-con e-parent\" data-id=\"d765b2b\" data-element_type=\"container\">\n\t\t\t\t<div class=\"elementor-element elementor-element-9b67807 elementor-widget elementor-widget-button\" data-id=\"9b67807\" data-element_type=\"widget\" data-widget_type=\"button.default\">\n\t\t\t\t<div class=\"elementor-widget-container\">\n\t\t\t\t\t\t\t\t\t<div class=\"elementor-button-wrapper\">\n\t\t\t\t\t<a class=\"elementor-button elementor-button-link elementor-size-sm\" href=\"https:\/\/www.festivalaudace.fr\/wp-content\/uploads\/2026\/03\/Reglement-du-Festival-de-laudace-1.pdf\">\n\t\t\t\t\t\t<span class=\"elementor-button-content-wrapper\">\n\t\t\t\t\t\t\t\t\t<span class=\"elementor-button-text\">R\u00e8glement du Festival de l'audace<\/span>\n\t\t\t\t\t<\/span>\n\t\t\t\t\t<\/a>\n\t\t\t\t<\/div>\n\t\t\t\t\t\t\t\t<\/div>\n\t\t\t\t<\/div>\n\t\t\t\t<div class=\"elementor-element elementor-element-8715d99 elementor-widget elementor-widget-text-editor\" data-id=\"8715d99\" data-element_type=\"widget\" data-widget_type=\"text-editor.default\">\n\t\t\t\t<div class=\"elementor-widget-container\">\n\t\t\t\t\t\t\t\t\t<p>Les candidatures sont ouvertes jusqu&rsquo;au 23 juin 2026.\u00a0<\/p><p>5 compagnies audacieuses seront s\u00e9lectionn\u00e9es et pr\u00e9senteront leur spectacle \u00e0 la Maison de l&rsquo;environnement de Magny-les-Hameaux (78)<\/p><p>le week-end du vendredi 2, samedi 3 et dimanche 4 Octobre 2026.\u00a0<\/p><p>Nous avons h\u00e2te de d\u00e9couvrir votre travail !<\/p><p>A bient\u00f4t !<\/p>\t\t\t\t\t\t\t\t<\/div>\n\t\t\t\t<\/div>\n\t\t\t\t<\/div>\n\t\t\t\t<\/div>\n\t\t","protected":false},"excerpt":{"rendered":"<p>Vous \u00eates une compagnie amateure de l&rsquo;Ile de France ou de ses d\u00e9partements limitrophes et vous souhaitez d\u00e9poser votre candidature au Festival de l&rsquo;audace ? Cliquez sur le bouton ci-dessous, vous serez redirig\u00e9 vers notre lien Google Forms candidature pour le Festival de l&rsquo;audace R\u00e8glement du Festival de l&rsquo;audace Les candidatures sont ouvertes jusqu&rsquo;au 23 [&hellip;]<\/p>\n","protected":false},"author":2,"featured_media":0,"parent":0,"menu_order":0,"comment_status":"closed","ping_status":"closed","template":"","meta":{"footnotes":""},"class_list":["post-2111","page","type-page","status-publish","hentry"],"yoast_head":"<!-- This site is optimized with the Yoast SEO plugin v25.6 - https:\/\/yoast.com\/wordpress\/plugins\/seo\/ -->\n<title>Candidatures 2026 - Le Festival de l&#039;audace<\/title>\n<meta name=\"robots\" content=\"index, follow, max-snippet:-1, max-image-preview:large, max-video-preview:-1\" \/>\n<link rel=\"canonical\" href=\"https:\/\/www.festivalaudace.fr\/index.php\/candidatures-2026\/\" \/>\n<meta property=\"og:locale\" content=\"fr_FR\" \/>\n<meta property=\"og:type\" content=\"article\" \/>\n<meta property=\"og:title\" content=\"Candidatures 2026 - Le Festival de l&#039;audace\" \/>\n<meta property=\"og:description\" content=\"Vous \u00eates une compagnie amateure de l&rsquo;Ile de France ou de ses d\u00e9partements limitrophes et vous souhaitez d\u00e9poser votre candidature au Festival de l&rsquo;audace ? Cliquez sur le bouton ci-dessous, vous serez redirig\u00e9 vers notre lien Google Forms candidature pour le Festival de l&rsquo;audace R\u00e8glement du Festival de l&rsquo;audace Les candidatures sont ouvertes jusqu&rsquo;au 23 [&hellip;]\" \/>\n<meta property=\"og:url\" content=\"https:\/\/www.festivalaudace.fr\/index.php\/candidatures-2026\/\" \/>\n<meta property=\"og:site_name\" content=\"Le Festival de l&#039;audace\" \/>\n<meta property=\"article:publisher\" content=\"https:\/\/www.facebook.com\/LeFestivaldelaudace\/\" \/>\n<meta property=\"article:modified_time\" content=\"2026-03-27T19:02:09+00:00\" \/>\n<meta property=\"og:image\" content=\"https:\/\/www.festivalaudace.fr\/wp-content\/uploads\/2026\/03\/OIP.jpeg\" \/>\n\t<meta property=\"og:image:width\" content=\"474\" \/>\n\t<meta property=\"og:image:height\" content=\"474\" \/>\n\t<meta property=\"og:image:type\" content=\"image\/jpeg\" \/>\n<meta name=\"twitter:card\" content=\"summary_large_image\" \/>\n<meta name=\"twitter:label1\" content=\"Dur\u00e9e de lecture estim\u00e9e\" \/>\n\t<meta name=\"twitter:data1\" content=\"1 minute\" \/>\n<script type=\"application\/ld+json\" class=\"yoast-schema-graph\">{\"@context\":\"https:\/\/schema.org\",\"@graph\":[{\"@type\":\"WebPage\",\"@id\":\"https:\/\/www.festivalaudace.fr\/index.php\/candidatures-2026\/\",\"url\":\"https:\/\/www.festivalaudace.fr\/index.php\/candidatures-2026\/\",\"name\":\"Candidatures 2026 - Le Festival de l&#039;audace\",\"isPartOf\":{\"@id\":\"https:\/\/www.festivalaudace.fr\/#website\"},\"primaryImageOfPage\":{\"@id\":\"https:\/\/www.festivalaudace.fr\/index.php\/candidatures-2026\/#primaryimage\"},\"image\":{\"@id\":\"https:\/\/www.festivalaudace.fr\/index.php\/candidatures-2026\/#primaryimage\"},\"thumbnailUrl\":\"https:\/\/www.festivalaudace.fr\/wp-content\/uploads\/2026\/03\/OIP.jpeg\",\"datePublished\":\"2026-03-21T17:45:52+00:00\",\"dateModified\":\"2026-03-27T19:02:09+00:00\",\"breadcrumb\":{\"@id\":\"https:\/\/www.festivalaudace.fr\/index.php\/candidatures-2026\/#breadcrumb\"},\"inLanguage\":\"fr-FR\",\"potentialAction\":[{\"@type\":\"ReadAction\",\"target\":[\"https:\/\/www.festivalaudace.fr\/index.php\/candidatures-2026\/\"]}]},{\"@type\":\"ImageObject\",\"inLanguage\":\"fr-FR\",\"@id\":\"https:\/\/www.festivalaudace.fr\/index.php\/candidatures-2026\/#primaryimage\",\"url\":\"https:\/\/www.festivalaudace.fr\/wp-content\/uploads\/2026\/03\/OIP.jpeg\",\"contentUrl\":\"https:\/\/www.festivalaudace.fr\/wp-content\/uploads\/2026\/03\/OIP.jpeg\",\"width\":474,\"height\":474},{\"@type\":\"BreadcrumbList\",\"@id\":\"https:\/\/www.festivalaudace.fr\/index.php\/candidatures-2026\/#breadcrumb\",\"itemListElement\":[{\"@type\":\"ListItem\",\"position\":1,\"name\":\"Accueil\",\"item\":\"https:\/\/www.festivalaudace.fr\/\"},{\"@type\":\"ListItem\",\"position\":2,\"name\":\"Candidatures 2026\"}]},{\"@type\":\"WebSite\",\"@id\":\"https:\/\/www.festivalaudace.fr\/#website\",\"url\":\"https:\/\/www.festivalaudace.fr\/\",\"name\":\"Le Festival de l'audace\",\"description\":\"\",\"publisher\":{\"@id\":\"https:\/\/www.festivalaudace.fr\/#organization\"},\"potentialAction\":[{\"@type\":\"SearchAction\",\"target\":{\"@type\":\"EntryPoint\",\"urlTemplate\":\"https:\/\/www.festivalaudace.fr\/?s={search_term_string}\"},\"query-input\":{\"@type\":\"PropertyValueSpecification\",\"valueRequired\":true,\"valueName\":\"search_term_string\"}}],\"inLanguage\":\"fr-FR\"},{\"@type\":\"Organization\",\"@id\":\"https:\/\/www.festivalaudace.fr\/#organization\",\"name\":\"Le Festival de l'audace\",\"url\":\"https:\/\/www.festivalaudace.fr\/\",\"logo\":{\"@type\":\"ImageObject\",\"inLanguage\":\"fr-FR\",\"@id\":\"https:\/\/www.festivalaudace.fr\/#\/schema\/logo\/image\/\",\"url\":\"https:\/\/www.festivalaudace.fr\/wp-content\/uploads\/2025\/07\/cropped-logo-festival-audace.png\",\"contentUrl\":\"https:\/\/www.festivalaudace.fr\/wp-content\/uploads\/2025\/07\/cropped-logo-festival-audace.png\",\"width\":512,\"height\":512,\"caption\":\"Le Festival de l'audace\"},\"image\":{\"@id\":\"https:\/\/www.festivalaudace.fr\/#\/schema\/logo\/image\/\"},\"sameAs\":[\"https:\/\/www.facebook.com\/LeFestivaldelaudace\/\"]}]}<\/script>\n<!-- \/ Yoast SEO plugin. -->","yoast_head_json":{"title":"Candidatures 2026 - Le Festival de l&#039;audace","robots":{"index":"index","follow":"follow","max-snippet":"max-snippet:-1","max-image-preview":"max-image-preview:large","max-video-preview":"max-video-preview:-1"},"canonical":"https:\/\/www.festivalaudace.fr\/index.php\/candidatures-2026\/","og_locale":"fr_FR","og_type":"article","og_title":"Candidatures 2026 - Le Festival de l&#039;audace","og_description":"Vous \u00eates une compagnie amateure de l&rsquo;Ile de France ou de ses d\u00e9partements limitrophes et vous souhaitez d\u00e9poser votre candidature au Festival de l&rsquo;audace ? Cliquez sur le bouton ci-dessous, vous serez redirig\u00e9 vers notre lien Google Forms candidature pour le Festival de l&rsquo;audace R\u00e8glement du Festival de l&rsquo;audace Les candidatures sont ouvertes jusqu&rsquo;au 23 [&hellip;]","og_url":"https:\/\/www.festivalaudace.fr\/index.php\/candidatures-2026\/","og_site_name":"Le Festival de l&#039;audace","article_publisher":"https:\/\/www.facebook.com\/LeFestivaldelaudace\/","article_modified_time":"2026-03-27T19:02:09+00:00","og_image":[{"width":474,"height":474,"url":"https:\/\/www.festivalaudace.fr\/wp-content\/uploads\/2026\/03\/OIP.jpeg","type":"image\/jpeg"}],"twitter_card":"summary_large_image","twitter_misc":{"Dur\u00e9e de lecture estim\u00e9e":"1 minute"},"schema":{"@context":"https:\/\/schema.org","@graph":[{"@type":"WebPage","@id":"https:\/\/www.festivalaudace.fr\/index.php\/candidatures-2026\/","url":"https:\/\/www.festivalaudace.fr\/index.php\/candidatures-2026\/","name":"Candidatures 2026 - Le Festival de l&#039;audace","isPartOf":{"@id":"https:\/\/www.festivalaudace.fr\/#website"},"primaryImageOfPage":{"@id":"https:\/\/www.festivalaudace.fr\/index.php\/candidatures-2026\/#primaryimage"},"image":{"@id":"https:\/\/www.festivalaudace.fr\/index.php\/candidatures-2026\/#primaryimage"},"thumbnailUrl":"https:\/\/www.festivalaudace.fr\/wp-content\/uploads\/2026\/03\/OIP.jpeg","datePublished":"2026-03-21T17:45:52+00:00","dateModified":"2026-03-27T19:02:09+00:00","breadcrumb":{"@id":"https:\/\/www.festivalaudace.fr\/index.php\/candidatures-2026\/#breadcrumb"},"inLanguage":"fr-FR","potentialAction":[{"@type":"ReadAction","target":["https:\/\/www.festivalaudace.fr\/index.php\/candidatures-2026\/"]}]},{"@type":"ImageObject","inLanguage":"fr-FR","@id":"https:\/\/www.festivalaudace.fr\/index.php\/candidatures-2026\/#primaryimage","url":"https:\/\/www.festivalaudace.fr\/wp-content\/uploads\/2026\/03\/OIP.jpeg","contentUrl":"https:\/\/www.festivalaudace.fr\/wp-content\/uploads\/2026\/03\/OIP.jpeg","width":474,"height":474},{"@type":"BreadcrumbList","@id":"https:\/\/www.festivalaudace.fr\/index.php\/candidatures-2026\/#breadcrumb","itemListElement":[{"@type":"ListItem","position":1,"name":"Accueil","item":"https:\/\/www.festivalaudace.fr\/"},{"@type":"ListItem","position":2,"name":"Candidatures 2026"}]},{"@type":"WebSite","@id":"https:\/\/www.festivalaudace.fr\/#website","url":"https:\/\/www.festivalaudace.fr\/","name":"Le Festival de l'audace","description":"","publisher":{"@id":"https:\/\/www.festivalaudace.fr\/#organization"},"potentialAction":[{"@type":"SearchAction","target":{"@type":"EntryPoint","urlTemplate":"https:\/\/www.festivalaudace.fr\/?s={search_term_string}"},"query-input":{"@type":"PropertyValueSpecification","valueRequired":true,"valueName":"search_term_string"}}],"inLanguage":"fr-FR"},{"@type":"Organization","@id":"https:\/\/www.festivalaudace.fr\/#organization","name":"Le Festival de l'audace","url":"https:\/\/www.festivalaudace.fr\/","logo":{"@type":"ImageObject","inLanguage":"fr-FR","@id":"https:\/\/www.festivalaudace.fr\/#\/schema\/logo\/image\/","url":"https:\/\/www.festivalaudace.fr\/wp-content\/uploads\/2025\/07\/cropped-logo-festival-audace.png","contentUrl":"https:\/\/www.festivalaudace.fr\/wp-content\/uploads\/2025\/07\/cropped-logo-festival-audace.png","width":512,"height":512,"caption":"Le Festival de l'audace"},"image":{"@id":"https:\/\/www.festivalaudace.fr\/#\/schema\/logo\/image\/"},"sameAs":["https:\/\/www.facebook.com\/LeFestivaldelaudace\/"]}]}},"_links":{"self":[{"href":"https:\/\/www.festivalaudace.fr\/index.php\/wp-json\/wp\/v2\/pages\/2111","targetHints":{"allow":["GET"]}}],"collection":[{"href":"https:\/\/www.festivalaudace.fr\/index.php\/wp-json\/wp\/v2\/pages"}],"about":[{"href":"https:\/\/www.festivalaudace.fr\/index.php\/wp-json\/wp\/v2\/types\/page"}],"author":[{"embeddable":true,"href":"https:\/\/www.festivalaudace.fr\/index.php\/wp-json\/wp\/v2\/users\/2"}],"replies":[{"embeddable":true,"href":"https:\/\/www.festivalaudace.fr\/index.php\/wp-json\/wp\/v2\/comments?post=2111"}],"version-history":[{"count":28,"href":"https:\/\/www.festivalaudace.fr\/index.php\/wp-json\/wp\/v2\/pages\/2111\/revisions"}],"predecessor-version":[{"id":2430,"href":"https:\/\/www.festivalaudace.fr\/index.php\/wp-json\/wp\/v2\/pages\/2111\/revisions\/2430"}],"wp:attachment":[{"href":"https:\/\/www.festivalaudace.fr\/index.php\/wp-json\/wp\/v2\/media?parent=2111"}],"curies":[{"name":"wp","href":"https:\/\/api.w.org\/{rel}","templated":true}]}}