{"id":697,"date":"2025-07-27T15:26:02","date_gmt":"2025-07-27T13:26:02","guid":{"rendered":"https:\/\/www.festivalaudace.fr\/?page_id=697"},"modified":"2025-07-29T13:57:11","modified_gmt":"2025-07-29T11:57:11","slug":"elementor-page-697","status":"publish","type":"page","link":"https:\/\/www.festivalaudace.fr\/index.php\/elementor-page-697\/","title":{"rendered":"Ren\u00e9e Durand"},"content":{"rendered":"\t\t<div data-elementor-type=\"wp-page\" data-elementor-id=\"697\" class=\"elementor elementor-697\">\n\t\t\t\t<div class=\"elementor-element elementor-element-480727d e-flex e-con-boxed e-con e-parent\" data-id=\"480727d\" data-element_type=\"container\">\n\t\t\t\t\t<div class=\"e-con-inner\">\n\t\t<div class=\"elementor-element elementor-element-6576533 e-con-full e-flex e-con e-child\" data-id=\"6576533\" data-element_type=\"container\">\n\t\t\t\t<div class=\"elementor-element elementor-element-5ce7729 elementor-widget__width-initial elementor-widget elementor-widget-image\" data-id=\"5ce7729\" data-element_type=\"widget\" data-widget_type=\"image.default\">\n\t\t\t\t<div class=\"elementor-widget-container\">\n\t\t\t\t\t\t\t\t\t\t\t\t\t\t\t<img fetchpriority=\"high\" decoding=\"async\" width=\"771\" height=\"1024\" src=\"https:\/\/www.festivalaudace.fr\/wp-content\/uploads\/2025\/06\/renee-3-771x1024.jpg\" class=\"attachment-large size-large wp-image-111\" alt=\"\" srcset=\"https:\/\/www.festivalaudace.fr\/wp-content\/uploads\/2025\/06\/renee-3-771x1024.jpg 771w, https:\/\/www.festivalaudace.fr\/wp-content\/uploads\/2025\/06\/renee-3-226x300.jpg 226w, https:\/\/www.festivalaudace.fr\/wp-content\/uploads\/2025\/06\/renee-3-768x1021.jpg 768w, https:\/\/www.festivalaudace.fr\/wp-content\/uploads\/2025\/06\/renee-3-1156x1536.jpg 1156w, https:\/\/www.festivalaudace.fr\/wp-content\/uploads\/2025\/06\/renee-3.jpg 1204w\" sizes=\"(max-width: 771px) 100vw, 771px\" \/>\t\t\t\t\t\t\t\t\t\t\t\t\t\t\t<\/div>\n\t\t\t\t<\/div>\n\t\t\t\t<\/div>\n\t\t<div class=\"elementor-element elementor-element-36a8703 e-con-full e-flex e-con e-child\" data-id=\"36a8703\" data-element_type=\"container\">\n\t\t\t\t<div class=\"elementor-element elementor-element-32f679a elementor-widget elementor-widget-text-editor\" data-id=\"32f679a\" data-element_type=\"widget\" data-widget_type=\"text-editor.default\">\n\t\t\t\t<div class=\"elementor-widget-container\">\n\t\t\t\t\t\t\t\t\t<h1>Ren\u00e9e Durand\u00a0<\/h1><p>pratique des activit\u00e9s th\u00e9\u00e2trales depuis ses jeunes ann\u00e9es. B\u00e9n\u00e9vole aux Ateliers Socio-Linguistiques de Magny-les-Hameaux, elle assiste Catherine Lenne dans la mise en sc\u00e8ne de sayn\u00e8tes interpr\u00e9t\u00e9es par des femmes non francophones. En 2018, elle participe, en tant qu&rsquo;habitante de Magny-les-Hameaux, au projet de la Cie Sept Septembre, <em>J&rsquo;habite<\/em>, elle \u00e9crit, lit et joue \u00e0 cette occasion. Elle d\u00e9cide alors de rejoindre l&rsquo;atelier th\u00e9\u00e2tre de la compagnie et joue aussi bien dans des pi\u00e8ces contemporaines (Building, Les Ondes magn\u00e9tiques..) que dans des pi\u00e8ces plus classiques (La Cerisaie, Un mari id\u00e9al&#8230;). Son int\u00e9r\u00eat pour le th\u00e9\u00e2tre grandit lors de ces ateliers, elle s&rsquo;int\u00e9resse particuli\u00e8rement aux mises en sc\u00e8nes originales et d\u00e9veloppe une grande curiosit\u00e9 pour le th\u00e9\u00e2tre inventif . Forte de ces exp\u00e9riences, elle d\u00e9cide alors de s&rsquo;engager dans la cr\u00e9ation du Festival de l&rsquo;audace.\u00a0<\/p>\t\t\t\t\t\t\t\t<\/div>\n\t\t\t\t<\/div>\n\t\t\t\t<\/div>\n\t\t\t\t\t<\/div>\n\t\t\t\t<\/div>\n\t\t\t\t<\/div>\n\t\t","protected":false},"excerpt":{"rendered":"<p>Ren\u00e9e Durand\u00a0 pratique des activit\u00e9s th\u00e9\u00e2trales depuis ses jeunes ann\u00e9es. B\u00e9n\u00e9vole aux Ateliers Socio-Linguistiques de Magny-les-Hameaux, elle assiste Catherine Lenne dans la mise en sc\u00e8ne de sayn\u00e8tes interpr\u00e9t\u00e9es par des femmes non francophones. En 2018, elle participe, en tant qu&rsquo;habitante de Magny-les-Hameaux, au projet de la Cie Sept Septembre, J&rsquo;habite, elle \u00e9crit, lit et joue [&hellip;]<\/p>\n","protected":false},"author":2,"featured_media":0,"parent":0,"menu_order":0,"comment_status":"closed","ping_status":"closed","template":"","meta":{"footnotes":""},"class_list":["post-697","page","type-page","status-publish","hentry"],"yoast_head":"<!-- This site is optimized with the Yoast SEO plugin v25.6 - https:\/\/yoast.com\/wordpress\/plugins\/seo\/ -->\n<title>Ren\u00e9e Durand - Le Festival de l&#039;audace<\/title>\n<meta name=\"robots\" content=\"index, follow, max-snippet:-1, max-image-preview:large, max-video-preview:-1\" \/>\n<link rel=\"canonical\" href=\"https:\/\/www.festivalaudace.fr\/index.php\/elementor-page-697\/\" \/>\n<meta property=\"og:locale\" content=\"fr_FR\" \/>\n<meta property=\"og:type\" content=\"article\" \/>\n<meta property=\"og:title\" content=\"Ren\u00e9e Durand - Le Festival de l&#039;audace\" \/>\n<meta property=\"og:description\" content=\"Ren\u00e9e Durand\u00a0 pratique des activit\u00e9s th\u00e9\u00e2trales depuis ses jeunes ann\u00e9es. B\u00e9n\u00e9vole aux Ateliers Socio-Linguistiques de Magny-les-Hameaux, elle assiste Catherine Lenne dans la mise en sc\u00e8ne de sayn\u00e8tes interpr\u00e9t\u00e9es par des femmes non francophones. En 2018, elle participe, en tant qu&rsquo;habitante de Magny-les-Hameaux, au projet de la Cie Sept Septembre, J&rsquo;habite, elle \u00e9crit, lit et joue [&hellip;]\" \/>\n<meta property=\"og:url\" content=\"https:\/\/www.festivalaudace.fr\/index.php\/elementor-page-697\/\" \/>\n<meta property=\"og:site_name\" content=\"Le Festival de l&#039;audace\" \/>\n<meta property=\"article:publisher\" content=\"https:\/\/www.facebook.com\/LeFestivaldelaudace\/\" \/>\n<meta property=\"article:modified_time\" content=\"2025-07-29T11:57:11+00:00\" \/>\n<meta property=\"og:image\" content=\"http:\/\/www.festivalaudace.fr\/wp-content\/uploads\/2025\/06\/renee-3-771x1024.jpg\" \/>\n<meta name=\"twitter:card\" content=\"summary_large_image\" \/>\n<meta name=\"twitter:label1\" content=\"Dur\u00e9e de lecture estim\u00e9e\" \/>\n\t<meta name=\"twitter:data1\" content=\"1 minute\" \/>\n<script type=\"application\/ld+json\" class=\"yoast-schema-graph\">{\"@context\":\"https:\/\/schema.org\",\"@graph\":[{\"@type\":\"WebPage\",\"@id\":\"https:\/\/www.festivalaudace.fr\/index.php\/elementor-page-697\/\",\"url\":\"https:\/\/www.festivalaudace.fr\/index.php\/elementor-page-697\/\",\"name\":\"Ren\u00e9e Durand - Le Festival de l&#039;audace\",\"isPartOf\":{\"@id\":\"https:\/\/www.festivalaudace.fr\/#website\"},\"primaryImageOfPage\":{\"@id\":\"https:\/\/www.festivalaudace.fr\/index.php\/elementor-page-697\/#primaryimage\"},\"image\":{\"@id\":\"https:\/\/www.festivalaudace.fr\/index.php\/elementor-page-697\/#primaryimage\"},\"thumbnailUrl\":\"http:\/\/www.festivalaudace.fr\/wp-content\/uploads\/2025\/06\/renee-3-771x1024.jpg\",\"datePublished\":\"2025-07-27T13:26:02+00:00\",\"dateModified\":\"2025-07-29T11:57:11+00:00\",\"breadcrumb\":{\"@id\":\"https:\/\/www.festivalaudace.fr\/index.php\/elementor-page-697\/#breadcrumb\"},\"inLanguage\":\"fr-FR\",\"potentialAction\":[{\"@type\":\"ReadAction\",\"target\":[\"https:\/\/www.festivalaudace.fr\/index.php\/elementor-page-697\/\"]}]},{\"@type\":\"ImageObject\",\"inLanguage\":\"fr-FR\",\"@id\":\"https:\/\/www.festivalaudace.fr\/index.php\/elementor-page-697\/#primaryimage\",\"url\":\"http:\/\/www.festivalaudace.fr\/wp-content\/uploads\/2025\/06\/renee-3-771x1024.jpg\",\"contentUrl\":\"http:\/\/www.festivalaudace.fr\/wp-content\/uploads\/2025\/06\/renee-3-771x1024.jpg\"},{\"@type\":\"BreadcrumbList\",\"@id\":\"https:\/\/www.festivalaudace.fr\/index.php\/elementor-page-697\/#breadcrumb\",\"itemListElement\":[{\"@type\":\"ListItem\",\"position\":1,\"name\":\"Accueil\",\"item\":\"https:\/\/www.festivalaudace.fr\/\"},{\"@type\":\"ListItem\",\"position\":2,\"name\":\"Ren\u00e9e Durand\"}]},{\"@type\":\"WebSite\",\"@id\":\"https:\/\/www.festivalaudace.fr\/#website\",\"url\":\"https:\/\/www.festivalaudace.fr\/\",\"name\":\"Le Festival de l'audace\",\"description\":\"\",\"publisher\":{\"@id\":\"https:\/\/www.festivalaudace.fr\/#organization\"},\"potentialAction\":[{\"@type\":\"SearchAction\",\"target\":{\"@type\":\"EntryPoint\",\"urlTemplate\":\"https:\/\/www.festivalaudace.fr\/?s={search_term_string}\"},\"query-input\":{\"@type\":\"PropertyValueSpecification\",\"valueRequired\":true,\"valueName\":\"search_term_string\"}}],\"inLanguage\":\"fr-FR\"},{\"@type\":\"Organization\",\"@id\":\"https:\/\/www.festivalaudace.fr\/#organization\",\"name\":\"Le Festival de l'audace\",\"url\":\"https:\/\/www.festivalaudace.fr\/\",\"logo\":{\"@type\":\"ImageObject\",\"inLanguage\":\"fr-FR\",\"@id\":\"https:\/\/www.festivalaudace.fr\/#\/schema\/logo\/image\/\",\"url\":\"https:\/\/www.festivalaudace.fr\/wp-content\/uploads\/2025\/07\/cropped-logo-festival-audace.png\",\"contentUrl\":\"https:\/\/www.festivalaudace.fr\/wp-content\/uploads\/2025\/07\/cropped-logo-festival-audace.png\",\"width\":512,\"height\":512,\"caption\":\"Le Festival de l'audace\"},\"image\":{\"@id\":\"https:\/\/www.festivalaudace.fr\/#\/schema\/logo\/image\/\"},\"sameAs\":[\"https:\/\/www.facebook.com\/LeFestivaldelaudace\/\"]}]}<\/script>\n<!-- \/ Yoast SEO plugin. -->","yoast_head_json":{"title":"Ren\u00e9e Durand - Le Festival de l&#039;audace","robots":{"index":"index","follow":"follow","max-snippet":"max-snippet:-1","max-image-preview":"max-image-preview:large","max-video-preview":"max-video-preview:-1"},"canonical":"https:\/\/www.festivalaudace.fr\/index.php\/elementor-page-697\/","og_locale":"fr_FR","og_type":"article","og_title":"Ren\u00e9e Durand - Le Festival de l&#039;audace","og_description":"Ren\u00e9e Durand\u00a0 pratique des activit\u00e9s th\u00e9\u00e2trales depuis ses jeunes ann\u00e9es. B\u00e9n\u00e9vole aux Ateliers Socio-Linguistiques de Magny-les-Hameaux, elle assiste Catherine Lenne dans la mise en sc\u00e8ne de sayn\u00e8tes interpr\u00e9t\u00e9es par des femmes non francophones. En 2018, elle participe, en tant qu&rsquo;habitante de Magny-les-Hameaux, au projet de la Cie Sept Septembre, J&rsquo;habite, elle \u00e9crit, lit et joue [&hellip;]","og_url":"https:\/\/www.festivalaudace.fr\/index.php\/elementor-page-697\/","og_site_name":"Le Festival de l&#039;audace","article_publisher":"https:\/\/www.facebook.com\/LeFestivaldelaudace\/","article_modified_time":"2025-07-29T11:57:11+00:00","og_image":[{"url":"http:\/\/www.festivalaudace.fr\/wp-content\/uploads\/2025\/06\/renee-3-771x1024.jpg","type":"","width":"","height":""}],"twitter_card":"summary_large_image","twitter_misc":{"Dur\u00e9e de lecture estim\u00e9e":"1 minute"},"schema":{"@context":"https:\/\/schema.org","@graph":[{"@type":"WebPage","@id":"https:\/\/www.festivalaudace.fr\/index.php\/elementor-page-697\/","url":"https:\/\/www.festivalaudace.fr\/index.php\/elementor-page-697\/","name":"Ren\u00e9e Durand - Le Festival de l&#039;audace","isPartOf":{"@id":"https:\/\/www.festivalaudace.fr\/#website"},"primaryImageOfPage":{"@id":"https:\/\/www.festivalaudace.fr\/index.php\/elementor-page-697\/#primaryimage"},"image":{"@id":"https:\/\/www.festivalaudace.fr\/index.php\/elementor-page-697\/#primaryimage"},"thumbnailUrl":"http:\/\/www.festivalaudace.fr\/wp-content\/uploads\/2025\/06\/renee-3-771x1024.jpg","datePublished":"2025-07-27T13:26:02+00:00","dateModified":"2025-07-29T11:57:11+00:00","breadcrumb":{"@id":"https:\/\/www.festivalaudace.fr\/index.php\/elementor-page-697\/#breadcrumb"},"inLanguage":"fr-FR","potentialAction":[{"@type":"ReadAction","target":["https:\/\/www.festivalaudace.fr\/index.php\/elementor-page-697\/"]}]},{"@type":"ImageObject","inLanguage":"fr-FR","@id":"https:\/\/www.festivalaudace.fr\/index.php\/elementor-page-697\/#primaryimage","url":"http:\/\/www.festivalaudace.fr\/wp-content\/uploads\/2025\/06\/renee-3-771x1024.jpg","contentUrl":"http:\/\/www.festivalaudace.fr\/wp-content\/uploads\/2025\/06\/renee-3-771x1024.jpg"},{"@type":"BreadcrumbList","@id":"https:\/\/www.festivalaudace.fr\/index.php\/elementor-page-697\/#breadcrumb","itemListElement":[{"@type":"ListItem","position":1,"name":"Accueil","item":"https:\/\/www.festivalaudace.fr\/"},{"@type":"ListItem","position":2,"name":"Ren\u00e9e Durand"}]},{"@type":"WebSite","@id":"https:\/\/www.festivalaudace.fr\/#website","url":"https:\/\/www.festivalaudace.fr\/","name":"Le Festival de l'audace","description":"","publisher":{"@id":"https:\/\/www.festivalaudace.fr\/#organization"},"potentialAction":[{"@type":"SearchAction","target":{"@type":"EntryPoint","urlTemplate":"https:\/\/www.festivalaudace.fr\/?s={search_term_string}"},"query-input":{"@type":"PropertyValueSpecification","valueRequired":true,"valueName":"search_term_string"}}],"inLanguage":"fr-FR"},{"@type":"Organization","@id":"https:\/\/www.festivalaudace.fr\/#organization","name":"Le Festival de l'audace","url":"https:\/\/www.festivalaudace.fr\/","logo":{"@type":"ImageObject","inLanguage":"fr-FR","@id":"https:\/\/www.festivalaudace.fr\/#\/schema\/logo\/image\/","url":"https:\/\/www.festivalaudace.fr\/wp-content\/uploads\/2025\/07\/cropped-logo-festival-audace.png","contentUrl":"https:\/\/www.festivalaudace.fr\/wp-content\/uploads\/2025\/07\/cropped-logo-festival-audace.png","width":512,"height":512,"caption":"Le Festival de l'audace"},"image":{"@id":"https:\/\/www.festivalaudace.fr\/#\/schema\/logo\/image\/"},"sameAs":["https:\/\/www.facebook.com\/LeFestivaldelaudace\/"]}]}},"_links":{"self":[{"href":"https:\/\/www.festivalaudace.fr\/index.php\/wp-json\/wp\/v2\/pages\/697","targetHints":{"allow":["GET"]}}],"collection":[{"href":"https:\/\/www.festivalaudace.fr\/index.php\/wp-json\/wp\/v2\/pages"}],"about":[{"href":"https:\/\/www.festivalaudace.fr\/index.php\/wp-json\/wp\/v2\/types\/page"}],"author":[{"embeddable":true,"href":"https:\/\/www.festivalaudace.fr\/index.php\/wp-json\/wp\/v2\/users\/2"}],"replies":[{"embeddable":true,"href":"https:\/\/www.festivalaudace.fr\/index.php\/wp-json\/wp\/v2\/comments?post=697"}],"version-history":[{"count":28,"href":"https:\/\/www.festivalaudace.fr\/index.php\/wp-json\/wp\/v2\/pages\/697\/revisions"}],"predecessor-version":[{"id":1110,"href":"https:\/\/www.festivalaudace.fr\/index.php\/wp-json\/wp\/v2\/pages\/697\/revisions\/1110"}],"wp:attachment":[{"href":"https:\/\/www.festivalaudace.fr\/index.php\/wp-json\/wp\/v2\/media?parent=697"}],"curies":[{"name":"wp","href":"https:\/\/api.w.org\/{rel}","templated":true}]}}