{"id":727,"date":"2025-07-27T15:37:33","date_gmt":"2025-07-27T13:37:33","guid":{"rendered":"https:\/\/www.festivalaudace.fr\/?page_id=727"},"modified":"2025-07-29T14:01:31","modified_gmt":"2025-07-29T12:01:31","slug":"mylene-huguenin-clement","status":"publish","type":"page","link":"https:\/\/www.festivalaudace.fr\/index.php\/mylene-huguenin-clement\/","title":{"rendered":"Myl\u00e8ne Huguenin Cl\u00e9ment"},"content":{"rendered":"\t\t<div data-elementor-type=\"wp-page\" data-elementor-id=\"727\" class=\"elementor elementor-727\">\n\t\t\t\t<div class=\"elementor-element elementor-element-3516700 e-flex e-con-boxed e-con e-parent\" data-id=\"3516700\" data-element_type=\"container\">\n\t\t\t\t\t<div class=\"e-con-inner\">\n\t\t<div class=\"elementor-element elementor-element-bcf8f0a e-con-full e-flex e-con e-child\" data-id=\"bcf8f0a\" data-element_type=\"container\">\n\t\t\t\t<div class=\"elementor-element elementor-element-3eb3b5f elementor-widget elementor-widget-image\" data-id=\"3eb3b5f\" data-element_type=\"widget\" data-widget_type=\"image.default\">\n\t\t\t\t<div class=\"elementor-widget-container\">\n\t\t\t\t\t\t\t\t\t\t\t\t\t\t\t<img fetchpriority=\"high\" decoding=\"async\" width=\"937\" height=\"1024\" src=\"https:\/\/www.festivalaudace.fr\/wp-content\/uploads\/2025\/06\/moi-3-937x1024.jpg\" class=\"attachment-large size-large wp-image-101\" alt=\"\" srcset=\"https:\/\/www.festivalaudace.fr\/wp-content\/uploads\/2025\/06\/moi-3-937x1024.jpg 937w, https:\/\/www.festivalaudace.fr\/wp-content\/uploads\/2025\/06\/moi-3-274x300.jpg 274w, https:\/\/www.festivalaudace.fr\/wp-content\/uploads\/2025\/06\/moi-3-768x840.jpg 768w, https:\/\/www.festivalaudace.fr\/wp-content\/uploads\/2025\/06\/moi-3-1405x1536.jpg 1405w, https:\/\/www.festivalaudace.fr\/wp-content\/uploads\/2025\/06\/moi-3.jpg 1565w\" sizes=\"(max-width: 937px) 100vw, 937px\" \/>\t\t\t\t\t\t\t\t\t\t\t\t\t\t\t<\/div>\n\t\t\t\t<\/div>\n\t\t\t\t<\/div>\n\t\t<div class=\"elementor-element elementor-element-57d50fb e-con-full e-flex e-con e-child\" data-id=\"57d50fb\" data-element_type=\"container\">\n\t\t\t\t<div class=\"elementor-element elementor-element-8978316 elementor-widget elementor-widget-text-editor\" data-id=\"8978316\" data-element_type=\"widget\" data-widget_type=\"text-editor.default\">\n\t\t\t\t<div class=\"elementor-widget-container\">\n\t\t\t\t\t\t\t\t\t<h1>Myl\u00e8ne Huguenin Cl\u00e9ment&nbsp;<\/h1>\n<p>a \u00e9t\u00e9 inspir\u00e9e d\u00e8s l&rsquo;enfance par son oncle qui jouait du th\u00e9\u00e2tre dans une troupe amateur. Elle a int\u00e9gr\u00e9 l&rsquo;atelier th\u00e9\u00e2tre de la compagnie Sept Septembre&nbsp;pendant 4 ans et a jou\u00e9 dans diff\u00e9rentes pi\u00e8ces allant du classique (La Cerisaie) au contemporain (Jeanne et le feu, Mus\u00e9e haut mus\u00e9e bas, &#8230;). Cette exp\u00e9rience l&rsquo;a marqu\u00e9e et a renforc\u00e9 son go\u00fbt pour le collectif, la cr\u00e9ativit\u00e9 et l&rsquo;\u00e9motion partag\u00e9e. Cheffe de projet dans l&rsquo;automobile, elle r\u00e9unit ses comp\u00e9tences professionnelles et sa passion artistique pour un nouveau d\u00e9fi : la cr\u00e9ation d&rsquo;un festival de th\u00e9\u00e2tre amateur, Le Festival de l&rsquo;audace.&nbsp;<\/p>\t\t\t\t\t\t\t\t<\/div>\n\t\t\t\t<\/div>\n\t\t\t\t<\/div>\n\t\t\t\t\t<\/div>\n\t\t\t\t<\/div>\n\t\t\t\t<\/div>\n\t\t","protected":false},"excerpt":{"rendered":"<p>Myl\u00e8ne Huguenin Cl\u00e9ment&nbsp; a \u00e9t\u00e9 inspir\u00e9e d\u00e8s l&rsquo;enfance par son oncle qui jouait du th\u00e9\u00e2tre dans une troupe amateur. Elle a int\u00e9gr\u00e9 l&rsquo;atelier th\u00e9\u00e2tre de la compagnie Sept Septembre&nbsp;pendant 4 ans et a jou\u00e9 dans diff\u00e9rentes pi\u00e8ces allant du classique (La Cerisaie) au contemporain (Jeanne et le feu, Mus\u00e9e haut mus\u00e9e bas, &#8230;). Cette exp\u00e9rience [&hellip;]<\/p>\n","protected":false},"author":2,"featured_media":0,"parent":0,"menu_order":0,"comment_status":"closed","ping_status":"closed","template":"","meta":{"footnotes":""},"class_list":["post-727","page","type-page","status-publish","hentry"],"yoast_head":"<!-- This site is optimized with the Yoast SEO plugin v25.6 - https:\/\/yoast.com\/wordpress\/plugins\/seo\/ -->\n<title>Myl\u00e8ne Huguenin Cl\u00e9ment - Le Festival de l&#039;audace<\/title>\n<meta name=\"robots\" content=\"index, follow, max-snippet:-1, max-image-preview:large, max-video-preview:-1\" \/>\n<link rel=\"canonical\" href=\"https:\/\/www.festivalaudace.fr\/index.php\/mylene-huguenin-clement\/\" \/>\n<meta property=\"og:locale\" content=\"fr_FR\" \/>\n<meta property=\"og:type\" content=\"article\" \/>\n<meta property=\"og:title\" content=\"Myl\u00e8ne Huguenin Cl\u00e9ment - Le Festival de l&#039;audace\" \/>\n<meta property=\"og:description\" content=\"Myl\u00e8ne Huguenin Cl\u00e9ment&nbsp; a \u00e9t\u00e9 inspir\u00e9e d\u00e8s l&rsquo;enfance par son oncle qui jouait du th\u00e9\u00e2tre dans une troupe amateur. Elle a int\u00e9gr\u00e9 l&rsquo;atelier th\u00e9\u00e2tre de la compagnie Sept Septembre&nbsp;pendant 4 ans et a jou\u00e9 dans diff\u00e9rentes pi\u00e8ces allant du classique (La Cerisaie) au contemporain (Jeanne et le feu, Mus\u00e9e haut mus\u00e9e bas, &#8230;). Cette exp\u00e9rience [&hellip;]\" \/>\n<meta property=\"og:url\" content=\"https:\/\/www.festivalaudace.fr\/index.php\/mylene-huguenin-clement\/\" \/>\n<meta property=\"og:site_name\" content=\"Le Festival de l&#039;audace\" \/>\n<meta property=\"article:publisher\" content=\"https:\/\/www.facebook.com\/LeFestivaldelaudace\/\" \/>\n<meta property=\"article:modified_time\" content=\"2025-07-29T12:01:31+00:00\" \/>\n<meta property=\"og:image\" content=\"http:\/\/www.festivalaudace.fr\/wp-content\/uploads\/2025\/06\/moi-3-937x1024.jpg\" \/>\n<meta name=\"twitter:card\" content=\"summary_large_image\" \/>\n<meta name=\"twitter:label1\" content=\"Dur\u00e9e de lecture estim\u00e9e\" \/>\n\t<meta name=\"twitter:data1\" content=\"1 minute\" \/>\n<script type=\"application\/ld+json\" class=\"yoast-schema-graph\">{\"@context\":\"https:\/\/schema.org\",\"@graph\":[{\"@type\":\"WebPage\",\"@id\":\"https:\/\/www.festivalaudace.fr\/index.php\/mylene-huguenin-clement\/\",\"url\":\"https:\/\/www.festivalaudace.fr\/index.php\/mylene-huguenin-clement\/\",\"name\":\"Myl\u00e8ne Huguenin Cl\u00e9ment - Le Festival de l&#039;audace\",\"isPartOf\":{\"@id\":\"https:\/\/www.festivalaudace.fr\/#website\"},\"primaryImageOfPage\":{\"@id\":\"https:\/\/www.festivalaudace.fr\/index.php\/mylene-huguenin-clement\/#primaryimage\"},\"image\":{\"@id\":\"https:\/\/www.festivalaudace.fr\/index.php\/mylene-huguenin-clement\/#primaryimage\"},\"thumbnailUrl\":\"http:\/\/www.festivalaudace.fr\/wp-content\/uploads\/2025\/06\/moi-3-937x1024.jpg\",\"datePublished\":\"2025-07-27T13:37:33+00:00\",\"dateModified\":\"2025-07-29T12:01:31+00:00\",\"breadcrumb\":{\"@id\":\"https:\/\/www.festivalaudace.fr\/index.php\/mylene-huguenin-clement\/#breadcrumb\"},\"inLanguage\":\"fr-FR\",\"potentialAction\":[{\"@type\":\"ReadAction\",\"target\":[\"https:\/\/www.festivalaudace.fr\/index.php\/mylene-huguenin-clement\/\"]}]},{\"@type\":\"ImageObject\",\"inLanguage\":\"fr-FR\",\"@id\":\"https:\/\/www.festivalaudace.fr\/index.php\/mylene-huguenin-clement\/#primaryimage\",\"url\":\"http:\/\/www.festivalaudace.fr\/wp-content\/uploads\/2025\/06\/moi-3-937x1024.jpg\",\"contentUrl\":\"http:\/\/www.festivalaudace.fr\/wp-content\/uploads\/2025\/06\/moi-3-937x1024.jpg\"},{\"@type\":\"BreadcrumbList\",\"@id\":\"https:\/\/www.festivalaudace.fr\/index.php\/mylene-huguenin-clement\/#breadcrumb\",\"itemListElement\":[{\"@type\":\"ListItem\",\"position\":1,\"name\":\"Accueil\",\"item\":\"https:\/\/www.festivalaudace.fr\/\"},{\"@type\":\"ListItem\",\"position\":2,\"name\":\"Myl\u00e8ne Huguenin Cl\u00e9ment\"}]},{\"@type\":\"WebSite\",\"@id\":\"https:\/\/www.festivalaudace.fr\/#website\",\"url\":\"https:\/\/www.festivalaudace.fr\/\",\"name\":\"Le Festival de l'audace\",\"description\":\"\",\"publisher\":{\"@id\":\"https:\/\/www.festivalaudace.fr\/#organization\"},\"potentialAction\":[{\"@type\":\"SearchAction\",\"target\":{\"@type\":\"EntryPoint\",\"urlTemplate\":\"https:\/\/www.festivalaudace.fr\/?s={search_term_string}\"},\"query-input\":{\"@type\":\"PropertyValueSpecification\",\"valueRequired\":true,\"valueName\":\"search_term_string\"}}],\"inLanguage\":\"fr-FR\"},{\"@type\":\"Organization\",\"@id\":\"https:\/\/www.festivalaudace.fr\/#organization\",\"name\":\"Le Festival de l'audace\",\"url\":\"https:\/\/www.festivalaudace.fr\/\",\"logo\":{\"@type\":\"ImageObject\",\"inLanguage\":\"fr-FR\",\"@id\":\"https:\/\/www.festivalaudace.fr\/#\/schema\/logo\/image\/\",\"url\":\"https:\/\/www.festivalaudace.fr\/wp-content\/uploads\/2025\/07\/cropped-logo-festival-audace.png\",\"contentUrl\":\"https:\/\/www.festivalaudace.fr\/wp-content\/uploads\/2025\/07\/cropped-logo-festival-audace.png\",\"width\":512,\"height\":512,\"caption\":\"Le Festival de l'audace\"},\"image\":{\"@id\":\"https:\/\/www.festivalaudace.fr\/#\/schema\/logo\/image\/\"},\"sameAs\":[\"https:\/\/www.facebook.com\/LeFestivaldelaudace\/\"]}]}<\/script>\n<!-- \/ Yoast SEO plugin. -->","yoast_head_json":{"title":"Myl\u00e8ne Huguenin Cl\u00e9ment - Le Festival de l&#039;audace","robots":{"index":"index","follow":"follow","max-snippet":"max-snippet:-1","max-image-preview":"max-image-preview:large","max-video-preview":"max-video-preview:-1"},"canonical":"https:\/\/www.festivalaudace.fr\/index.php\/mylene-huguenin-clement\/","og_locale":"fr_FR","og_type":"article","og_title":"Myl\u00e8ne Huguenin Cl\u00e9ment - Le Festival de l&#039;audace","og_description":"Myl\u00e8ne Huguenin Cl\u00e9ment&nbsp; a \u00e9t\u00e9 inspir\u00e9e d\u00e8s l&rsquo;enfance par son oncle qui jouait du th\u00e9\u00e2tre dans une troupe amateur. Elle a int\u00e9gr\u00e9 l&rsquo;atelier th\u00e9\u00e2tre de la compagnie Sept Septembre&nbsp;pendant 4 ans et a jou\u00e9 dans diff\u00e9rentes pi\u00e8ces allant du classique (La Cerisaie) au contemporain (Jeanne et le feu, Mus\u00e9e haut mus\u00e9e bas, &#8230;). Cette exp\u00e9rience [&hellip;]","og_url":"https:\/\/www.festivalaudace.fr\/index.php\/mylene-huguenin-clement\/","og_site_name":"Le Festival de l&#039;audace","article_publisher":"https:\/\/www.facebook.com\/LeFestivaldelaudace\/","article_modified_time":"2025-07-29T12:01:31+00:00","og_image":[{"url":"http:\/\/www.festivalaudace.fr\/wp-content\/uploads\/2025\/06\/moi-3-937x1024.jpg","type":"","width":"","height":""}],"twitter_card":"summary_large_image","twitter_misc":{"Dur\u00e9e de lecture estim\u00e9e":"1 minute"},"schema":{"@context":"https:\/\/schema.org","@graph":[{"@type":"WebPage","@id":"https:\/\/www.festivalaudace.fr\/index.php\/mylene-huguenin-clement\/","url":"https:\/\/www.festivalaudace.fr\/index.php\/mylene-huguenin-clement\/","name":"Myl\u00e8ne Huguenin Cl\u00e9ment - Le Festival de l&#039;audace","isPartOf":{"@id":"https:\/\/www.festivalaudace.fr\/#website"},"primaryImageOfPage":{"@id":"https:\/\/www.festivalaudace.fr\/index.php\/mylene-huguenin-clement\/#primaryimage"},"image":{"@id":"https:\/\/www.festivalaudace.fr\/index.php\/mylene-huguenin-clement\/#primaryimage"},"thumbnailUrl":"http:\/\/www.festivalaudace.fr\/wp-content\/uploads\/2025\/06\/moi-3-937x1024.jpg","datePublished":"2025-07-27T13:37:33+00:00","dateModified":"2025-07-29T12:01:31+00:00","breadcrumb":{"@id":"https:\/\/www.festivalaudace.fr\/index.php\/mylene-huguenin-clement\/#breadcrumb"},"inLanguage":"fr-FR","potentialAction":[{"@type":"ReadAction","target":["https:\/\/www.festivalaudace.fr\/index.php\/mylene-huguenin-clement\/"]}]},{"@type":"ImageObject","inLanguage":"fr-FR","@id":"https:\/\/www.festivalaudace.fr\/index.php\/mylene-huguenin-clement\/#primaryimage","url":"http:\/\/www.festivalaudace.fr\/wp-content\/uploads\/2025\/06\/moi-3-937x1024.jpg","contentUrl":"http:\/\/www.festivalaudace.fr\/wp-content\/uploads\/2025\/06\/moi-3-937x1024.jpg"},{"@type":"BreadcrumbList","@id":"https:\/\/www.festivalaudace.fr\/index.php\/mylene-huguenin-clement\/#breadcrumb","itemListElement":[{"@type":"ListItem","position":1,"name":"Accueil","item":"https:\/\/www.festivalaudace.fr\/"},{"@type":"ListItem","position":2,"name":"Myl\u00e8ne Huguenin Cl\u00e9ment"}]},{"@type":"WebSite","@id":"https:\/\/www.festivalaudace.fr\/#website","url":"https:\/\/www.festivalaudace.fr\/","name":"Le Festival de l'audace","description":"","publisher":{"@id":"https:\/\/www.festivalaudace.fr\/#organization"},"potentialAction":[{"@type":"SearchAction","target":{"@type":"EntryPoint","urlTemplate":"https:\/\/www.festivalaudace.fr\/?s={search_term_string}"},"query-input":{"@type":"PropertyValueSpecification","valueRequired":true,"valueName":"search_term_string"}}],"inLanguage":"fr-FR"},{"@type":"Organization","@id":"https:\/\/www.festivalaudace.fr\/#organization","name":"Le Festival de l'audace","url":"https:\/\/www.festivalaudace.fr\/","logo":{"@type":"ImageObject","inLanguage":"fr-FR","@id":"https:\/\/www.festivalaudace.fr\/#\/schema\/logo\/image\/","url":"https:\/\/www.festivalaudace.fr\/wp-content\/uploads\/2025\/07\/cropped-logo-festival-audace.png","contentUrl":"https:\/\/www.festivalaudace.fr\/wp-content\/uploads\/2025\/07\/cropped-logo-festival-audace.png","width":512,"height":512,"caption":"Le Festival de l'audace"},"image":{"@id":"https:\/\/www.festivalaudace.fr\/#\/schema\/logo\/image\/"},"sameAs":["https:\/\/www.facebook.com\/LeFestivaldelaudace\/"]}]}},"_links":{"self":[{"href":"https:\/\/www.festivalaudace.fr\/index.php\/wp-json\/wp\/v2\/pages\/727","targetHints":{"allow":["GET"]}}],"collection":[{"href":"https:\/\/www.festivalaudace.fr\/index.php\/wp-json\/wp\/v2\/pages"}],"about":[{"href":"https:\/\/www.festivalaudace.fr\/index.php\/wp-json\/wp\/v2\/types\/page"}],"author":[{"embeddable":true,"href":"https:\/\/www.festivalaudace.fr\/index.php\/wp-json\/wp\/v2\/users\/2"}],"replies":[{"embeddable":true,"href":"https:\/\/www.festivalaudace.fr\/index.php\/wp-json\/wp\/v2\/comments?post=727"}],"version-history":[{"count":19,"href":"https:\/\/www.festivalaudace.fr\/index.php\/wp-json\/wp\/v2\/pages\/727\/revisions"}],"predecessor-version":[{"id":1113,"href":"https:\/\/www.festivalaudace.fr\/index.php\/wp-json\/wp\/v2\/pages\/727\/revisions\/1113"}],"wp:attachment":[{"href":"https:\/\/www.festivalaudace.fr\/index.php\/wp-json\/wp\/v2\/media?parent=727"}],"curies":[{"name":"wp","href":"https:\/\/api.w.org\/{rel}","templated":true}]}}