{"id":81,"date":"2025-05-22T20:18:32","date_gmt":"2025-05-22T20:18:32","guid":{"rendered":"http:\/\/festivalaudace.wordpress.com\/?page_id=1"},"modified":"2026-04-01T16:20:22","modified_gmt":"2026-04-01T14:20:22","slug":"about","status":"publish","type":"page","link":"https:\/\/www.festivalaudace.fr\/index.php\/about\/","title":{"rendered":"Festival"},"content":{"rendered":"\t\t<div data-elementor-type=\"wp-page\" data-elementor-id=\"81\" class=\"elementor elementor-81\">\n\t\t\t\t<div class=\"elementor-element elementor-element-79b5fe9 e-flex e-con-boxed e-con e-parent\" data-id=\"79b5fe9\" data-element_type=\"container\">\n\t\t\t\t\t<div class=\"e-con-inner\">\n\t\t<div class=\"elementor-element elementor-element-a56b17a e-con-full e-grid e-con e-child\" data-id=\"a56b17a\" data-element_type=\"container\">\n\t\t<div class=\"elementor-element elementor-element-379a30d e-con-full e-flex e-con e-child\" data-id=\"379a30d\" data-element_type=\"container\">\n\t\t\t\t<div class=\"elementor-element elementor-element-468624b elementor-widget elementor-widget-heading\" data-id=\"468624b\" data-element_type=\"widget\" data-widget_type=\"heading.default\">\n\t\t\t\t<div class=\"elementor-widget-container\">\n\t\t\t\t\t<h1 class=\"elementor-heading-title elementor-size-default\">Le Festival de l'Audace, c'est...<\/h1>\t\t\t\t<\/div>\n\t\t\t\t<\/div>\n\t\t\t\t<div class=\"elementor-element elementor-element-098aef3 elementor-widget elementor-widget-text-editor\" data-id=\"098aef3\" data-element_type=\"widget\" data-widget_type=\"text-editor.default\">\n\t\t\t\t<div class=\"elementor-widget-container\">\n\t\t\t\t\t\t\t\t\t<div class=\"page\" title=\"Page 1\"><div class=\"layoutArea\"><div class=\"column\"><ul><li>mettre en valeur les compagnies amateures qui prennent des risques et proposent des mises en sce\u0300ne inventives.<\/li><li>c\u00e9l\u00e9brer la cr\u00e9ativit\u00e9 et l\u02bcaudace des troupes d&rsquo;Ile-de-France.<\/li><li>transformer la Maison de l\u02bcEnvironnement en une sc\u00e8ne vibrante o\u00f9 des artistes passionn\u00e9s partagent leurs talents.<\/li><li>proposer des spectacles qui sortent des sentiers battus et d\u00e9couvrir la vitalit\u00e9 du th\u00e9\u00e2tre amateur<\/li><li>rencontrer et \u00e9changer avec un jury professionnel<\/li><li>donner la possibilit\u00e9 au public de choisir sa pi\u00e8ce pr\u00e9f\u00e9r\u00e9e et lui d\u00e9cerner un prix.<\/li><\/ul><\/div><\/div><\/div>\t\t\t\t\t\t\t\t<\/div>\n\t\t\t\t<\/div>\n\t\t\t\t<\/div>\n\t\t\t\t<div class=\"elementor-element elementor-element-409f803 elementor-widget elementor-widget-image\" data-id=\"409f803\" data-element_type=\"widget\" data-widget_type=\"image.default\">\n\t\t\t\t<div class=\"elementor-widget-container\">\n\t\t\t\t\t\t\t\t\t\t\t\t\t\t\t<img fetchpriority=\"high\" decoding=\"async\" width=\"500\" height=\"500\" src=\"https:\/\/www.festivalaudace.fr\/wp-content\/uploads\/2026\/03\/9Stage-lighting-with-a-fading-transition-effect-shifting-from-bright-to-dim-to-illustrate-day-to-night-change.webp\" class=\"attachment-large size-large wp-image-2286\" alt=\"\" srcset=\"https:\/\/www.festivalaudace.fr\/wp-content\/uploads\/2026\/03\/9Stage-lighting-with-a-fading-transition-effect-shifting-from-bright-to-dim-to-illustrate-day-to-night-change.webp 500w, https:\/\/www.festivalaudace.fr\/wp-content\/uploads\/2026\/03\/9Stage-lighting-with-a-fading-transition-effect-shifting-from-bright-to-dim-to-illustrate-day-to-night-change-300x300.webp 300w, https:\/\/www.festivalaudace.fr\/wp-content\/uploads\/2026\/03\/9Stage-lighting-with-a-fading-transition-effect-shifting-from-bright-to-dim-to-illustrate-day-to-night-change-150x150.webp 150w\" sizes=\"(max-width: 500px) 100vw, 500px\" \/>\t\t\t\t\t\t\t\t\t\t\t\t\t\t\t<\/div>\n\t\t\t\t<\/div>\n\t\t\t\t<\/div>\n\t\t\t\t\t<\/div>\n\t\t\t\t<\/div>\n\t\t<div class=\"elementor-element elementor-element-18ba92d e-con-full e-flex e-con e-parent\" data-id=\"18ba92d\" data-element_type=\"container\">\n\t\t\t\t<div class=\"elementor-element elementor-element-a8d8628 elementor-widget elementor-widget-text-editor\" data-id=\"a8d8628\" data-element_type=\"widget\" data-widget_type=\"text-editor.default\">\n\t\t\t\t<div class=\"elementor-widget-container\">\n\t\t\t\t\t\t\t\t\t<p>Rejoignez-nous pour soutenir l\u02bcart et l\u02bcinnovation!<\/p>\t\t\t\t\t\t\t\t<\/div>\n\t\t\t\t<\/div>\n\t\t\t\t<div class=\"elementor-element elementor-element-9da10ab elementor-widget elementor-widget-image\" data-id=\"9da10ab\" data-element_type=\"widget\" data-widget_type=\"image.default\">\n\t\t\t\t<div class=\"elementor-widget-container\">\n\t\t\t\t\t\t\t\t\t\t\t\t\t\t\t<img decoding=\"async\" width=\"768\" height=\"497\" src=\"https:\/\/www.festivalaudace.fr\/wp-content\/uploads\/2025\/07\/Capture-decran-2025-04-07-a-15.35.02-768x497.png\" class=\"attachment-medium_large size-medium_large wp-image-413\" alt=\"\" srcset=\"https:\/\/www.festivalaudace.fr\/wp-content\/uploads\/2025\/07\/Capture-decran-2025-04-07-a-15.35.02-768x497.png 768w, https:\/\/www.festivalaudace.fr\/wp-content\/uploads\/2025\/07\/Capture-decran-2025-04-07-a-15.35.02-300x194.png 300w, https:\/\/www.festivalaudace.fr\/wp-content\/uploads\/2025\/07\/Capture-decran-2025-04-07-a-15.35.02-1024x662.png 1024w, https:\/\/www.festivalaudace.fr\/wp-content\/uploads\/2025\/07\/Capture-decran-2025-04-07-a-15.35.02-1536x993.png 1536w, https:\/\/www.festivalaudace.fr\/wp-content\/uploads\/2025\/07\/Capture-decran-2025-04-07-a-15.35.02.png 2003w\" sizes=\"(max-width: 768px) 100vw, 768px\" \/>\t\t\t\t\t\t\t\t\t\t\t\t\t\t\t<\/div>\n\t\t\t\t<\/div>\n\t\t\t\t<div class=\"elementor-element elementor-element-8f1e23a elementor-widget elementor-widget-text-editor\" data-id=\"8f1e23a\" data-element_type=\"widget\" data-widget_type=\"text-editor.default\">\n\t\t\t\t<div class=\"elementor-widget-container\">\n\t\t\t\t\t\t\t\t\t<p>La Maison de l&rsquo;environnement 6 rue Haroun Tazieff 78114 Magny-les-Hameaux<\/p>\t\t\t\t\t\t\t\t<\/div>\n\t\t\t\t<\/div>\n\t\t\t\t<div class=\"elementor-element elementor-element-46c0ab1 elementor-widget elementor-widget-image\" data-id=\"46c0ab1\" data-element_type=\"widget\" data-widget_type=\"image.default\">\n\t\t\t\t<div class=\"elementor-widget-container\">\n\t\t\t\t\t\t\t\t\t\t\t\t\t\t\t<img decoding=\"async\" src=\"https:\/\/www.festivalaudace.fr\/wp-content\/uploads\/2025\/07\/logo-Magny.png\" title=\"logo-Magny\" alt=\"logo-Magny\" loading=\"lazy\" \/>\t\t\t\t\t\t\t\t\t\t\t\t\t\t\t<\/div>\n\t\t\t\t<\/div>\n\t\t<div class=\"elementor-element elementor-element-84e7342 e-flex e-con-boxed e-con e-child\" data-id=\"84e7342\" data-element_type=\"container\">\n\t\t\t\t\t<div class=\"e-con-inner\">\n\t\t\t\t<div class=\"elementor-element elementor-element-4d90bab elementor-widget elementor-widget-text-editor\" data-id=\"4d90bab\" data-element_type=\"widget\" data-widget_type=\"text-editor.default\">\n\t\t\t\t<div class=\"elementor-widget-container\">\n\t\t\t\t\t\t\t\t\t<p>La 2\u00e8me \u00e9dition aura lieu du Vendredi 2 au Dimanche 4 octobre 2026<\/p><p>Prix des places : 5\u20ac par spectacle \/20\u20ac le week-end (5 spectacles)\u00a0<\/p><p>Vous pourrez r\u00e9server vos places d\u00e9but juillet !\u00a0<\/p><p>Save the date !<\/p>\t\t\t\t\t\t\t\t<\/div>\n\t\t\t\t<\/div>\n\t\t\t\t\t<\/div>\n\t\t\t\t<\/div>\n\t\t\t\t<\/div>\n\t\t<div class=\"elementor-element elementor-element-7094ee6 e-flex e-con-boxed e-con e-parent\" data-id=\"7094ee6\" data-element_type=\"container\">\n\t\t\t\t\t<div class=\"e-con-inner\">\n\t\t\t\t<div class=\"elementor-element elementor-element-9e69478 elementor-widget__width-initial elementor-widget elementor-widget-image\" data-id=\"9e69478\" data-element_type=\"widget\" data-widget_type=\"image.default\">\n\t\t\t\t<div class=\"elementor-widget-container\">\n\t\t\t\t\t\t\t\t\t\t\t\t<figure class=\"wp-caption\">\n\t\t\t\t\t\t\t\t\t\t\t<a href=\"https:\/\/fncta.fr\/\">\n\t\t\t\t\t\t\t<img decoding=\"async\" width=\"150\" height=\"150\" src=\"https:\/\/www.festivalaudace.fr\/wp-content\/uploads\/2026\/04\/Nouveau-logo-fncta-150x150.png\" class=\"attachment-thumbnail size-thumbnail wp-image-2438\" alt=\"\" \/>\t\t\t\t\t\t\t\t<\/a>\n\t\t\t\t\t\t\t\t\t\t\t<figcaption class=\"widget-image-caption wp-caption-text\">Le Festival de l'audace est membre partenaire de la FNCTA (F\u00e9d\u00e9ration Nationale du Th\u00e9\u00e2tre Amateur)<\/figcaption>\n\t\t\t\t\t\t\t\t\t\t<\/figure>\n\t\t\t\t\t\t\t\t\t<\/div>\n\t\t\t\t<\/div>\n\t\t\t\t\t<\/div>\n\t\t\t\t<\/div>\n\t\t\t\t<\/div>\n\t\t","protected":false},"excerpt":{"rendered":"<p>Le Festival de l&rsquo;Audace, c&rsquo;est&#8230; mettre en valeur les compagnies amateures qui prennent des risques et proposent des mises en sce\u0300ne inventives. c\u00e9l\u00e9brer la cr\u00e9ativit\u00e9 et l\u02bcaudace des troupes d&rsquo;Ile-de-France. transformer la Maison de l\u02bcEnvironnement en une sc\u00e8ne vibrante o\u00f9 des artistes passionn\u00e9s partagent leurs talents. proposer des spectacles qui sortent des sentiers battus et [&hellip;]<\/p>\n","protected":false},"author":2,"featured_media":0,"parent":0,"menu_order":0,"comment_status":"closed","ping_status":"closed","template":"","meta":{"footnotes":""},"class_list":["post-81","page","type-page","status-publish","hentry"],"yoast_head":"<!-- This site is optimized with the Yoast SEO plugin v25.6 - https:\/\/yoast.com\/wordpress\/plugins\/seo\/ -->\n<title>Festival - Le Festival de l&#039;audace<\/title>\n<meta name=\"robots\" content=\"index, follow, max-snippet:-1, max-image-preview:large, max-video-preview:-1\" \/>\n<link rel=\"canonical\" href=\"https:\/\/www.festivalaudace.fr\/index.php\/about\/\" \/>\n<meta property=\"og:locale\" content=\"fr_FR\" \/>\n<meta property=\"og:type\" content=\"article\" \/>\n<meta property=\"og:title\" content=\"Festival - Le Festival de l&#039;audace\" \/>\n<meta property=\"og:description\" content=\"Le Festival de l&rsquo;Audace, c&rsquo;est&#8230; mettre en valeur les compagnies amateures qui prennent des risques et proposent des mises en sce\u0300ne inventives. c\u00e9l\u00e9brer la cr\u00e9ativit\u00e9 et l\u02bcaudace des troupes d&rsquo;Ile-de-France. transformer la Maison de l\u02bcEnvironnement en une sc\u00e8ne vibrante o\u00f9 des artistes passionn\u00e9s partagent leurs talents. proposer des spectacles qui sortent des sentiers battus et [&hellip;]\" \/>\n<meta property=\"og:url\" content=\"https:\/\/www.festivalaudace.fr\/index.php\/about\/\" \/>\n<meta property=\"og:site_name\" content=\"Le Festival de l&#039;audace\" \/>\n<meta property=\"article:publisher\" content=\"https:\/\/www.facebook.com\/LeFestivaldelaudace\/\" \/>\n<meta property=\"article:modified_time\" content=\"2026-04-01T14:20:22+00:00\" \/>\n<meta property=\"og:image\" content=\"https:\/\/www.festivalaudace.fr\/wp-content\/uploads\/2026\/03\/9Stage-lighting-with-a-fading-transition-effect-shifting-from-bright-to-dim-to-illustrate-day-to-night-change.webp\" \/>\n\t<meta property=\"og:image:width\" content=\"500\" \/>\n\t<meta property=\"og:image:height\" content=\"500\" \/>\n\t<meta property=\"og:image:type\" content=\"image\/webp\" \/>\n<meta name=\"twitter:card\" content=\"summary_large_image\" \/>\n<meta name=\"twitter:label1\" content=\"Dur\u00e9e de lecture estim\u00e9e\" \/>\n\t<meta name=\"twitter:data1\" content=\"2 minutes\" \/>\n<script type=\"application\/ld+json\" class=\"yoast-schema-graph\">{\"@context\":\"https:\/\/schema.org\",\"@graph\":[{\"@type\":\"WebPage\",\"@id\":\"https:\/\/www.festivalaudace.fr\/index.php\/about\/\",\"url\":\"https:\/\/www.festivalaudace.fr\/index.php\/about\/\",\"name\":\"Festival - Le Festival de l&#039;audace\",\"isPartOf\":{\"@id\":\"https:\/\/www.festivalaudace.fr\/#website\"},\"primaryImageOfPage\":{\"@id\":\"https:\/\/www.festivalaudace.fr\/index.php\/about\/#primaryimage\"},\"image\":{\"@id\":\"https:\/\/www.festivalaudace.fr\/index.php\/about\/#primaryimage\"},\"thumbnailUrl\":\"https:\/\/www.festivalaudace.fr\/wp-content\/uploads\/2026\/03\/9Stage-lighting-with-a-fading-transition-effect-shifting-from-bright-to-dim-to-illustrate-day-to-night-change.webp\",\"datePublished\":\"2025-05-22T20:18:32+00:00\",\"dateModified\":\"2026-04-01T14:20:22+00:00\",\"breadcrumb\":{\"@id\":\"https:\/\/www.festivalaudace.fr\/index.php\/about\/#breadcrumb\"},\"inLanguage\":\"fr-FR\",\"potentialAction\":[{\"@type\":\"ReadAction\",\"target\":[\"https:\/\/www.festivalaudace.fr\/index.php\/about\/\"]}]},{\"@type\":\"ImageObject\",\"inLanguage\":\"fr-FR\",\"@id\":\"https:\/\/www.festivalaudace.fr\/index.php\/about\/#primaryimage\",\"url\":\"https:\/\/www.festivalaudace.fr\/wp-content\/uploads\/2026\/03\/9Stage-lighting-with-a-fading-transition-effect-shifting-from-bright-to-dim-to-illustrate-day-to-night-change.webp\",\"contentUrl\":\"https:\/\/www.festivalaudace.fr\/wp-content\/uploads\/2026\/03\/9Stage-lighting-with-a-fading-transition-effect-shifting-from-bright-to-dim-to-illustrate-day-to-night-change.webp\",\"width\":500,\"height\":500},{\"@type\":\"BreadcrumbList\",\"@id\":\"https:\/\/www.festivalaudace.fr\/index.php\/about\/#breadcrumb\",\"itemListElement\":[{\"@type\":\"ListItem\",\"position\":1,\"name\":\"Accueil\",\"item\":\"https:\/\/www.festivalaudace.fr\/\"},{\"@type\":\"ListItem\",\"position\":2,\"name\":\"Festival\"}]},{\"@type\":\"WebSite\",\"@id\":\"https:\/\/www.festivalaudace.fr\/#website\",\"url\":\"https:\/\/www.festivalaudace.fr\/\",\"name\":\"Le Festival de l'audace\",\"description\":\"\",\"publisher\":{\"@id\":\"https:\/\/www.festivalaudace.fr\/#organization\"},\"potentialAction\":[{\"@type\":\"SearchAction\",\"target\":{\"@type\":\"EntryPoint\",\"urlTemplate\":\"https:\/\/www.festivalaudace.fr\/?s={search_term_string}\"},\"query-input\":{\"@type\":\"PropertyValueSpecification\",\"valueRequired\":true,\"valueName\":\"search_term_string\"}}],\"inLanguage\":\"fr-FR\"},{\"@type\":\"Organization\",\"@id\":\"https:\/\/www.festivalaudace.fr\/#organization\",\"name\":\"Le Festival de l'audace\",\"url\":\"https:\/\/www.festivalaudace.fr\/\",\"logo\":{\"@type\":\"ImageObject\",\"inLanguage\":\"fr-FR\",\"@id\":\"https:\/\/www.festivalaudace.fr\/#\/schema\/logo\/image\/\",\"url\":\"https:\/\/www.festivalaudace.fr\/wp-content\/uploads\/2025\/07\/cropped-logo-festival-audace.png\",\"contentUrl\":\"https:\/\/www.festivalaudace.fr\/wp-content\/uploads\/2025\/07\/cropped-logo-festival-audace.png\",\"width\":512,\"height\":512,\"caption\":\"Le Festival de l'audace\"},\"image\":{\"@id\":\"https:\/\/www.festivalaudace.fr\/#\/schema\/logo\/image\/\"},\"sameAs\":[\"https:\/\/www.facebook.com\/LeFestivaldelaudace\/\"]}]}<\/script>\n<!-- \/ Yoast SEO plugin. -->","yoast_head_json":{"title":"Festival - Le Festival de l&#039;audace","robots":{"index":"index","follow":"follow","max-snippet":"max-snippet:-1","max-image-preview":"max-image-preview:large","max-video-preview":"max-video-preview:-1"},"canonical":"https:\/\/www.festivalaudace.fr\/index.php\/about\/","og_locale":"fr_FR","og_type":"article","og_title":"Festival - Le Festival de l&#039;audace","og_description":"Le Festival de l&rsquo;Audace, c&rsquo;est&#8230; mettre en valeur les compagnies amateures qui prennent des risques et proposent des mises en sce\u0300ne inventives. c\u00e9l\u00e9brer la cr\u00e9ativit\u00e9 et l\u02bcaudace des troupes d&rsquo;Ile-de-France. transformer la Maison de l\u02bcEnvironnement en une sc\u00e8ne vibrante o\u00f9 des artistes passionn\u00e9s partagent leurs talents. proposer des spectacles qui sortent des sentiers battus et [&hellip;]","og_url":"https:\/\/www.festivalaudace.fr\/index.php\/about\/","og_site_name":"Le Festival de l&#039;audace","article_publisher":"https:\/\/www.facebook.com\/LeFestivaldelaudace\/","article_modified_time":"2026-04-01T14:20:22+00:00","og_image":[{"width":500,"height":500,"url":"https:\/\/www.festivalaudace.fr\/wp-content\/uploads\/2026\/03\/9Stage-lighting-with-a-fading-transition-effect-shifting-from-bright-to-dim-to-illustrate-day-to-night-change.webp","type":"image\/webp"}],"twitter_card":"summary_large_image","twitter_misc":{"Dur\u00e9e de lecture estim\u00e9e":"2 minutes"},"schema":{"@context":"https:\/\/schema.org","@graph":[{"@type":"WebPage","@id":"https:\/\/www.festivalaudace.fr\/index.php\/about\/","url":"https:\/\/www.festivalaudace.fr\/index.php\/about\/","name":"Festival - Le Festival de l&#039;audace","isPartOf":{"@id":"https:\/\/www.festivalaudace.fr\/#website"},"primaryImageOfPage":{"@id":"https:\/\/www.festivalaudace.fr\/index.php\/about\/#primaryimage"},"image":{"@id":"https:\/\/www.festivalaudace.fr\/index.php\/about\/#primaryimage"},"thumbnailUrl":"https:\/\/www.festivalaudace.fr\/wp-content\/uploads\/2026\/03\/9Stage-lighting-with-a-fading-transition-effect-shifting-from-bright-to-dim-to-illustrate-day-to-night-change.webp","datePublished":"2025-05-22T20:18:32+00:00","dateModified":"2026-04-01T14:20:22+00:00","breadcrumb":{"@id":"https:\/\/www.festivalaudace.fr\/index.php\/about\/#breadcrumb"},"inLanguage":"fr-FR","potentialAction":[{"@type":"ReadAction","target":["https:\/\/www.festivalaudace.fr\/index.php\/about\/"]}]},{"@type":"ImageObject","inLanguage":"fr-FR","@id":"https:\/\/www.festivalaudace.fr\/index.php\/about\/#primaryimage","url":"https:\/\/www.festivalaudace.fr\/wp-content\/uploads\/2026\/03\/9Stage-lighting-with-a-fading-transition-effect-shifting-from-bright-to-dim-to-illustrate-day-to-night-change.webp","contentUrl":"https:\/\/www.festivalaudace.fr\/wp-content\/uploads\/2026\/03\/9Stage-lighting-with-a-fading-transition-effect-shifting-from-bright-to-dim-to-illustrate-day-to-night-change.webp","width":500,"height":500},{"@type":"BreadcrumbList","@id":"https:\/\/www.festivalaudace.fr\/index.php\/about\/#breadcrumb","itemListElement":[{"@type":"ListItem","position":1,"name":"Accueil","item":"https:\/\/www.festivalaudace.fr\/"},{"@type":"ListItem","position":2,"name":"Festival"}]},{"@type":"WebSite","@id":"https:\/\/www.festivalaudace.fr\/#website","url":"https:\/\/www.festivalaudace.fr\/","name":"Le Festival de l'audace","description":"","publisher":{"@id":"https:\/\/www.festivalaudace.fr\/#organization"},"potentialAction":[{"@type":"SearchAction","target":{"@type":"EntryPoint","urlTemplate":"https:\/\/www.festivalaudace.fr\/?s={search_term_string}"},"query-input":{"@type":"PropertyValueSpecification","valueRequired":true,"valueName":"search_term_string"}}],"inLanguage":"fr-FR"},{"@type":"Organization","@id":"https:\/\/www.festivalaudace.fr\/#organization","name":"Le Festival de l'audace","url":"https:\/\/www.festivalaudace.fr\/","logo":{"@type":"ImageObject","inLanguage":"fr-FR","@id":"https:\/\/www.festivalaudace.fr\/#\/schema\/logo\/image\/","url":"https:\/\/www.festivalaudace.fr\/wp-content\/uploads\/2025\/07\/cropped-logo-festival-audace.png","contentUrl":"https:\/\/www.festivalaudace.fr\/wp-content\/uploads\/2025\/07\/cropped-logo-festival-audace.png","width":512,"height":512,"caption":"Le Festival de l'audace"},"image":{"@id":"https:\/\/www.festivalaudace.fr\/#\/schema\/logo\/image\/"},"sameAs":["https:\/\/www.facebook.com\/LeFestivaldelaudace\/"]}]}},"_links":{"self":[{"href":"https:\/\/www.festivalaudace.fr\/index.php\/wp-json\/wp\/v2\/pages\/81","targetHints":{"allow":["GET"]}}],"collection":[{"href":"https:\/\/www.festivalaudace.fr\/index.php\/wp-json\/wp\/v2\/pages"}],"about":[{"href":"https:\/\/www.festivalaudace.fr\/index.php\/wp-json\/wp\/v2\/types\/page"}],"author":[{"embeddable":true,"href":"https:\/\/www.festivalaudace.fr\/index.php\/wp-json\/wp\/v2\/users\/2"}],"replies":[{"embeddable":true,"href":"https:\/\/www.festivalaudace.fr\/index.php\/wp-json\/wp\/v2\/comments?post=81"}],"version-history":[{"count":115,"href":"https:\/\/www.festivalaudace.fr\/index.php\/wp-json\/wp\/v2\/pages\/81\/revisions"}],"predecessor-version":[{"id":2444,"href":"https:\/\/www.festivalaudace.fr\/index.php\/wp-json\/wp\/v2\/pages\/81\/revisions\/2444"}],"wp:attachment":[{"href":"https:\/\/www.festivalaudace.fr\/index.php\/wp-json\/wp\/v2\/media?parent=81"}],"curies":[{"name":"wp","href":"https:\/\/api.w.org\/{rel}","templated":true}]}}