{"id":83,"date":"2025-05-25T11:50:53","date_gmt":"2025-05-25T09:50:53","guid":{"rendered":"https:\/\/festivalaudace.fr\/?page_id=25"},"modified":"2026-03-24T17:01:24","modified_gmt":"2026-03-24T16:01:24","slug":"accueil-2","status":"publish","type":"page","link":"https:\/\/www.festivalaudace.fr\/","title":{"rendered":"Accueil"},"content":{"rendered":"\t\t<div data-elementor-type=\"wp-page\" data-elementor-id=\"83\" class=\"elementor elementor-83\">\n\t\t\t\t<div class=\"elementor-element elementor-element-62ef614e e-flex e-con-boxed e-con e-parent\" data-id=\"62ef614e\" data-element_type=\"container\">\n\t\t\t\t\t<div class=\"e-con-inner\">\n\t\t\t\t<div class=\"elementor-element elementor-element-a4ffaa6 elementor-widget elementor-widget-image\" data-id=\"a4ffaa6\" data-element_type=\"widget\" data-widget_type=\"image.default\">\n\t\t\t\t<div class=\"elementor-widget-container\">\n\t\t\t\t\t\t\t\t\t\t\t\t\t\t\t<img decoding=\"async\" src=\"https:\/\/www.festivalaudace.fr\/wp-content\/uploads\/elementor\/thumbs\/BCO.fb6e0563-2304-4ab8-ba16-c1542057ac9e-riyc94b0715p4w7l4wtzho9ekdw929wg31gsetdl4c.png\" title=\"BCO.fb6e0563-2304-4ab8-ba16-c1542057ac9e\" alt=\"BCO.fb6e0563-2304-4ab8-ba16-c1542057ac9e\" loading=\"lazy\" \/>\t\t\t\t\t\t\t\t\t\t\t\t\t\t\t<\/div>\n\t\t\t\t<\/div>\n\t\t\t\t<div class=\"elementor-element elementor-element-cf10252 elementor-widget elementor-widget-text-editor\" data-id=\"cf10252\" data-element_type=\"widget\" data-widget_type=\"text-editor.default\">\n\t\t\t\t<div class=\"elementor-widget-container\">\n\t\t\t\t\t\t\t\t\t<p>Bienvenue sur le site du Festival de l&rsquo;audace\u00a0<\/p>\t\t\t\t\t\t\t\t<\/div>\n\t\t\t\t<\/div>\n\t\t\t\t<div class=\"elementor-element elementor-element-9d7cef8 elementor-widget elementor-widget-heading\" data-id=\"9d7cef8\" data-element_type=\"widget\" data-widget_type=\"heading.default\">\n\t\t\t\t<div class=\"elementor-widget-container\">\n\t\t\t\t\t<h1 class=\"elementor-heading-title elementor-size-default\">Nous avons le plaisir de vous annoncer la 2\u00e8me \u00e9dition du Festival de l'audace <\/h1>\t\t\t\t<\/div>\n\t\t\t\t<\/div>\n\t\t\t\t<div class=\"elementor-element elementor-element-f32bb59 elementor-widget elementor-widget-text-editor\" data-id=\"f32bb59\" data-element_type=\"widget\" data-widget_type=\"text-editor.default\">\n\t\t\t\t<div class=\"elementor-widget-container\">\n\t\t\t\t\t\t\t\t\t<p>les vendredi 2, samedi 3 et dimanche 4 Octobre 2026\u00a0\u00a0<\/p>\t\t\t\t\t\t\t\t<\/div>\n\t\t\t\t<\/div>\n\t\t\t\t<div class=\"elementor-element elementor-element-7a5133a elementor-widget elementor-widget-text-editor\" data-id=\"7a5133a\" data-element_type=\"widget\" data-widget_type=\"text-editor.default\">\n\t\t\t\t<div class=\"elementor-widget-container\">\n\t\t\t\t\t\t\t\t\t<p>3 jours de festival riche et intense !\u00a0<\/p>\t\t\t\t\t\t\t\t<\/div>\n\t\t\t\t<\/div>\n\t\t<div class=\"elementor-element elementor-element-698e0c3 e-con-full e-flex e-con e-child\" data-id=\"698e0c3\" data-element_type=\"container\" data-settings=\"{&quot;background_background&quot;:&quot;classic&quot;}\">\n\t\t<div class=\"elementor-element elementor-element-7bf900d e-grid e-con-full e-con e-child\" data-id=\"7bf900d\" data-element_type=\"container\">\n\t\t<div class=\"elementor-element elementor-element-66ce584 e-con-full e-flex e-con e-child\" data-id=\"66ce584\" data-element_type=\"container\">\n\t\t\t\t<div class=\"elementor-element elementor-element-85eb693 elementor-widget elementor-widget-heading\" data-id=\"85eb693\" data-element_type=\"widget\" data-widget_type=\"heading.default\">\n\t\t\t\t<div class=\"elementor-widget-container\">\n\t\t\t\t\t<h1 class=\"elementor-heading-title elementor-size-default\">5<\/h1>\t\t\t\t<\/div>\n\t\t\t\t<\/div>\n\t\t\t\t<div class=\"elementor-element elementor-element-9349d70 elementor-widget elementor-widget-heading\" data-id=\"9349d70\" data-element_type=\"widget\" data-widget_type=\"heading.default\">\n\t\t\t\t<div class=\"elementor-widget-container\">\n\t\t\t\t\t<h2 class=\"elementor-heading-title elementor-size-default\">Troupes audacieuses<\/h2>\t\t\t\t<\/div>\n\t\t\t\t<\/div>\n\t\t\t\t<div class=\"elementor-element elementor-element-6b6cbf8 elementor-widget elementor-widget-text-editor\" data-id=\"6b6cbf8\" data-element_type=\"widget\" data-widget_type=\"text-editor.default\">\n\t\t\t\t<div class=\"elementor-widget-container\">\n\t\t\t\t\t\t\t\t\t<p>D\u00e9couvrez cinq troupes qui repoussent les limites du th\u00e9\u00e2tre amateur avec passion<\/p>\t\t\t\t\t\t\t\t<\/div>\n\t\t\t\t<\/div>\n\t\t\t\t<\/div>\n\t\t<div class=\"elementor-element elementor-element-ec7b2f5 e-con-full e-flex e-con e-child\" data-id=\"ec7b2f5\" data-element_type=\"container\">\n\t\t\t\t<div class=\"elementor-element elementor-element-069db37 elementor-widget elementor-widget-heading\" data-id=\"069db37\" data-element_type=\"widget\" data-widget_type=\"heading.default\">\n\t\t\t\t<div class=\"elementor-widget-container\">\n\t\t\t\t\t<h1 class=\"elementor-heading-title elementor-size-default\">1<\/h1>\t\t\t\t<\/div>\n\t\t\t\t<\/div>\n\t\t\t\t<div class=\"elementor-element elementor-element-a223289 elementor-widget elementor-widget-heading\" data-id=\"a223289\" data-element_type=\"widget\" data-widget_type=\"heading.default\">\n\t\t\t\t<div class=\"elementor-widget-container\">\n\t\t\t\t\t<h2 class=\"elementor-heading-title elementor-size-default\">Jury professionnel<\/h2>\t\t\t\t<\/div>\n\t\t\t\t<\/div>\n\t\t\t\t<div class=\"elementor-element elementor-element-c79392c elementor-widget elementor-widget-text-editor\" data-id=\"c79392c\" data-element_type=\"widget\" data-widget_type=\"text-editor.default\">\n\t\t\t\t<div class=\"elementor-widget-container\">\n\t\t\t\t\t\t\t\t\t<p>Un jury de 5 personnes qui \u00e9changera avec les compagnies et avec le public<\/p>\t\t\t\t\t\t\t\t<\/div>\n\t\t\t\t<\/div>\n\t\t\t\t<\/div>\n\t\t<div class=\"elementor-element elementor-element-be4fd9d e-con-full e-flex e-con e-child\" data-id=\"be4fd9d\" data-element_type=\"container\">\n\t\t\t\t<div class=\"elementor-element elementor-element-6d4a7c8 elementor-widget elementor-widget-heading\" data-id=\"6d4a7c8\" data-element_type=\"widget\" data-widget_type=\"heading.default\">\n\t\t\t\t<div class=\"elementor-widget-container\">\n\t\t\t\t\t<h1 class=\"elementor-heading-title elementor-size-default\">1 \u00e0 3<\/h1>\t\t\t\t<\/div>\n\t\t\t\t<\/div>\n\t\t\t\t<div class=\"elementor-element elementor-element-ac66a2f elementor-widget elementor-widget-heading\" data-id=\"ac66a2f\" data-element_type=\"widget\" data-widget_type=\"heading.default\">\n\t\t\t\t<div class=\"elementor-widget-container\">\n\t\t\t\t\t<h2 class=\"elementor-heading-title elementor-size-default\">Prix du jury<\/h2>\t\t\t\t<\/div>\n\t\t\t\t<\/div>\n\t\t\t\t<div class=\"elementor-element elementor-element-ff58887 elementor-widget elementor-widget-text-editor\" data-id=\"ff58887\" data-element_type=\"widget\" data-widget_type=\"text-editor.default\">\n\t\t\t\t<div class=\"elementor-widget-container\">\n\t\t\t\t\t\t\t\t\t<p>Le jury sera libre de donner de&nbsp; &nbsp;1 \u00e0 3 prix pour r\u00e9compenser l&rsquo;audace et le talent&nbsp;<\/p>\t\t\t\t\t\t\t\t<\/div>\n\t\t\t\t<\/div>\n\t\t\t\t<\/div>\n\t\t<div class=\"elementor-element elementor-element-33aed72 e-con-full e-flex e-con e-child\" data-id=\"33aed72\" data-element_type=\"container\">\n\t\t\t\t<div class=\"elementor-element elementor-element-aca5c18 elementor-widget elementor-widget-heading\" data-id=\"aca5c18\" data-element_type=\"widget\" data-widget_type=\"heading.default\">\n\t\t\t\t<div class=\"elementor-widget-container\">\n\t\t\t\t\t<h1 class=\"elementor-heading-title elementor-size-default\">1<\/h1>\t\t\t\t<\/div>\n\t\t\t\t<\/div>\n\t\t\t\t<div class=\"elementor-element elementor-element-e14e0cf elementor-widget elementor-widget-heading\" data-id=\"e14e0cf\" data-element_type=\"widget\" data-widget_type=\"heading.default\">\n\t\t\t\t<div class=\"elementor-widget-container\">\n\t\t\t\t\t<h2 class=\"elementor-heading-title elementor-size-default\">Prix du public<\/h2>\t\t\t\t<\/div>\n\t\t\t\t<\/div>\n\t\t\t\t<div class=\"elementor-element elementor-element-f51c717 elementor-widget elementor-widget-text-editor\" data-id=\"f51c717\" data-element_type=\"widget\" data-widget_type=\"text-editor.default\">\n\t\t\t\t<div class=\"elementor-widget-container\">\n\t\t\t\t\t\t\t\t\t<p>Les spectatrices et spectateurs qui auront vu les 5 pi\u00e8ces auront le plaisir de voter pour le prix du public<\/p>\t\t\t\t\t\t\t\t<\/div>\n\t\t\t\t<\/div>\n\t\t\t\t<\/div>\n\t\t\t\t<\/div>\n\t\t\t\t<\/div>\n\t\t\t\t\t<\/div>\n\t\t\t\t<\/div>\n\t\t<div class=\"elementor-element elementor-element-5b9e66e e-flex e-con-boxed e-con e-parent\" data-id=\"5b9e66e\" data-element_type=\"container\">\n\t\t\t\t\t<div class=\"e-con-inner\">\n\t\t<div class=\"elementor-element elementor-element-a3af210 e-con-full e-flex e-con e-child\" data-id=\"a3af210\" data-element_type=\"container\">\n\t\t\t\t<\/div>\n\t\t<div class=\"elementor-element elementor-element-3ec0fbb e-con-full e-flex e-con e-child\" data-id=\"3ec0fbb\" data-element_type=\"container\">\n\t\t\t\t<div class=\"elementor-element elementor-element-157ce29 elementor-widget elementor-widget-text-editor\" data-id=\"157ce29\" data-element_type=\"widget\" data-widget_type=\"text-editor.default\">\n\t\t\t\t<div class=\"elementor-widget-container\">\n\t\t\t\t\t\t\t\t\t<p>Venez applaudir des artistes talentueux et soutenez la sc\u00e8ne th\u00e9\u00e2trale francilienne!<\/p>\t\t\t\t\t\t\t\t<\/div>\n\t\t\t\t<\/div>\n\t\t\t\t<div class=\"elementor-element elementor-element-ccfc48c elementor-widget elementor-widget-text-editor\" data-id=\"ccfc48c\" data-element_type=\"widget\" data-widget_type=\"text-editor.default\">\n\t\t\t\t<div class=\"elementor-widget-container\">\n\t\t\t\t\t\t\t\t\t<p>D\u00e9couvrez le talent du Th\u00e9\u00e2tre Amateur\u00a0<\/p>\t\t\t\t\t\t\t\t<\/div>\n\t\t\t\t<\/div>\n\t\t\t\t<\/div>\n\t\t\t\t\t<\/div>\n\t\t\t\t<\/div>\n\t\t<div class=\"elementor-element elementor-element-62c8c03 e-flex e-con-boxed e-con e-parent\" data-id=\"62c8c03\" data-element_type=\"container\">\n\t\t\t\t\t<div class=\"e-con-inner\">\n\t\t\t\t<div class=\"elementor-element elementor-element-5938542 elementor-widget-divider--view-line elementor-widget elementor-widget-divider\" data-id=\"5938542\" data-element_type=\"widget\" data-widget_type=\"divider.default\">\n\t\t\t\t<div class=\"elementor-widget-container\">\n\t\t\t\t\t\t\t<div class=\"elementor-divider\">\n\t\t\t<span class=\"elementor-divider-separator\">\n\t\t\t\t\t\t<\/span>\n\t\t<\/div>\n\t\t\t\t\t\t<\/div>\n\t\t\t\t<\/div>\n\t\t\t\t<div class=\"elementor-element elementor-element-e2121af elementor-widget elementor-widget-text-editor\" data-id=\"e2121af\" data-element_type=\"widget\" data-widget_type=\"text-editor.default\">\n\t\t\t\t<div class=\"elementor-widget-container\">\n\t\t\t\t\t\t\t\t\t<p>Retrouvez-nous \u00e0 la Maison de l&rsquo;environnement, 6 rue Haroun Tazieff<\/p><p>78114 Magny-les-Hameaux pour un week-end th\u00e9\u00e2tral festif !\u00a0<\/p>\t\t\t\t\t\t\t\t<\/div>\n\t\t\t\t<\/div>\n\t\t\t\t\t<\/div>\n\t\t\t\t<\/div>\n\t\t<div class=\"elementor-element elementor-element-a282467 e-flex e-con-boxed e-con e-parent\" data-id=\"a282467\" data-element_type=\"container\">\n\t\t\t\t\t<div class=\"e-con-inner\">\n\t\t\t\t<div class=\"elementor-element elementor-element-613ebd1 elementor-widget elementor-widget-google_maps\" data-id=\"613ebd1\" data-element_type=\"widget\" data-widget_type=\"google_maps.default\">\n\t\t\t\t<div class=\"elementor-widget-container\">\n\t\t\t\t\t\t\t<div class=\"elementor-custom-embed\">\n\t\t\t<iframe loading=\"lazy\"\n\t\t\t\t\tsrc=\"https:\/\/maps.google.com\/maps?q=Maison%20de%20l%27environnement%2078114%20Magny-les-Hameaux&#038;t=m&#038;z=10&#038;output=embed&#038;iwloc=near\"\n\t\t\t\t\ttitle=\"Maison de l&#039;environnement 78114 Magny-les-Hameaux\"\n\t\t\t\t\taria-label=\"Maison de l&#039;environnement 78114 Magny-les-Hameaux\"\n\t\t\t><\/iframe>\n\t\t<\/div>\n\t\t\t\t\t\t<\/div>\n\t\t\t\t<\/div>\n\t\t\t\t\t<\/div>\n\t\t\t\t<\/div>\n\t\t<div class=\"elementor-element elementor-element-b82acbe e-flex e-con-boxed e-con e-parent\" data-id=\"b82acbe\" data-element_type=\"container\">\n\t\t\t\t\t<div class=\"e-con-inner\">\n\t\t\t\t\t<\/div>\n\t\t\t\t<\/div>\n\t\t\t\t<\/div>\n\t\t","protected":false},"excerpt":{"rendered":"<p>Bienvenue sur le site du Festival de l&rsquo;audace\u00a0 Nous avons le plaisir de vous annoncer la 2\u00e8me \u00e9dition du Festival de l&rsquo;audace les vendredi 2, samedi 3 et dimanche 4 Octobre 2026\u00a0\u00a0 3 jours de festival riche et intense !\u00a0 5 Troupes audacieuses D\u00e9couvrez cinq troupes qui repoussent les limites du th\u00e9\u00e2tre amateur avec passion [&hellip;]<\/p>\n","protected":false},"author":2,"featured_media":0,"parent":0,"menu_order":0,"comment_status":"closed","ping_status":"closed","template":"","meta":{"footnotes":""},"class_list":["post-83","page","type-page","status-publish","hentry"],"yoast_head":"<!-- This site is optimized with the Yoast SEO plugin v25.6 - https:\/\/yoast.com\/wordpress\/plugins\/seo\/ -->\n<title>Accueil - Le Festival de l&#039;audace<\/title>\n<meta name=\"robots\" content=\"index, follow, max-snippet:-1, max-image-preview:large, max-video-preview:-1\" \/>\n<link rel=\"canonical\" href=\"https:\/\/www.festivalaudace.fr\/\" \/>\n<meta property=\"og:locale\" content=\"fr_FR\" \/>\n<meta property=\"og:type\" content=\"article\" \/>\n<meta property=\"og:title\" content=\"Accueil - Le Festival de l&#039;audace\" \/>\n<meta property=\"og:description\" content=\"Bienvenue sur le site du Festival de l&rsquo;audace\u00a0 Nous avons le plaisir de vous annoncer la 2\u00e8me \u00e9dition du Festival de l&rsquo;audace les vendredi 2, samedi 3 et dimanche 4 Octobre 2026\u00a0\u00a0 3 jours de festival riche et intense !\u00a0 5 Troupes audacieuses D\u00e9couvrez cinq troupes qui repoussent les limites du th\u00e9\u00e2tre amateur avec passion [&hellip;]\" \/>\n<meta property=\"og:url\" content=\"https:\/\/www.festivalaudace.fr\/\" \/>\n<meta property=\"og:site_name\" content=\"Le Festival de l&#039;audace\" \/>\n<meta property=\"article:publisher\" content=\"https:\/\/www.facebook.com\/LeFestivaldelaudace\/\" \/>\n<meta property=\"article:modified_time\" content=\"2026-03-24T16:01:24+00:00\" \/>\n<meta property=\"og:image\" content=\"https:\/\/www.festivalaudace.fr\/wp-content\/uploads\/elementor\/thumbs\/BCO.fb6e0563-2304-4ab8-ba16-c1542057ac9e-riyc94b0715p4w7l4wtzho9ekdw929wg31gsetdl4c.png\" \/>\n<meta name=\"twitter:card\" content=\"summary_large_image\" \/>\n<meta name=\"twitter:label1\" content=\"Dur\u00e9e de lecture estim\u00e9e\" \/>\n\t<meta name=\"twitter:data1\" content=\"1 minute\" \/>\n<script type=\"application\/ld+json\" class=\"yoast-schema-graph\">{\"@context\":\"https:\/\/schema.org\",\"@graph\":[{\"@type\":\"WebPage\",\"@id\":\"https:\/\/www.festivalaudace.fr\/\",\"url\":\"https:\/\/www.festivalaudace.fr\/\",\"name\":\"Accueil - Le Festival de l&#039;audace\",\"isPartOf\":{\"@id\":\"https:\/\/www.festivalaudace.fr\/#website\"},\"primaryImageOfPage\":{\"@id\":\"https:\/\/www.festivalaudace.fr\/#primaryimage\"},\"image\":{\"@id\":\"https:\/\/www.festivalaudace.fr\/#primaryimage\"},\"thumbnailUrl\":\"https:\/\/www.festivalaudace.fr\/wp-content\/uploads\/elementor\/thumbs\/BCO.fb6e0563-2304-4ab8-ba16-c1542057ac9e-riyc94b0715p4w7l4wtzho9ekdw929wg31gsetdl4c.png\",\"datePublished\":\"2025-05-25T09:50:53+00:00\",\"dateModified\":\"2026-03-24T16:01:24+00:00\",\"breadcrumb\":{\"@id\":\"https:\/\/www.festivalaudace.fr\/#breadcrumb\"},\"inLanguage\":\"fr-FR\",\"potentialAction\":[{\"@type\":\"ReadAction\",\"target\":[\"https:\/\/www.festivalaudace.fr\/\"]}]},{\"@type\":\"ImageObject\",\"inLanguage\":\"fr-FR\",\"@id\":\"https:\/\/www.festivalaudace.fr\/#primaryimage\",\"url\":\"https:\/\/www.festivalaudace.fr\/wp-content\/uploads\/elementor\/thumbs\/BCO.fb6e0563-2304-4ab8-ba16-c1542057ac9e-riyc94b0715p4w7l4wtzho9ekdw929wg31gsetdl4c.png\",\"contentUrl\":\"https:\/\/www.festivalaudace.fr\/wp-content\/uploads\/elementor\/thumbs\/BCO.fb6e0563-2304-4ab8-ba16-c1542057ac9e-riyc94b0715p4w7l4wtzho9ekdw929wg31gsetdl4c.png\"},{\"@type\":\"BreadcrumbList\",\"@id\":\"https:\/\/www.festivalaudace.fr\/#breadcrumb\",\"itemListElement\":[{\"@type\":\"ListItem\",\"position\":1,\"name\":\"Accueil\",\"item\":\"https:\/\/www.festivalaudace.fr\/\"},{\"@type\":\"ListItem\",\"position\":2,\"name\":\"Accueil\"}]},{\"@type\":\"WebSite\",\"@id\":\"https:\/\/www.festivalaudace.fr\/#website\",\"url\":\"https:\/\/www.festivalaudace.fr\/\",\"name\":\"Le Festival de l'audace\",\"description\":\"\",\"publisher\":{\"@id\":\"https:\/\/www.festivalaudace.fr\/#organization\"},\"potentialAction\":[{\"@type\":\"SearchAction\",\"target\":{\"@type\":\"EntryPoint\",\"urlTemplate\":\"https:\/\/www.festivalaudace.fr\/?s={search_term_string}\"},\"query-input\":{\"@type\":\"PropertyValueSpecification\",\"valueRequired\":true,\"valueName\":\"search_term_string\"}}],\"inLanguage\":\"fr-FR\"},{\"@type\":\"Organization\",\"@id\":\"https:\/\/www.festivalaudace.fr\/#organization\",\"name\":\"Le Festival de l'audace\",\"url\":\"https:\/\/www.festivalaudace.fr\/\",\"logo\":{\"@type\":\"ImageObject\",\"inLanguage\":\"fr-FR\",\"@id\":\"https:\/\/www.festivalaudace.fr\/#\/schema\/logo\/image\/\",\"url\":\"https:\/\/www.festivalaudace.fr\/wp-content\/uploads\/2025\/07\/cropped-logo-festival-audace.png\",\"contentUrl\":\"https:\/\/www.festivalaudace.fr\/wp-content\/uploads\/2025\/07\/cropped-logo-festival-audace.png\",\"width\":512,\"height\":512,\"caption\":\"Le Festival de l'audace\"},\"image\":{\"@id\":\"https:\/\/www.festivalaudace.fr\/#\/schema\/logo\/image\/\"},\"sameAs\":[\"https:\/\/www.facebook.com\/LeFestivaldelaudace\/\"]}]}<\/script>\n<!-- \/ Yoast SEO plugin. -->","yoast_head_json":{"title":"Accueil - Le Festival de l&#039;audace","robots":{"index":"index","follow":"follow","max-snippet":"max-snippet:-1","max-image-preview":"max-image-preview:large","max-video-preview":"max-video-preview:-1"},"canonical":"https:\/\/www.festivalaudace.fr\/","og_locale":"fr_FR","og_type":"article","og_title":"Accueil - Le Festival de l&#039;audace","og_description":"Bienvenue sur le site du Festival de l&rsquo;audace\u00a0 Nous avons le plaisir de vous annoncer la 2\u00e8me \u00e9dition du Festival de l&rsquo;audace les vendredi 2, samedi 3 et dimanche 4 Octobre 2026\u00a0\u00a0 3 jours de festival riche et intense !\u00a0 5 Troupes audacieuses D\u00e9couvrez cinq troupes qui repoussent les limites du th\u00e9\u00e2tre amateur avec passion [&hellip;]","og_url":"https:\/\/www.festivalaudace.fr\/","og_site_name":"Le Festival de l&#039;audace","article_publisher":"https:\/\/www.facebook.com\/LeFestivaldelaudace\/","article_modified_time":"2026-03-24T16:01:24+00:00","og_image":[{"url":"https:\/\/www.festivalaudace.fr\/wp-content\/uploads\/elementor\/thumbs\/BCO.fb6e0563-2304-4ab8-ba16-c1542057ac9e-riyc94b0715p4w7l4wtzho9ekdw929wg31gsetdl4c.png","type":"","width":"","height":""}],"twitter_card":"summary_large_image","twitter_misc":{"Dur\u00e9e de lecture estim\u00e9e":"1 minute"},"schema":{"@context":"https:\/\/schema.org","@graph":[{"@type":"WebPage","@id":"https:\/\/www.festivalaudace.fr\/","url":"https:\/\/www.festivalaudace.fr\/","name":"Accueil - Le Festival de l&#039;audace","isPartOf":{"@id":"https:\/\/www.festivalaudace.fr\/#website"},"primaryImageOfPage":{"@id":"https:\/\/www.festivalaudace.fr\/#primaryimage"},"image":{"@id":"https:\/\/www.festivalaudace.fr\/#primaryimage"},"thumbnailUrl":"https:\/\/www.festivalaudace.fr\/wp-content\/uploads\/elementor\/thumbs\/BCO.fb6e0563-2304-4ab8-ba16-c1542057ac9e-riyc94b0715p4w7l4wtzho9ekdw929wg31gsetdl4c.png","datePublished":"2025-05-25T09:50:53+00:00","dateModified":"2026-03-24T16:01:24+00:00","breadcrumb":{"@id":"https:\/\/www.festivalaudace.fr\/#breadcrumb"},"inLanguage":"fr-FR","potentialAction":[{"@type":"ReadAction","target":["https:\/\/www.festivalaudace.fr\/"]}]},{"@type":"ImageObject","inLanguage":"fr-FR","@id":"https:\/\/www.festivalaudace.fr\/#primaryimage","url":"https:\/\/www.festivalaudace.fr\/wp-content\/uploads\/elementor\/thumbs\/BCO.fb6e0563-2304-4ab8-ba16-c1542057ac9e-riyc94b0715p4w7l4wtzho9ekdw929wg31gsetdl4c.png","contentUrl":"https:\/\/www.festivalaudace.fr\/wp-content\/uploads\/elementor\/thumbs\/BCO.fb6e0563-2304-4ab8-ba16-c1542057ac9e-riyc94b0715p4w7l4wtzho9ekdw929wg31gsetdl4c.png"},{"@type":"BreadcrumbList","@id":"https:\/\/www.festivalaudace.fr\/#breadcrumb","itemListElement":[{"@type":"ListItem","position":1,"name":"Accueil","item":"https:\/\/www.festivalaudace.fr\/"},{"@type":"ListItem","position":2,"name":"Accueil"}]},{"@type":"WebSite","@id":"https:\/\/www.festivalaudace.fr\/#website","url":"https:\/\/www.festivalaudace.fr\/","name":"Le Festival de l'audace","description":"","publisher":{"@id":"https:\/\/www.festivalaudace.fr\/#organization"},"potentialAction":[{"@type":"SearchAction","target":{"@type":"EntryPoint","urlTemplate":"https:\/\/www.festivalaudace.fr\/?s={search_term_string}"},"query-input":{"@type":"PropertyValueSpecification","valueRequired":true,"valueName":"search_term_string"}}],"inLanguage":"fr-FR"},{"@type":"Organization","@id":"https:\/\/www.festivalaudace.fr\/#organization","name":"Le Festival de l'audace","url":"https:\/\/www.festivalaudace.fr\/","logo":{"@type":"ImageObject","inLanguage":"fr-FR","@id":"https:\/\/www.festivalaudace.fr\/#\/schema\/logo\/image\/","url":"https:\/\/www.festivalaudace.fr\/wp-content\/uploads\/2025\/07\/cropped-logo-festival-audace.png","contentUrl":"https:\/\/www.festivalaudace.fr\/wp-content\/uploads\/2025\/07\/cropped-logo-festival-audace.png","width":512,"height":512,"caption":"Le Festival de l'audace"},"image":{"@id":"https:\/\/www.festivalaudace.fr\/#\/schema\/logo\/image\/"},"sameAs":["https:\/\/www.facebook.com\/LeFestivaldelaudace\/"]}]}},"_links":{"self":[{"href":"https:\/\/www.festivalaudace.fr\/index.php\/wp-json\/wp\/v2\/pages\/83","targetHints":{"allow":["GET"]}}],"collection":[{"href":"https:\/\/www.festivalaudace.fr\/index.php\/wp-json\/wp\/v2\/pages"}],"about":[{"href":"https:\/\/www.festivalaudace.fr\/index.php\/wp-json\/wp\/v2\/types\/page"}],"author":[{"embeddable":true,"href":"https:\/\/www.festivalaudace.fr\/index.php\/wp-json\/wp\/v2\/users\/2"}],"replies":[{"embeddable":true,"href":"https:\/\/www.festivalaudace.fr\/index.php\/wp-json\/wp\/v2\/comments?post=83"}],"version-history":[{"count":155,"href":"https:\/\/www.festivalaudace.fr\/index.php\/wp-json\/wp\/v2\/pages\/83\/revisions"}],"predecessor-version":[{"id":2344,"href":"https:\/\/www.festivalaudace.fr\/index.php\/wp-json\/wp\/v2\/pages\/83\/revisions\/2344"}],"wp:attachment":[{"href":"https:\/\/www.festivalaudace.fr\/index.php\/wp-json\/wp\/v2\/media?parent=83"}],"curies":[{"name":"wp","href":"https:\/\/api.w.org\/{rel}","templated":true}]}}